{"id":6,"date":"2018-10-05T02:55:55","date_gmt":"2018-10-05T02:55:55","guid":{"rendered":"https:\/\/www.ifop.cl\/enfoque-ecosistemico\/?page_id=6"},"modified":"2023-02-16T15:46:48","modified_gmt":"2023-02-16T15:46:48","slug":"proyecto-seafishman","status":"publish","type":"page","link":"https:\/\/www.ifop.cl\/enfoque-ecosistemico\/proyecto-seafishman\/","title":{"rendered":"Proyecto  SEAFISHMAN"},"content":{"rendered":"<h3>INTRODUCCI\u00d3N<\/h3>\n<p>El proyecto \u201c<em>Supporting the ecosystem approach to fisheries management through scientific research &#038;capacity building in the framework of Chilean benthic fishery management committees<\/em>\u201d (SEAFISHMAN) es desarrollado por IFOP gracias al aporte de la Walton Family Foundation y tiene una duraci\u00f3n de 18 meses: desde enero de 2018 a junio de 2019.<\/p>\n<p>El prop\u00f3sito del proyecto es contribuir a la sustentabilidad de cuatro pesquer\u00edas bent\u00f3nicas desarrolladas en la zona sur de Chile, bas\u00e1ndose en el Enfoque Ecosist\u00e9mico del Manejo de las Pesquer\u00edas (EAFM, por sus siglas en ingl\u00e9s). Las cuatro pesquer\u00edas seleccionadas son 1) centolla y centoll\u00f3n de la Regi\u00f3n de Magallanes y Ant\u00e1rtica Chilena; 2) crust\u00e1ceos bent\u00f3nicos de la provincia de Chilo\u00e9;3) huepo, navajuela, choro y chorito en Bah\u00eda de Corral; 4) huepo y navajuela y taquilla en el golfo de Arauco.<\/p>\n<p>Con la informaci\u00f3n cient\u00edfica y la participaci\u00f3n de los comit\u00e9s de manejo de las cuatro pesquer\u00edas nos proponemos construir modelos conceptuales y modelos cualitativos para entender c\u00f3mo funcionan estos sistemas socioecol\u00f3gicos. Estos modelos nos ayudar\u00e1n a determinar sus variables m\u00e1s relevantes y las interacciones entre ellas.<\/p>\n<div class=\"row\">\n<div class=\"col-md-4\"><img decoding=\"async\" src=\"http:\/\/www.ifop.cl\/enfoque-ecosistemico\/wp-content\/uploads\/sites\/19\/2018\/10\/seafishman_html_47ce36901aa8cc31.jpg\" width=\"376\" border=\"0\" hspace=\"1\" \/><\/div>\n<div class=\"col-md-4\"><img decoding=\"async\" src=\"http:\/\/www.ifop.cl\/enfoque-ecosistemico\/wp-content\/uploads\/sites\/19\/2018\/10\/seafishman_html_d62d7417dcd5f669.jpg\" width=\"376\" border=\"0\" hspace=\"1\" \/><\/div>\n<div class=\"col-md-4\"><img decoding=\"async\" src=\"http:\/\/www.ifop.cl\/enfoque-ecosistemico\/wp-content\/uploads\/sites\/19\/2018\/10\/seafishman_html_90eccd02bb8f6b6d.jpg\" width=\"376\" border=\"0\" hspace=\"1\" \/><\/div>\n<\/div>\n<p>Los modelos cualitativos que se generen ser\u00e1n un aporte para los planes de manejo elaborados para estas pesquer\u00edas.<\/p>\n<h3>QUI\u00c9NES SOMOS<\/h3>\n<p>El proyecto SEAFISHMAN es ejecutado por un equipo multidisciplinario de investigadores de IFOP compuesto por:<\/p>\n<div class=\"row\">\n<div class=\"col-md-3 border\">\n<div class=\"panel panel-primary\">\n<div class=\"panel-body\">\n<p><img decoding=\"async\" class=\"center-block\" src=\"http:\/\/www.ifop.cl\/enfoque-ecosistemico\/wp-content\/uploads\/sites\/19\/2018\/11\/carlos_montenegro.jpg\" \/><\/p>\n<div class=\"caption text-center\">Carlos Montenegro Silva<br \/>\nPh. D., evaluaci\u00f3n de pesquer\u00edas<br \/>\nDirector proyecto<\/div>\n<\/div>\n<\/div>\n<\/div>\n<div class=\"col-md-3 border\">\n<div class=\"panel panel-primary\">\n<div class=\"panel-body\">\n<p><img decoding=\"async\" class=\"center-block\" src=\"http:\/\/www.ifop.cl\/enfoque-ecosistemico\/wp-content\/uploads\/sites\/19\/2018\/11\/rosa_garay.jpg\" \/><\/p>\n<div class=\"caption text-center\">Rosa Garay-Fl\u00fchmann<br \/>\nPh. D., Ecolog\u00eda Social<br \/>\nCoordinadora proyecto<\/div>\n<\/div>\n<\/div>\n<\/div>\n<\/div>\n<h4>Investigadores<\/h4>\n<div class=\"row row-flex row-flex-wrap\">\n<div class=\"col-md-3 border\">\n<div class=\"panel panel-primary\">\n<div class=\"panel-body\">\n<p><img loading=\"lazy\" decoding=\"async\" class=\"center-block\" src=\"http:\/\/www.ifop.cl\/enfoque-ecosistemico\/wp-content\/uploads\/sites\/19\/2018\/10\/seafishman_html_8eef18e85e27c730.png\" width=\"173\" height=\"160\" \/><\/p>\n<div class=\"caption text-center\">Eduardo Almonacid R\u00edoseco, Doctor en Ecolog\u00eda y Gesti\u00f3n de Recursos Vivos Marinos. Especialista en evaluaci\u00f3n de pesquer\u00edas<\/div>\n<\/div>\n<\/div>\n<\/div>\n<div class=\"col-md-3 border\">\n<div class=\"panel panel-primary\">\n<div class=\"panel-body\">\n<p><img loading=\"lazy\" decoding=\"async\" class=\"center-block\" src=\"http:\/\/www.ifop.cl\/enfoque-ecosistemico\/wp-content\/uploads\/sites\/19\/2018\/10\/seafishman_html_70395106f8238e00.png\" width=\"131\" height=\"160\" \/><\/p>\n<div class=\"caption text-center\">Nancy Barahona Toledo, Mag\u00edster en Educaci\u00f3n Ambiental. Especialista en evaluaci\u00f3n de pesquer\u00edas<\/div>\n<\/div>\n<\/div>\n<\/div>\n<div class=\"col-md-3 border\">\n<div class=\"panel panel-primary\">\n<div class=\"panel-body\">\n<p><img loading=\"lazy\" decoding=\"async\" class=\"center-block\" src=\"http:\/\/www.ifop.cl\/enfoque-ecosistemico\/wp-content\/uploads\/sites\/19\/2018\/11\/lesly_garay.jpg\" width=\"149\" height=\"160\" \/><\/p>\n<div class=\"caption text-center\">Leslie Garay-Narv\u00e1ez, Ph. D., Modelamiento Cualitativo.<\/div>\n<\/div>\n<\/div>\n<\/div>\n<div class=\"col-md-3 border\">\n<div class=\"panel panel-primary\">\n<div class=\"panel-body\">\n<p><img loading=\"lazy\" decoding=\"async\" class=\"center-block\" src=\"http:\/\/www.ifop.cl\/enfoque-ecosistemico\/wp-content\/uploads\/sites\/19\/2018\/10\/seafishman_html_b3f416afe3b77af1.jpg\" width=\"213\" height=\"160\" \/><\/p>\n<div class=\"caption text-center\">Andr\u00e9s Olgu\u00edn Ibacahe, Mag\u00edster en Gesti\u00f3n de Recursos Acu\u00e1ticos y Acuicultura. Especialista en evaluaci\u00f3n de pesquer\u00edas.<\/div>\n<\/div>\n<\/div>\n<\/div>\n<\/div>\n<div class=\"row row-flex row-flex-wrap\">\n<div class=\"col-md-3 border\">\n<div class=\"panel panel-primary\">\n<div class=\"panel-body\">\n<p><img loading=\"lazy\" decoding=\"async\" class=\"center-block\" src=\"http:\/\/www.ifop.cl\/enfoque-ecosistemico\/wp-content\/uploads\/sites\/19\/2018\/10\/elizabeth.jpg\" width=\"120\" height=\"160\" \/><\/p>\n<div class=\"caption text-center\">Elizabeth Palta Vega, Ingeniera Pesquero. Especialista en evaluaci\u00f3n de pesquer\u00edas.<\/div>\n<\/div>\n<\/div>\n<\/div>\n<div class=\"col-md-3 border\">\n<div class=\"panel panel-primary\">\n<div class=\"panel-body\">\n<p><img loading=\"lazy\" decoding=\"async\" class=\"center-block\" src=\"http:\/\/www.ifop.cl\/enfoque-ecosistemico\/wp-content\/uploads\/sites\/19\/2018\/10\/johanna.jpg\" width=\"121\" height=\"160\" \/><\/p>\n<div class=\"caption text-center\">Johanna Rojas Rojo, Ingeniera en Gesti\u00f3n Industrial e Ingeniera en Ejecuci\u00f3n en Acuicultura. Especialista en evaluaci\u00f3n de pesquer\u00edas.<\/div>\n<\/div>\n<\/div>\n<\/div>\n<div class=\"col-md-3 border\">\n<div class=\"panel panel-primary\">\n<div class=\"panel-body\">\n<p><img decoding=\"async\" class=\"center-block\" src=\"http:\/\/www.ifop.cl\/enfoque-ecosistemico\/wp-content\/uploads\/sites\/19\/2018\/11\/Carlos_Techeira.jpg\" height=\"160\" \/><\/p>\n<div class=\"caption text-center\">Carlos Techeira Tapia, Magister en Oceanograf\u00eda. Especialista en evaluaci\u00f3n de pesquer\u00edas<\/div>\n<\/div>\n<\/div>\n<\/div>\n<div class=\"col-md-3\"><\/div>\n<\/div>\n<h3>III. CON QUI\u00c9NES TRABAJAMOS<\/h3>\n<p>El proyecto SEAFISHMAN se desarrollar\u00e1 con cuatro Comit\u00e9s de Manejo:<\/p>\n<div class=\"row\">\n<div class=\"col-md-2\"><img loading=\"lazy\" decoding=\"async\" src=\"http:\/\/www.ifop.cl\/enfoque-ecosistemico\/wp-content\/uploads\/sites\/19\/2018\/10\/seafishman_html_715379c85631223d.png\" width=\"108\" height=\"101\" name=\"10 Imagen\" align=\"bottom\" border=\"0\" \/><\/div>\n<div class=\"col-md-10\"><b>Comit\u00e9 de Manejo de la Pesquer\u00eda de Crust\u00e1ceos Bent\u00f3nicos de la Provincia de Chilo\u00e9, X Regi\u00f3n de los Lagos<\/b><\/div>\n<\/div>\n<div class=\"row\">\n<div class=\"col-md-2\"><img loading=\"lazy\" decoding=\"async\" src=\"http:\/\/www.ifop.cl\/enfoque-ecosistemico\/wp-content\/uploads\/sites\/19\/2018\/10\/seafishman_html_e6e2125c48056d74.png\" width=\"93\" height=\"94\" name=\"11 Imagen\" align=\"left\" border=\"0\" hspace=\"15\" \/><\/div>\n<div class=\"col-md-10\"><b>Comit\u00e9 de Manejo del Golfo de Arauco para las Pesquer\u00edas de Huepo, Navajuela y Taquilla<\/b><\/p>\n<p>Hemos realizado dos talleres para la construcci\u00f3n del modelo cualitativo de las pesquer\u00edas bent\u00f3nicas de moluscos en el Golfo de Arauco.<\/p><\/div>\n<div class=\"row \">\n<div class=\"col-md-3\"><img decoding=\"async\" class=\"img-thumbnail\" src=\"http:\/\/www.ifop.cl\/enfoque-ecosistemico\/wp-content\/uploads\/sites\/19\/2018\/10\/seafishman_html_e60e73d55239d87.jpg\" width=\"200\" \/><\/div>\n<div class=\"col-md-3\"><img decoding=\"async\" class=\"img-thumbnail\" src=\"http:\/\/www.ifop.cl\/enfoque-ecosistemico\/wp-content\/uploads\/sites\/19\/2018\/10\/seafishman_html_cde2e83f26a5be78.jpg\" width=\"200\" \/><\/div>\n<\/div>\n<\/div>\n<div class=\"row\">\n<div class=\"col-md-2\"><img loading=\"lazy\" decoding=\"async\" src=\"http:\/\/www.ifop.cl\/enfoque-ecosistemico\/wp-content\/uploads\/sites\/19\/2018\/10\/seafishman_html_44183161dc60b330.png\" width=\"92\" height=\"94\" name=\"Image1\" align=\"left\" border=\"0\" hspace=\"16\" \/><\/div>\n<div class=\"col-md-10\"><b>Comit\u00e9 de Manejo de Bah\u00eda de Corral para las Pesquer\u00edas de Huepo, Navajuela, Choro y Chorito<\/b><\/p>\n<p>Con el Comit\u00e9 de Manejo de Bah\u00eda de Corral hemos realizado talleres y entrevistas con los pescadores de Niebla para la construcci\u00f3n de los modelos cualitativos de sus pesquer\u00edas.<\/p><\/div>\n<div class=\"row \">\n<div class=\"col-md-3\"><img decoding=\"async\" class=\"img-thumbnail\" src=\"http:\/\/www.ifop.cl\/enfoque-ecosistemico\/wp-content\/uploads\/sites\/19\/2018\/10\/seafishman_html_3c25d753d2b3bbf6.jpg\" width=\"200\" \/><\/div>\n<div class=\"col-md-3\"><img decoding=\"async\" class=\"img-thumbnail\" src=\"http:\/\/www.ifop.cl\/enfoque-ecosistemico\/wp-content\/uploads\/sites\/19\/2018\/10\/seafishman_html_1e09e02ed0758b52.jpg\" width=\"200\" \/><\/div>\n<\/div>\n<\/div>\n<div class=\"row\">\n<div class=\"col-md-2\"><img loading=\"lazy\" decoding=\"async\" src=\"http:\/\/www.ifop.cl\/enfoque-ecosistemico\/wp-content\/uploads\/sites\/19\/2018\/10\/seafishman_html_a34a234a9a44853a.jpg\" width=\"264\" height=\"81\" name=\"13 Imagen\" align=\"left\" border=\"0\" hspace=\"15\" \/><\/div>\n<div class=\"col-md-10\"><b>Comit\u00e9 de Manejo de Centolla y Centoll\u00f3n, Regi\u00f3n de Magallanes y de la Ant\u00e1rtida Chilena.<\/b><\/p>\n<p>En Punta Arenas nos hemos reunido con los miembros del Comit\u00e9 de Manejo de centolla y centoll\u00f3n, a fin de construir conjuntamente su complejo sistema de pesquer\u00eda.<\/p>\n<div class=\"row \">\n<div class=\"col-md-3\"><img decoding=\"async\" class=\"img-thumbnail\" src=\"http:\/\/www.ifop.cl\/enfoque-ecosistemico\/wp-content\/uploads\/sites\/19\/2018\/10\/seafishman_html_3f8bc297e44f83b1.jpg\" width=\"200\" \/><\/div>\n<div class=\"col-md-3\"><img decoding=\"async\" class=\"img-thumbnail\" src=\"http:\/\/www.ifop.cl\/enfoque-ecosistemico\/wp-content\/uploads\/sites\/19\/2018\/10\/seafishman_html_418bb942c884177a.jpg\" width=\"200\" \/><\/div>\n<\/div>\n<\/div>\n<\/div>\n<h3>Resumen del proyecto<\/h3>\n<div class=\"row\">\n<div class=\"col-sm-6 col-md-4\">\n<div class=\"thumbnail\">\n<p><a href=\"http:\/\/www.ifop.cl\/enfoque-ecosistemico\/wp-content\/uploads\/sites\/19\/2019\/01\/Folleto_SEAFISHMAN_Project_.pdf\" target=\"_blank\" rel=\"noopener noreferrer\"><img decoding=\"async\" src=\"http:\/\/www.ifop.cl\/enfoque-ecosistemico\/wp-content\/uploads\/sites\/19\/2019\/01\/Folleto_Proyecto_SEAFISHMAN.jpg\" alt=\"\" width=\"\" \/><\/a><\/p>\n<div class=\"caption\">\n<h3><a href=\"http:\/\/www.ifop.cl\/enfoque-ecosistemico\/wp-content\/uploads\/sites\/19\/2019\/01\/Folleto_SEAFISHMAN_Project_.pdf\" target=\"_blank\" rel=\"noopener noreferrer\">Proyecto SEAFISHMAN: <\/a><\/h3>\n<p>Avanzar hacia la sustentabilidad en el manejo de las pesquer\u00edas bajo un enfoque ecosist\u00e9mico, basado en la investigaci\u00f3n cient\u00edfica y en la creaci\u00f3n y fortalecimiento de capacidades en cuatro comit\u00e9s de manejo de recursos bent\u00f3nicos del sur del pa\u00eds.<\/p>\n<\/div>\n<\/div>\n<\/div>\n<\/div>\n<h3>Boletines de difusi\u00f3n<\/h3>\n<div class=\"row\">\n<div class=\"col-sm-6 col-md-4\">\n<div class=\"thumbnail\">\n<p><a href=\"http:\/\/www.ifop.cl\/enfoque-ecosistemico\/wp-content\/uploads\/sites\/19\/2018\/12\/BOLET\u00cdN-DE-DIFUSI\u00d3N-1-BAH\u00cdA-CORRAL.pdf\" target=\"_blank\" rel=\"noopener noreferrer\"><img decoding=\"async\" src=\"http:\/\/www.ifop.cl\/enfoque-ecosistemico\/wp-content\/uploads\/sites\/19\/2019\/01\/boletin_difusion_1.jpg\" alt=\"\" width=\"\" \/><\/a><\/p>\n<div class=\"caption\">\n<h3><a href=\"http:\/\/www.ifop.cl\/enfoque-ecosistemico\/wp-content\/uploads\/sites\/19\/2018\/12\/BOLET\u00cdN-DE-DIFUSI\u00d3N-1-BAH\u00cdA-CORRAL.pdf\" target=\"_blank\" rel=\"noopener noreferrer\">BOLET\u00cdN DE DIFUSI\u00d3N 1 &#8211; BAH\u00cdA CORRAL<\/a><\/h3>\n<p>Modelamiento Conceptual y Cualitativo Recursos Huepo (<em>Ensis macha<\/em>) y Navajuela (<em>Tagelus dombeii<\/em>), Bah\u00eda Corral, Regi\u00f3n de Los R\u00edos. Noviembre, 2018<\/p>\n<\/div>\n<\/div>\n<\/div>\n<div class=\"col-sm-6 col-md-4\">\n<div class=\"thumbnail\">\n<p><a href=\"http:\/\/www.ifop.cl\/enfoque-ecosistemico\/wp-content\/uploads\/sites\/19\/2018\/12\/BOLET\u00cdN-DE-DIFUSI\u00d3N-2-GOLFO-DE-ARAUCO.pdf\" target=\"_blank\" rel=\"noopener noreferrer\"><img decoding=\"async\" src=\"http:\/\/www.ifop.cl\/enfoque-ecosistemico\/wp-content\/uploads\/sites\/19\/2019\/01\/boletin_difusion_2.jpg\" alt=\"\" width=\"\" \/><\/a><\/p>\n<div class=\"caption\">\n<h3><a href=\"http:\/\/www.ifop.cl\/enfoque-ecosistemico\/wp-content\/uploads\/sites\/19\/2018\/12\/BOLET\u00cdN-DE-DIFUSI\u00d3N-2-GOLFO-DE-ARAUCO.pdf\" target=\"_blank\" rel=\"noopener noreferrer\">BOLET\u00cdN DE DIFUSI\u00d3N 2 &#8211; GOLFO DE ARAUCO<\/a><\/h3>\n<p>Modelamiento Conceptual y Cualitativo Recursos Huepo (<em>Ensis macha<\/em>), Navajuela (<em>Tagelus dombeii<\/em>) y Taquilla (<em>Mulinia edulis<\/em>), Golfo de Arauco, Regi\u00f3n del Biob\u00edo, Noviembre, 2018<\/p>\n<\/div>\n<\/div>\n<\/div>\n<\/div>\n<div class=\"row alert alert-info\">\n<h3>Documentos te\u0301cnicos<\/h3>\n<div class=\"col-md-6\">\n<li><a href=\"https:\/\/www.ifop.cl\/wp-content\/contenidos\/uploads\/boletines\/seafishman\/INFORME_TECNICO_1_-_BAHIA_CORRAL.pdf\" target=\"_blank\" rel=\"noopener noreferrer\">INFORME T\u00c9CNICO 1 &#8211; BAH\u00cdA CORRAL<\/a><\/li>\n<li><a href=\"https:\/\/www.ifop.cl\/wp-content\/contenidos\/uploads\/boletines\/seafishman\/INFORME_TECNICO_2_-_GOLFO_DE_ARAUCO.pdf\" target=\"_blank\" rel=\"noopener noreferrer\">INFORME T\u00c9CNICO 2 &#8211; GOLFO DE ARAUCO<\/a><\/li>\n<li><a href=\"https:\/\/www.ifop.cl\/wp-content\/contenidos\/uploads\/boletines\/seafishman\/INFORME_TECNICO_3_-_NIVEL_DE_CONOCIMIENTO_BAHIA_CORRAL_FINAL.pdf\" target=\"_blank\" rel=\"noopener noreferrer\">INFORME T\u00c9CNICO 3 &#8211; NIVEL DE CONOCIMIENTO BAH\u00cdA CORRAL<\/a><\/li>\n<li><a href=\"https:\/\/www.ifop.cl\/wp-content\/contenidos\/uploads\/boletines\/seafishman\/INFORME_TECNICO_4_-_NIVEL_DE_CONOCIMIENTO_GOLFO_DE_ARAUCO_FINAL.pdf\" target=\"_blank\" rel=\"noopener noreferrer\">INFORME TE\u0301CNICO 4 &#8211; NIVEL DE CONOCIMIENTO GOLFO DE ARAUCO<\/a><\/li>\n<li><a href=\"https:\/\/www.ifop.cl\/wp-content\/contenidos\/uploads\/boletines\/seafishman\/INFORME_TECNICO_5_-_NIVEL_DE_CONOCIMIENTO_MAGALLANES__FINAL.pdf\" target=\"_blank\" rel=\"noopener noreferrer\">INFORME TE\u0301CNICO 5 &#8211; NIVEL DE CONOCIMIENTO MAGALLANES<\/a><\/li>\n<li><a href=\"https:\/\/www.ifop.cl\/wp-content\/contenidos\/uploads\/boletines\/seafishman\/INFORME_TECNICO_6_-_NIVEL_DE_CONOCIMIENTO_CHILOE_FINAL.pdf\" target=\"_blank\" rel=\"noopener noreferrer\">INFORME TE\u0301CNICO 6 &#8211; NIVEL DE CONOCIMIENTO CHILOE\u0301<\/a><\/li>\n<li><a href=\"http:\/\/www.ifop.cl\/enfoque-ecosistemico\/wp-content\/uploads\/sites\/19\/2019\/05\/INFORME_TECNICO_7_MAGALLANES.pdf\" target=\"_blank\" rel=\"noopener noreferrer\">INFORME TE\u0301CNICO 7 &#8211; MAGALLANES<\/a><\/li><\/div>\n<div class=\"col-md-6\">\n<li><a href=\"https:\/\/www.ifop.cl\/enfoque-ecosistemico\/wp-content\/contenidos\/uploads\/minisitios\/enfoque_ecosistemico\/2019\/06\/INFORME-T%C3%89CNICO-8-CHILO%C3%89-FINAL.pdf\" target=\"_blank\" rel=\"noopener noreferrer\">INFORME TE\u0301CNICO 8 &#8211; CHILOE\u0301<\/a><\/li>\n<li><a href=\"http:\/\/www.ifop.cl\/enfoque-ecosistemico\/wp-content\/uploads\/sites\/19\/2019\/07\/INFORME_T\u00c9CNICO_9_-_MOD.CUALIT._DIMENSI\u00d3N_ECOL\u00d3GICA_ARAUCO-CORRAL.pdf\" target=\"_blank\" rel=\"noopener noreferrer\">INFORME TE\u0301CNICO 9 &#8211; Arauco-Corral<\/a><\/li>\n<li><a href=\"http:\/\/www.ifop.cl\/enfoque-ecosistemico\/wp-content\/uploads\/sites\/19\/2019\/07\/INFORME_T\u00c9CNICO_10_-_MOD.CUALIT._DIMENSI\u00d3N_ECOL\u00d3GICA_MAGALLANES_-_CHILO\u00c9.pdf\" target=\"_blank\" rel=\"noopener noreferrer\">INFORME TE\u0301CNICO 10 &#8211;  Magallanes-Chilo\u00e9<\/a><\/li>\n<li><a href=\"https:\/\/www.ifop.cl\/wp-content\/contenidos\/uploads\/boletines\/seafishman\/Informe_Te\u0301cnico_11_Biobi\u0301o.pdf\" target=\"_blank\" rel=\"noopener noreferrer\">INFORME TE\u0301CNICO 11 &#8211; Bio B\u00edo<\/a><\/li>\n<li><a href=\"https:\/\/www.ifop.cl\/wp-content\/contenidos\/uploads\/boletines\/seafishman\/Informe_Te\u0301cnico_12_Chiloe\u0301.pdf\" target=\"_blank\" rel=\"noopener noreferrer\">INFORME TE\u0301CNICO 12 &#8211; Chiloe\u0301<\/a><\/li>\n<li><a href=\"https:\/\/www.ifop.cl\/wp-content\/contenidos\/uploads\/boletines\/seafishman\/Informe_Te\u0301cnico_13_Magallanes.pdf\" target=\"_blank\" rel=\"noopener noreferrer\">INFORME TE\u0301CNICO 13 &#8211; Magallanes<\/a><\/li>\n<li><a href=\"https:\/\/www.ifop.cl\/wp-content\/contenidos\/uploads\/boletines\/seafishman\/Informe_Te\u0301cnico_14_Los_Lagos.pdf\" target=\"_blank\" rel=\"noopener noreferrer\">INFORME TE\u0301CNICO 14 &#8211; Los Lagos<\/a><\/li>\n<li><a href=\"http:\/\/www.ifop.cl\/enfoque-ecosistemico\/wp-content\/uploads\/sites\/19\/2019\/10\/Informe-T\u00e9cnico-15.pdf\" target=\"_blank\" rel=\"noopener noreferrer\">INFORME TE\u0301CNICO 15<\/a><\/li><\/div>\n<\/div>\n<h3>Brochure del proyecto<\/h3>\n<div class=\"row\">\n<div class=\"col-sm-6 col-md-4\">\n<div class=\"thumbnail\">\n<a href=\"http:\/\/www.ifop.cl\/enfoque-ecosistemico\/wp-content\/uploads\/sites\/19\/2019\/05\/Brochure__Arauco.pdf\" target=\"_blank\" rel=\"noopener noreferrer\"><img decoding=\"async\" src=\"http:\/\/www.ifop.cl\/enfoque-ecosistemico\/wp-content\/uploads\/sites\/19\/2019\/05\/Brochure__Arauco.jpg\" alt=\"\" width=\"\" \/><\/a><\/p>\n<div class=\"caption\">\n<h3><a href=\"http:\/\/www.ifop.cl\/enfoque-ecosistemico\/wp-content\/uploads\/sites\/19\/2019\/05\/Brochure__Arauco.pdf\" target=\"_blank\" rel=\"noopener noreferrer\">Brochure Arauco<\/a><\/h3>\n<\/div>\n<\/div>\n<\/div>\n<div class=\"col-sm-6 col-md-4\">\n<div class=\"thumbnail\">\n<a href=\"http:\/\/www.ifop.cl\/enfoque-ecosistemico\/wp-content\/uploads\/sites\/19\/2019\/05\/Brochure_Corral.pdf\" target=\"_blank\" rel=\"noopener noreferrer\"><img decoding=\"async\" src=\"http:\/\/www.ifop.cl\/enfoque-ecosistemico\/wp-content\/uploads\/sites\/19\/2019\/05\/Brochure_Corral.jpg\" alt=\"\" width=\"\" \/><\/a><\/p>\n<div class=\"caption\">\n<h3><a href=\"http:\/\/www.ifop.cl\/enfoque-ecosistemico\/wp-content\/uploads\/sites\/19\/2019\/05\/Brochure_Corral.pdf\" target=\"_blank\" rel=\"noopener noreferrer\">Brochure Corral<\/a><\/h3>\n<\/div>\n<\/div>\n<\/div>\n<\/div>\n<h3>Folletos de difusi\u00f3n<\/h3>\n<div class=\"row\">\n<div class=\"col-sm-6 col-md-4\">\n<div class=\"thumbnail\">\n<a href=\"http:\/\/www.ifop.cl\/wp-content\/contenidos\/uploads\/boletines\/seafishman\/Folleto_de_Difusio\u0301n_Modelamiento_Conceptual_y_Cualitativo_Centolla_y_Centollo\u0301n_Magallanes.pdf\" target=\"_blank\" rel=\"noopener noreferrer\"><img decoding=\"async\" src=\"http:\/\/www.ifop.cl\/wp-content\/contenidos\/uploads\/boletines\/seafishman\/Folleto_de_Difusio\u0301n_Modelamiento_Conceptual_y_Cualitativo_Centolla_y_Centollo\u0301n_Magallanes.jpg\" alt=\"\" width=\"\" \/><\/a><\/p>\n<div class=\"caption\">\n<h3><a href=\"http:\/\/www.ifop.cl\/wp-content\/contenidos\/uploads\/boletines\/seafishman\/Folleto_de_Difusio\u0301n_Modelamiento_Conceptual_y_Cualitativo_Centolla_y_Centollo\u0301n_Magallanes.pdf\" target=\"_blank\" rel=\"noopener noreferrer\">Modelamiento conceptual y cualitativo recursos centolla (<i>Lithodes santolla<\/i>) y centollo\u0301n (<i>Paralomis granulosa<\/i>), Regio\u0301n de<br \/>\n Magallanes y de la Anta\u0301rtica Chilena<\/a><\/h3>\n<\/div>\n<\/div>\n<\/div>\n<div class=\"col-sm-6 col-md-4\">\n<div class=\"thumbnail\">\n<a href=\"http:\/\/www.ifop.cl\/wp-content\/contenidos\/uploads\/boletines\/seafishman\/Folleto_de_Difusio\u0301n_Modelamiento_Conceptual_y_Cualitativo_Jaiba_y_Centolla_Chiloe\u0301.pdf\" target=\"_blank\" rel=\"noopener noreferrer\"><img decoding=\"async\" src=\"http:\/\/www.ifop.cl\/wp-content\/contenidos\/uploads\/boletines\/seafishman\/Folleto_de_Difusio\u0301n_Modelamiento_Conceptual_y_Cualitativo_Jaiba_y_Centolla_Chiloe\u0301.jpg\" alt=\"\" width=\"\" \/><\/a><\/p>\n<div class=\"caption\">\n<h3><a href=\"http:\/\/www.ifop.cl\/wp-content\/contenidos\/uploads\/boletines\/seafishman\/Folleto_de_Difusio\u0301n_Modelamiento_Conceptual_y_Cualitativo_Jaiba_y_Centolla_Chiloe\u0301.pdf\" target=\"_blank\" rel=\"noopener noreferrer\">Modelamiento conceptual y cualitativo recursos jaiba marmola (<i>Metacarcinus edwardsii<\/i>) y centolla (<i>Lithodes santolla<\/i>),<br \/>\n Provincia de Chiloe\u0301, Regio\u0301n de Los Lagos<\/a><\/h3>\n<\/div>\n<\/div>\n<\/div>\n<\/div>\n","protected":false},"excerpt":{"rendered":"<p>INTRODUCCI\u00d3N El proyecto \u201cSupporting the ecosystem approach to fisheries management through scientific research &#038;capacity building in the framework of Chilean benthic fishery management committees\u201d (SEAFISHMAN) es desarrollado por IFOP gracias al aporte de la Walton Family Foundation y tiene una duraci\u00f3n de 18 meses: desde enero de 2018 a junio de 2019. El prop\u00f3sito del [&hellip;]<\/p>\n","protected":false},"author":1,"featured_media":0,"parent":0,"menu_order":0,"comment_status":"closed","ping_status":"closed","template":"plantilla_pagina_full_with.php","meta":{"footnotes":""},"class_list":["post-6","page","type-page","status-publish","hentry"],"_links":{"self":[{"href":"https:\/\/www.ifop.cl\/enfoque-ecosistemico\/wp-json\/wp\/v2\/pages\/6"}],"collection":[{"href":"https:\/\/www.ifop.cl\/enfoque-ecosistemico\/wp-json\/wp\/v2\/pages"}],"about":[{"href":"https:\/\/www.ifop.cl\/enfoque-ecosistemico\/wp-json\/wp\/v2\/types\/page"}],"author":[{"embeddable":true,"href":"https:\/\/www.ifop.cl\/enfoque-ecosistemico\/wp-json\/wp\/v2\/users\/1"}],"replies":[{"embeddable":true,"href":"https:\/\/www.ifop.cl\/enfoque-ecosistemico\/wp-json\/wp\/v2\/comments?post=6"}],"version-history":[{"count":74,"href":"https:\/\/www.ifop.cl\/enfoque-ecosistemico\/wp-json\/wp\/v2\/pages\/6\/revisions"}],"predecessor-version":[{"id":285,"href":"https:\/\/www.ifop.cl\/enfoque-ecosistemico\/wp-json\/wp\/v2\/pages\/6\/revisions\/285"}],"wp:attachment":[{"href":"https:\/\/www.ifop.cl\/enfoque-ecosistemico\/wp-json\/wp\/v2\/media?parent=6"}],"curies":[{"name":"wp","href":"https:\/\/api.w.org\/{rel}","templated":true}]}}