{"id":19,"date":"2018-10-05T03:02:37","date_gmt":"2018-10-05T03:02:37","guid":{"rendered":"https:\/\/www.ifop.cl\/enfoque-ecosistemico\/?page_id=19"},"modified":"2022-04-22T04:12:03","modified_gmt":"2022-04-22T04:12:03","slug":"enfoque-ecosistemico-en-pesquerias","status":"publish","type":"page","link":"https:\/\/www.ifop.cl\/enfoque-ecosistemico\/","title":{"rendered":"Enfoque ecosist\u00e9mico en pesquer\u00edas"},"content":{"rendered":"<div class=\"row\">\n<div class=\"col-md-3 col-sm-3 col-xs-6\"><a href=\"enfoque-ecosistemico-en-pesquerias-2\/\"><\/p>\n<div class=\"boxcontent boxenfoque0\">\n<h2>Enfoque ecosiste\u0301mico en pesqueri\u0301as<\/h2>\n<\/div>\n<p><\/a><\/div>\n<div class=\"col-md-3 col-sm-3 col-xs-6\"><a href=\"enfoques-de-modelamiento-ecosistemico\/\"><\/p>\n<div class=\"boxcontent boxenfoque2\">\n<h2>Enfoque de modelamiento ecosiste\u0301mico<\/h2>\n<\/div>\n<p><\/a><\/div>\n<div class=\"col-md-3 col-sm-3 col-xs-6\"><a href=\"sistemas-socioecologicos-una-vision-de-futuro\/\"><\/p>\n<div class=\"boxcontent boxenfoque3\">\n<h2>Sistemas socioecolo\u0301gicos: una visio\u0301n de futuro<\/h2>\n<\/div>\n<p><\/a><\/div>\n<div class=\"col-md-3 col-sm-3 col-xs-6\"><a href=\"#\"><\/p>\n<div class=\"boxcontent boxenfoque4\">\n<h2>\u00bfComo enfrentamos el enfoque ecosiste\u0301mico?<\/h2>\n<\/div>\n<p><\/a><\/div>\n<\/div>\n<h2>\u00bfDonde estamos?<\/h2>\n<p><a href=\"http:\/\/www.ifop.cl\/enfoque-ecosistemico\/wp-content\/uploads\/sites\/19\/2019\/09\/chile.jpg\"><img loading=\"lazy\" decoding=\"async\" src=\"http:\/\/www.ifop.cl\/enfoque-ecosistemico\/wp-content\/uploads\/sites\/19\/2019\/09\/chile.jpg\" alt=\"\" width=\"960\" height=\"216\" class=\"aligncenter size-full wp-image-247\" srcset=\"https:\/\/www.ifop.cl\/enfoque-ecosistemico\/wp-content\/uploads\/sites\/19\/2019\/09\/chile.jpg 960w, https:\/\/www.ifop.cl\/enfoque-ecosistemico\/wp-content\/uploads\/sites\/19\/2019\/09\/chile-300x68.jpg 300w, https:\/\/www.ifop.cl\/enfoque-ecosistemico\/wp-content\/uploads\/sites\/19\/2019\/09\/chile-768x173.jpg 768w\" sizes=\"(max-width: 960px) 100vw, 960px\" \/><\/a><\/p>\n<div class=\"row\">\n<div class=\"alert alert-info\">\n<div class=\"row\">\n<div class=\"col-md-12\">\n<h3>DEFINICIONES ASOCIADAS<\/h3>\n<\/div>\n<div class=\"col-md-6\">\n<p><strong>Ecosistema<\/strong> <i class=\"fa fa-chevron-right\" aria-hidden=\"true\"><\/i><br \/>\n\t\t\t: sistema relativamente aut\u00f3nomo que contiene plantas, animales (incluidos los seres humanos), microorganismos y componentes no-vivos del ambiente, as\u00ed como las interacciones entre ellos (Secretariat of the Pacific Community, SPC, 2010). Sistema complejo de interacciones de poblaciones entre ellas y con su ambiente (Garcia et al., 2003).<\/p>\n<p><strong>Aproximaci\u00f3n ecosist\u00e9mica (AE)<\/strong> <i class=\"fa fa-chevron-right\" aria-hidden=\"true\"><\/i><br \/>\n\t\t\tUna estrategia para el manejo integrado de suelo, agua y recursos vivos que promueve la conservaci\u00f3n y uso sustentable de manera equitativa. A menudo se utiliza indistintamente como manejo basado en el ecosistema (Staples et al., 2014).<\/p>\n<p><strong>Manejo basado en ecosistemas (MBE)<\/strong> <i class=\"fa fa-chevron-right\" aria-hidden=\"true\"><\/i><br \/>\n\t\t\t\tUn marco de referencia que integra factores biol\u00f3gicos, sociales y econ\u00f3micos dentro de una estrategia comprensible que tiene por objetivo proteger y mejorar la sustentabilidad, la diversidad y la productividad de los recursos naturales. El MBE enfatiza en la protecci\u00f3n de estructura, funcionamiento y procesos clave de los ecosistemas; se basa en sitios, ya que se enfoca en un ecosistema espec\u00edfico y el rango de actividades que afectan a este; da cuenta expl\u00edcitamente de las interconexiones entre sistemas tales como aire, suelo y mar; e integra las perspectivas ecol\u00f3gica, social, econ\u00f3mica e institucional, reconociendo sus fuertes interdependencias (COMPASS, <em>Scientific Consensus Statement<\/em>). A menudo se utiliza de manera equivalente con AE (Staples et al., 2014).<\/p>\n<p><strong>Enfoque ecosist\u00e9mico (EE)<\/strong> <i class=\"fa fa-chevron-right\" aria-hidden=\"true\"><\/i><br \/>\n\t\t\t\t\t\tUna estrategia para la gesti\u00f3n integrada de la tierra, agua y recursos vivos que promueve la conservaci\u00f3n y el uso sostenible de un modo equitativo (Organizaci\u00f3n de las Naciones Unidas para el Medio Ambiente, 2000).<\/p>\n<\/p><\/div>\n<div class=\"col-md-6\">\n<p><strong>Enfoque ecosist\u00e9mico pesquero (EEP):<\/strong> <i class=\"fa fa-chevron-right\" aria-hidden=\"true\"><\/i><br \/>\n\t\t\tConcepto ampliado del paradigma de ordenaci\u00f3n pesquera convencional que permite desarrollar acciones de an\u00e1lisis y ordenaci\u00f3n con una \u00f3ptica m\u00e1s extensa y hol\u00edstica. El EEP se concibe, entonces, como una nueva direcci\u00f3n para la administraci\u00f3n de la actividad pesquera orientada a invertir el orden de las prioridades en la gesti\u00f3n, comenzando con el ecosistema en lugar de las especies objetivo. Esto implica considerar no solo al recurso explotado sino tambi\u00e9n al ecosistema (incluyendo lasinterdependencias ecol\u00f3gicas entre especies y su relaci\u00f3n con el ambiente) y a los aspectos socioecon\u00f3micos vinculados con la actividad (Defeo, 2015).<\/p>\n<p><strong>Enfoque ecosist\u00e9mico para el plan de manejo pesquero (EEPMP):<\/strong> <i class=\"fa fa-chevron-right\" aria-hidden=\"true\"><\/i><br \/>\n\t\t\t\t\t\tEl resultado del marco de planificaci\u00f3n que describe los objetivos y el conjunto integrado de acuerdos de manejo para que la pesquer\u00eda genere resultados comunitarios m\u00e1s aceptables, sostenibles y ben\u00e9ficos (Staples et al., 2014).<\/p>\n<p><strong>Manejo pesquero con enfoque ecosist\u00e9mico (MPEE)<\/strong> <i class=\"fa fa-chevron-right\" aria-hidden=\"true\"><\/i><br \/>\n\t\t\t\t\t\tEs una aproximaci\u00f3n m\u00e1s hol\u00edstica de manejo, que representa un alejamiento de los sistemas de manejo pesquero orientados solo en una extracci\u00f3n sustentable de las especies objetivo, hacia sistemas y procesos de toma de decisiones que equilibran el bienestar ecol\u00f3gico y social, dentro de una mejor gobernanza y marcos de referencia, es decir, es una forma pr\u00e1ctica de lograr el desarrollo sostenible. Aborda las m\u00faltiples necesidades y deseos de las sociedades, sin poner en peligro las opciones para que las futuras generaciones se beneficien de la gama completa de bienes y servicios proporcionados por los ecosistemas marinos (Staples et al., 2014).<\/p>\n<p><strong>Manejo pesquero basado en el ecosistema (MPBE)<\/strong> <i class=\"fa fa-chevron-right\" aria-hidden=\"true\"><\/i><br \/>\n\t\t\t\t\t\t\tEl componente pesquero del manejo basado en el ecosistema, pero enfocado en un solo sector. El MPBE considera tanto los impactos del ambiente sobre la salud y productividad de las pesquer\u00edas como los impactos que la pesca tiene sobre todos los aspectos de los ecosistemas marinos. A menudo se utiliza de manera indistinta con <em>Ecosystem Approach to Fisheries Management <\/em>(EAFM) (Staples et al., 2014).<\/p>\n<\/p><\/div>\n<\/p><\/div>\n<\/p><\/div>\n<\/div>\n<h3>Documentos de difusi\u00f3n<\/h3>\n<div class=\"col-sm-6 col-md-4\">\n<div class=\"thumbnail\">\n<a href=\"https:\/\/www.ifop.cl\/wp-content\/contenidos\/uploads\/minisitios\/enfoque_ecosistemico\/Seminario_int_MEE_11.abr.22.pdf\" target=\"_blank\" rel=\"noopener noreferrer\"><img decoding=\"async\" src=\"https:\/\/www.ifop.cl\/wp-content\/contenidos\/uploads\/minisitios\/enfoque_ecosistemico\/Seminario_int_MEE_11.abr.22.jpg\" alt=\"\" width=\"\" \/><\/a><\/p>\n<div class=\"caption\">\n<h3><a href=\"https:\/\/www.ifop.cl\/wp-content\/contenidos\/uploads\/minisitios\/enfoque_ecosistemico\/Seminario_int_MEE_11.abr.22.pdf\" target=\"_blank\" rel=\"noopener noreferrer\">INFORME DEL SEMINARIO INTERNACIONAL<br \/>\n\u201cManejo de recursos acu\u00e1ticos con enfoque ecosist\u00e9mico: avances, brechas y perspectivas\u201d<br \/>\n(1 al 3 de diciembre de 2020)  Valpara\u00edso, abril 2022<\/a><\/h3>\n<\/div>\n<\/div>\n<\/div>\n<div class=\"col-sm-6 col-md-4\">\n<div class=\"thumbnail\">\n<a href=\"https:\/\/www.ifop.cl\/wp-content\/uploads\/2018\/10\/EEP-2-2.pdf\" target=\"_blank\" rel=\"noopener noreferrer\"><img decoding=\"async\" src=\"https:\/\/www.ifop.cl\/wp-content\/uploads\/2018\/10\/EEP-2-2.jpg\" alt=\"\" width=\"\" \/><\/a><\/p>\n<div class=\"caption\">\n<h3><a href=\"https:\/\/www.ifop.cl\/wp-content\/uploads\/2018\/10\/EEP-2-2.pdf\" target=\"_blank\" rel=\"noopener noreferrer\">Documento de Posici\u00f3n IFOP Enfoque Ecosist\u00e9mico<\/a><\/h3>\n<\/div>\n<\/div>\n<\/div>\n<\/div>\n","protected":false},"excerpt":{"rendered":"<p>Enfoque ecosiste\u0301mico en pesqueri\u0301as Enfoque de modelamiento ecosiste\u0301mico Sistemas socioecolo\u0301gicos: una visio\u0301n de futuro \u00bfComo enfrentamos el enfoque ecosiste\u0301mico? \u00bfDonde estamos? DEFINICIONES ASOCIADAS Ecosistema : sistema relativamente aut\u00f3nomo que contiene plantas, animales (incluidos los seres humanos), microorganismos y componentes no-vivos del ambiente, as\u00ed como las interacciones entre ellos (Secretariat of the Pacific Community, SPC, 2010). [&hellip;]<\/p>\n","protected":false},"author":1,"featured_media":0,"parent":0,"menu_order":0,"comment_status":"closed","ping_status":"closed","template":"plantilla_contenidos_enfoque_ecosistemico.php","meta":{"footnotes":""},"class_list":["post-19","page","type-page","status-publish","hentry"],"_links":{"self":[{"href":"https:\/\/www.ifop.cl\/enfoque-ecosistemico\/wp-json\/wp\/v2\/pages\/19"}],"collection":[{"href":"https:\/\/www.ifop.cl\/enfoque-ecosistemico\/wp-json\/wp\/v2\/pages"}],"about":[{"href":"https:\/\/www.ifop.cl\/enfoque-ecosistemico\/wp-json\/wp\/v2\/types\/page"}],"author":[{"embeddable":true,"href":"https:\/\/www.ifop.cl\/enfoque-ecosistemico\/wp-json\/wp\/v2\/users\/1"}],"replies":[{"embeddable":true,"href":"https:\/\/www.ifop.cl\/enfoque-ecosistemico\/wp-json\/wp\/v2\/comments?post=19"}],"version-history":[{"count":35,"href":"https:\/\/www.ifop.cl\/enfoque-ecosistemico\/wp-json\/wp\/v2\/pages\/19\/revisions"}],"predecessor-version":[{"id":280,"href":"https:\/\/www.ifop.cl\/enfoque-ecosistemico\/wp-json\/wp\/v2\/pages\/19\/revisions\/280"}],"wp:attachment":[{"href":"https:\/\/www.ifop.cl\/enfoque-ecosistemico\/wp-json\/wp\/v2\/media?parent=19"}],"curies":[{"name":"wp","href":"https:\/\/api.w.org\/{rel}","templated":true}]}}