{"id":10,"date":"2018-10-05T02:56:42","date_gmt":"2018-10-05T02:56:42","guid":{"rendered":"https:\/\/www.ifop.cl\/enfoque-ecosistemico\/?page_id=10"},"modified":"2024-12-02T13:46:32","modified_gmt":"2024-12-02T13:46:32","slug":"links-de-interes","status":"publish","type":"page","link":"https:\/\/www.ifop.cl\/enfoque-ecosistemico\/links-de-interes\/","title":{"rendered":"Links de inter\u00e9s"},"content":{"rendered":"<ul>\n<li><a href=\"https:\/\/www.ifop.cl\/simpaee2\/\" rel=\"noopener\" target=\"_blank\">II SEMINARIO INTERNACIONAL Manejo de la pesca y la acuicultura con enfoque ecosist\u00e9mico en tiempos de cambio clim\u00e1tico: Avances, desaf\u00edos y acciones.<\/a><\/li>\n<li><a href=\"https:\/\/www.waltonfamilyfoundation.org\/\" rel=\"noopener\" target=\"_blank\">Walton Family Foundation<\/a><\/li>\n<li><a href=\"https:\/\/www.csiro.au\" rel=\"noopener\" target=\"_blank\">Commonwealth Scientific and Industrial Research Organisation <\/a><\/li>\n<li><a href=\"https:\/\/www.ifop.cl\/nuestro-que-hacer\/la-investigacion-pesquera\/depto-de-evaluacion-de-pesquerias\/boletines-de-difusion\/\" rel=\"noopener\" target=\"_blank\">Boletines de difusi\u00f3n Departamento de Evaluaci\u00f3n de Pesquer\u00edas (DEP), IFOP<\/a><\/li>\n<\/ul>\n","protected":false},"excerpt":{"rendered":"<p>II SEMINARIO INTERNACIONAL Manejo de la pesca y la acuicultura con enfoque ecosist\u00e9mico en tiempos de cambio clim\u00e1tico: Avances, desaf\u00edos y acciones. Walton Family Foundation Commonwealth Scientific and Industrial Research Organisation Boletines de difusi\u00f3n Departamento de Evaluaci\u00f3n de Pesquer\u00edas (DEP), IFOP<\/p>\n","protected":false},"author":1,"featured_media":0,"parent":0,"menu_order":0,"comment_status":"closed","ping_status":"closed","template":"plantilla_pagina_full_with.php","meta":{"footnotes":""},"class_list":["post-10","page","type-page","status-publish","hentry"],"_links":{"self":[{"href":"https:\/\/www.ifop.cl\/enfoque-ecosistemico\/wp-json\/wp\/v2\/pages\/10"}],"collection":[{"href":"https:\/\/www.ifop.cl\/enfoque-ecosistemico\/wp-json\/wp\/v2\/pages"}],"about":[{"href":"https:\/\/www.ifop.cl\/enfoque-ecosistemico\/wp-json\/wp\/v2\/types\/page"}],"author":[{"embeddable":true,"href":"https:\/\/www.ifop.cl\/enfoque-ecosistemico\/wp-json\/wp\/v2\/users\/1"}],"replies":[{"embeddable":true,"href":"https:\/\/www.ifop.cl\/enfoque-ecosistemico\/wp-json\/wp\/v2\/comments?post=10"}],"version-history":[{"count":5,"href":"https:\/\/www.ifop.cl\/enfoque-ecosistemico\/wp-json\/wp\/v2\/pages\/10\/revisions"}],"predecessor-version":[{"id":288,"href":"https:\/\/www.ifop.cl\/enfoque-ecosistemico\/wp-json\/wp\/v2\/pages\/10\/revisions\/288"}],"wp:attachment":[{"href":"https:\/\/www.ifop.cl\/enfoque-ecosistemico\/wp-json\/wp\/v2\/media?parent=10"}],"curies":[{"name":"wp","href":"https:\/\/api.w.org\/{rel}","templated":true}]}}