{"id":8315,"date":"2014-01-24T14:58:17","date_gmt":"2014-01-24T17:58:17","guid":{"rendered":"http:\/\/www.ifop.cl\/?page_id=8315"},"modified":"2018-03-15T09:58:59","modified_gmt":"2018-03-15T13:58:59","slug":"programa-de-investigacion-para-la-regulacion-pesquera-y-de-acuicultura","status":"publish","type":"page","link":"https:\/\/www.ifop.cl\/en\/comunicaciones\/boletines-e-informes\/programa-de-investigacion-para-la-regulacion-pesquera-y-de-acuicultura\/","title":{"rendered":"Programa de investigaci\u00f3n para la regulaci\u00f3n pesquera y de acuicultura"},"content":{"rendered":"<p>Investigaci\u00f3n Interna<\/p>\n<ul>\n<li><a href=\"http:\/\/www.ifop.cl\/wp-content\/contenidos\/uploads\/anchoveta-xv-a-ii.pdf\">investigaci\u00f3n del estatus y posibilidades de explotaci\u00f3n biol\u00f3gica sustentables en anchoveta regiones XV a II, 2014<\/a><\/li>\n<li><a href=\"http:\/\/www.ifop.cl\/wp-content\/contenidos\/uploads\/anchoveta-iii-a-iv.pdf\">investigaci\u00f3n del estatus y posibilidades de explotaci\u00f3n biol\u00f3gica sustentables en anchoveta regiones III a IV, 2014<\/a><\/li>\n<li><a href=\"http:\/\/www.ifop.cl\/wp-content\/contenidos\/uploads\/anchoveta-v-a-x.pdf\">investigaci\u00f3n del estatus y posibilidades de explotaci\u00f3n biol\u00f3gica sustentables en anchoveta centro sur, 2014<\/a><\/li>\n<li><a href=\"http:\/\/www.ifop.cl\/wp-content\/contenidos\/uploads\/bacalao.pdf\">investigaci\u00f3n del estatus y posibilidades de explotaci\u00f3n biol\u00f3gica sustentables en bacalao de profundidad, 2014<\/a><\/li>\n<li><a href=\"http:\/\/www.ifop.cl\/wp-content\/contenidos\/uploads\/camaron-nailon.pdf\">investigaci\u00f3n del estatus y posibilidades de explotaci\u00f3n biol\u00f3gica sustentables en camar\u00f3n nailon, 2014<\/a><\/li>\n<li><a href=\"http:\/\/www.ifop.cl\/wp-content\/contenidos\/uploads\/congrio-dorado.pdf\">investigaci\u00f3n del estatus y posibilidades de explotaci\u00f3n biol\u00f3gica sustentables en congrio dorado, 2014<\/a><\/li>\n<li><a href=\"http:\/\/www.ifop.cl\/wp-content\/contenidos\/uploads\/jurel.pdf\">investigaci\u00f3n del estatus y posibilidades de explotaci\u00f3n biol\u00f3gica sustentables en jurel, 2014<\/a><\/li>\n<li><a href=\"http:\/\/www.ifop.cl\/wp-content\/contenidos\/uploads\/langostino-amarillo.pdf\">investigaci\u00f3n del estatus y posibilidades de explotaci\u00f3n biol\u00f3gica sustentables en langostino amarillo, 2014<\/a><\/li>\n<li><a href=\"http:\/\/www.ifop.cl\/wp-content\/contenidos\/uploads\/langostino-colorado.pdf\">investigaci\u00f3n del estatus y posibilidades de explotaci\u00f3n biol\u00f3gica sustentables en langostino colorado, 2014<\/a><\/li>\n<li><a href=\"http:\/\/www.ifop.cl\/wp-content\/contenidos\/uploads\/merluza-comun.pdf\">investigaci\u00f3n del estatus y posibilidades de explotaci\u00f3n biol\u00f3gica sustentables en merluza com\u00fan, 2014<\/a><\/li>\n<li><a href=\"http:\/\/www.ifop.cl\/wp-content\/contenidos\/uploads\/merluza-de-cola.pdf\">investigaci\u00f3n del estatus y posibilidades de explotaci\u00f3n biol\u00f3gica sustentables en merluza de cola, 2014<\/a><\/li>\n<li><a href=\"http:\/\/www.ifop.cl\/wp-content\/contenidos\/uploads\/merluza-del-sur.pdf\">investigaci\u00f3n del estatus y posibilidades de explotaci\u00f3n biol\u00f3gica sustentables en merluza del sur, 2014<\/a><\/li>\n<li><a href=\"http:\/\/www.ifop.cl\/wp-content\/contenidos\/uploads\/merluza-tres-aletas1.pdf\">investigaci\u00f3n del estatus y posibilidades de explotaci\u00f3n biol\u00f3gica sustentables en merluza tres aletas, 2014<\/a><\/li>\n<li><a href=\"http:\/\/www.ifop.cl\/wp-content\/contenidos\/uploads\/raya-volantin.pdf\">investigaci\u00f3n del estatus y posibilidades de explotaci\u00f3n biol\u00f3gica sustentables en raya volant\u00edn, 2014<\/a><\/li>\n<li><a href=\"http:\/\/www.ifop.cl\/wp-content\/contenidos\/uploads\/sardina-austral.pdf\">investigaci\u00f3n del estatus y posibilidades de explotaci\u00f3n biol\u00f3gica sustentables en sardina austral, 2014<\/a><\/li>\n<li><a href=\"http:\/\/www.ifop.cl\/wp-content\/contenidos\/uploads\/sardina-comun-v-a-x.pdf\">investigaci\u00f3n del estatus y posibilidades de explotaci\u00f3n biol\u00f3gica sustentables en sardina com\u00fan centro sur, 2014<\/a><\/li>\n<\/ul>\n<p>Informes Evaluaciones Externas Estatus<\/p>\n<ul>\n<li><span style=\"line-height: 13px\"><a href=\"http:\/\/www.ifop.cl\/wp-content\/contenidos\/uploads\/ORD_N_8828_-EVALUACION_EXTERNA_SEGUNDO_INFORME_FINAL_MERLUZA-COMUN1.pdf\">Ord_n_8828_ evaluacion_externa_segundo_informe_final_merluza comun<\/a><\/span><\/li>\n<li><a href=\"http:\/\/www.ifop.cl\/wp-content\/contenidos\/uploads\/ORD_N_9164_EVALUACION_EXTERNA_SEGUNDO_INFORME_ANCHOVETA-V_X.pdf\">Ord_n_9164_evaluacion_externa_segundo_informe_anchoveta v_x<\/a><\/li>\n<li><a href=\"http:\/\/www.ifop.cl\/wp-content\/contenidos\/uploads\/ORD_N_9165_EVALUACION_EXTERNA_SEGUNDO_INFORME_FINAL_BACALAO-PROFUNDIDAD1.pdf\">Ord_n_9165_evaluacion_externa_segundo_informe_final_bacalao profundidad<\/a><\/li>\n<li><a href=\"http:\/\/www.ifop.cl\/wp-content\/contenidos\/uploads\/ORD_N_9166_EVALUACION_EXTERNA_SEGUNDO_INFORME_FINAL_RAYA_VOLANTIN1.pdf\">Ord_n_9166_evaluacion_externa_segundo_informe_final_raya_volantin<\/a><\/li>\n<li><a href=\"http:\/\/www.ifop.cl\/wp-content\/contenidos\/uploads\/ORD_N_9167_EVALUACION_EXTERNA_SEGUNDO_INFORME_FINAL_CONGRIO-DORADO1.pdf\">Ord_n_9167_evaluacion_externa_segundo_informe_final_congrio dorado<\/a><\/li>\n<li><a href=\"http:\/\/www.ifop.cl\/wp-content\/contenidos\/uploads\/ORD_N_9170_EVALUCION_EXTERNA_SEGUNDO_INFORME_FINAL_LANGOSTINO_COLORADO1.pdf\">Ord_n_9170_evalucion_externa_segundo_informe_final_langostino_colorado<\/a><\/li>\n<li><a href=\"http:\/\/www.ifop.cl\/wp-content\/contenidos\/uploads\/ORD_N_9171_EVALAUCION_-EXTERNA_SEGUNDO_INFORME_FINAL_LANGOSTINO_AMARILLO1.pdf\">Ord_n_9171_evalaucion_ externa_segundo_informe_final_langostino_amarillo<\/a><\/li>\n<li><a href=\"http:\/\/www.ifop.cl\/wp-content\/contenidos\/uploads\/ORD_N_9173_EVALUACION_EXTERNA_SEGUNDO_INFORME_ANCHOVETA-XV_II1.pdf\">Ord_n_9173_evaluacion_externa_segundo_informe_anchoveta xv_ii<\/a><\/li>\n<li><a href=\"http:\/\/www.ifop.cl\/wp-content\/contenidos\/uploads\/ORD_N_9566_EVALUACION_EXTERNA_SEGUNDO_INFORME_FINAL_MERLUZA_DE_COLA1.pdf\">Ord_n_9566_evaluacion_externa_segundo_informe_final_merluza_de_cola<\/a><\/li>\n<li><a href=\"http:\/\/www.ifop.cl\/wp-content\/contenidos\/uploads\/ORD_N_9570_EVALUACION_EXTERNA_SEGUNDO_INFORME_FINAL_MERLUZA_DEL_SUR.pdf\">Ord_n_9570_evaluacion_externa_segundo_informe_final_merluza_del_sur<\/a><\/li>\n<li><a href=\"http:\/\/www.ifop.cl\/wp-content\/contenidos\/uploads\/ORD_N_9572_EVALUACION_EXTERNA_SEGUNDO_INFORME_ANCHOVETA-III_IV1.pdf\">Ord_n_9572_evaluacion_externa_segundo_informe_anchoveta iii_iv<\/a><\/li>\n<li><a href=\"http:\/\/www.ifop.cl\/wp-content\/contenidos\/uploads\/ORD_N_9573_EVALUACION_EXTERNA_SEGUNDO_INFORME_SARDINA_COMUN1.pdf\">Ord_n_9573_evaluacion_externa_segundo_informe_sardina_comun<\/a><\/li>\n<li><a href=\"http:\/\/www.ifop.cl\/wp-content\/contenidos\/uploads\/ORD_N_9574_EVALUACION_EXTERNA_SEGUNDO_INFORME_FINAL_JUREL.pdf\">Ord_n_9574_evaluacion_externa_segundo_informe_final_jurel<\/a><\/li>\n<li><a href=\"http:\/\/www.ifop.cl\/wp-content\/contenidos\/uploads\/ORD_N_9575_-EVALUACION_EXTERNA_SEGUNDO_INFORME_FINAL_MERLUZA_DE_TRES_ALETAS.pdf\">Ord_n_9575_ evaluacion_externa_segundo_informe_final_merluza_de_tres_aletas<\/a><\/li>\n<li><a href=\"http:\/\/www.ifop.cl\/wp-content\/contenidos\/uploads\/ORD_N_9576_EVALUACION_EXTERNA_SEGUNDO_INFORME_SARDINA_AUSTRAL.pdf\">Ord_n_9576_evaluacion_externa_segundo_informe_sardina_austral<\/a><\/li>\n<li><a href=\"http:\/\/www.ifop.cl\/wp-content\/contenidos\/uploads\/ORD_N_10273_EVALUACION_EXTERNA_SEGUNDO_INFORME_FINAL_CAMAR\u00d3N_NAILON.pdf\">Ord_n_10273_evaluacion_externa_segundo_informe_final_camar\u00f3n_nailon<\/a><\/li>\n<\/ul>\n","protected":false},"excerpt":{"rendered":"<p>Investigaci\u00f3n Interna investigaci\u00f3n del estatus y posibilidades de explotaci\u00f3n biol\u00f3gica sustentables en anchoveta regiones XV a II, 2014 investigaci\u00f3n del estatus y posibilidades de explotaci\u00f3n biol\u00f3gica sustentables en anchoveta regiones III a IV, 2014 investigaci\u00f3n del estatus y posibilidades de explotaci\u00f3n biol\u00f3gica sustentables en anchoveta centro sur, 2014 investigaci\u00f3n del estatus y posibilidades de explotaci\u00f3n biol\u00f3gica sustentables en bacalao de profundidad, 2014 investigaci\u00f3n del estatus y posibilidades de explotaci\u00f3n biol\u00f3gica sustentables en camar\u00f3n nailon, 2014 investigaci\u00f3n del estatus y posibilidades de explotaci\u00f3n biol\u00f3gica sustentables en congrio dorado, 2014 investigaci\u00f3n del estatus y posibilidades de explotaci\u00f3n biol\u00f3gica sustentables en jurel, 2014 [&hellip;]<\/p>\n","protected":false},"author":1,"featured_media":0,"parent":1989,"menu_order":7,"comment_status":"closed","ping_status":"open","template":"","meta":{"footnotes":""},"class_list":["post-8315","page","type-page","status-publish","hentry"],"_links":{"self":[{"href":"https:\/\/www.ifop.cl\/en\/wp-json\/wp\/v2\/pages\/8315"}],"collection":[{"href":"https:\/\/www.ifop.cl\/en\/wp-json\/wp\/v2\/pages"}],"about":[{"href":"https:\/\/www.ifop.cl\/en\/wp-json\/wp\/v2\/types\/page"}],"author":[{"embeddable":true,"href":"https:\/\/www.ifop.cl\/en\/wp-json\/wp\/v2\/users\/1"}],"replies":[{"embeddable":true,"href":"https:\/\/www.ifop.cl\/en\/wp-json\/wp\/v2\/comments?post=8315"}],"version-history":[{"count":1,"href":"https:\/\/www.ifop.cl\/en\/wp-json\/wp\/v2\/pages\/8315\/revisions"}],"predecessor-version":[{"id":18288,"href":"https:\/\/www.ifop.cl\/en\/wp-json\/wp\/v2\/pages\/8315\/revisions\/18288"}],"up":[{"embeddable":true,"href":"https:\/\/www.ifop.cl\/en\/wp-json\/wp\/v2\/pages\/1989"}],"wp:attachment":[{"href":"https:\/\/www.ifop.cl\/en\/wp-json\/wp\/v2\/media?parent=8315"}],"curies":[{"name":"wp","href":"https:\/\/api.w.org\/{rel}","templated":true}]}}