{"id":7171,"date":"2013-09-27T09:56:22","date_gmt":"2013-09-27T13:56:22","guid":{"rendered":"http:\/\/www.ifop.cl\/?page_id=7171"},"modified":"2026-04-08T11:29:04","modified_gmt":"2026-04-08T15:29:04","slug":"participacion-representacion-e-intervencion","status":"publish","type":"page","link":"https:\/\/www.ifop.cl\/en\/ley-20-285\/participacion-representacion-e-intervencion\/","title":{"rendered":"Participaci\u00f3n, representaci\u00f3n e intervenci\u00f3n"},"content":{"rendered":"<div class=\"alert alert-info\" role=\"alert\">\nThis institution has participation, representation and intervention in other institutions.<\/div>","protected":false},"excerpt":{"rendered":"<p>This institution has participation, representation and intervention in other institutions.<\/p>\n","protected":false},"author":1,"featured_media":0,"parent":5346,"menu_order":131,"comment_status":"closed","ping_status":"closed","template":"","meta":{"footnotes":""},"class_list":["post-7171","page","type-page","status-publish","hentry"],"_links":{"self":[{"href":"https:\/\/www.ifop.cl\/en\/wp-json\/wp\/v2\/pages\/7171"}],"collection":[{"href":"https:\/\/www.ifop.cl\/en\/wp-json\/wp\/v2\/pages"}],"about":[{"href":"https:\/\/www.ifop.cl\/en\/wp-json\/wp\/v2\/types\/page"}],"author":[{"embeddable":true,"href":"https:\/\/www.ifop.cl\/en\/wp-json\/wp\/v2\/users\/1"}],"replies":[{"embeddable":true,"href":"https:\/\/www.ifop.cl\/en\/wp-json\/wp\/v2\/comments?post=7171"}],"version-history":[{"count":46,"href":"https:\/\/www.ifop.cl\/en\/wp-json\/wp\/v2\/pages\/7171\/revisions"}],"predecessor-version":[{"id":32914,"href":"https:\/\/www.ifop.cl\/en\/wp-json\/wp\/v2\/pages\/7171\/revisions\/32914"}],"up":[{"embeddable":true,"href":"https:\/\/www.ifop.cl\/en\/wp-json\/wp\/v2\/pages\/5346"}],"wp:attachment":[{"href":"https:\/\/www.ifop.cl\/en\/wp-json\/wp\/v2\/media?parent=7171"}],"curies":[{"name":"wp","href":"https:\/\/api.w.org\/{rel}","templated":true}]}}