{"id":6600,"date":"2013-07-26T09:49:57","date_gmt":"2013-07-26T13:49:57","guid":{"rendered":"http:\/\/www.ifop.cl\/?page_id=6600"},"modified":"2025-02-13T16:57:57","modified_gmt":"2025-02-13T20:57:57","slug":"otros-contratos-sujetos-al-codigo-del-trabajo","status":"publish","type":"page","link":"https:\/\/www.ifop.cl\/en\/ley-20-285\/otros-contratos-sujetos-al-codigo-del-trabajo\/","title":{"rendered":"Otros contratos sujetos al C\u00f3digo del Trabajo"},"content":{"rendered":"<h4>A\u00f1o 2016<\/h4>\n<ul>\n<li><a href=\"http:\/\/www.ifop.cl\/remuneraciones\/resultado.php?ano=2016&amp;mes=DICIEMBRE\" target=\"_blank\" rel=\"noopener\">DICIEMBRE<\/a><\/li>\n<li><a href=\"http:\/\/www.ifop.cl\/remuneraciones\/resultado.php?ano=2016&amp;mes=NOVIEMBRE\" target=\"_blank\" rel=\"noopener\">NOVIEMBRE<\/a><\/li>\n<li><a href=\"http:\/\/www.ifop.cl\/remuneraciones\/resultado.php?ano=2016&amp;mes=OCTUBRE\" target=\"_blank\" rel=\"noopener\">OCTUBRE<\/a><\/li>\n<li><a href=\"http:\/\/www.ifop.cl\/remuneraciones\/resultado.php?ano=2016&amp;mes=SEPTIEMBRE\" target=\"_blank\" rel=\"noopener\">SEPTIEMBRE<\/a><\/li>\n<li><a href=\"http:\/\/www.ifop.cl\/remuneraciones\/resultado.php?ano=2016&amp;mes=AGOSTO\" target=\"_blank\" rel=\"noopener\">AGOSTO<\/a><\/li>\n<li><a href=\"http:\/\/www.ifop.cl\/remuneraciones\/resultado.php?ano=2016&amp;mes=JULIO\" target=\"_blank\" rel=\"noopener\">JULIO<\/a><\/li>\n<li><a href=\"http:\/\/www.ifop.cl\/remuneraciones\/resultado.php?ano=2016&amp;mes=Junio\" target=\"_blank\" rel=\"noopener\">JUNIO<\/a><\/li>\n<li><a href=\"http:\/\/www.ifop.cl\/remuneraciones\/resultado.php?ano=2016&amp;mes=MAYO\" target=\"_blank\" rel=\"noopener\">MAYO<\/a><\/li>\n<li><a href=\"http:\/\/www.ifop.cl\/remuneraciones\/resultado.php?ano=2016&amp;mes=ABRIL\" target=\"_blank\" rel=\"noopener\">ABRIL<\/a><\/li>\n<li><a href=\"http:\/\/www.ifop.cl\/remuneraciones\/resultado.php?ano=2016&amp;mes=MARZO\" target=\"_blank\" rel=\"noopener\">MARZO<\/a><\/li>\n<li><a href=\"http:\/\/www.ifop.cl\/remuneraciones\/resultado.php?ano=2016&amp;mes=FEBRERO\" target=\"_blank\" rel=\"noopener\">FEBRERO<\/a><\/li>\n<li><a href=\"http:\/\/www.ifop.cl\/remuneraciones\/resultado.php?ano=2016&amp;mes=ENERO\" target=\"_blank\" rel=\"noopener\">ENERO<\/a><\/li>\n<\/ul>\n<hr \/>\n<h4>A\u00f1o 2015<\/h4>\n<div class=\"row\">\n<div class=\"col-md-6\">\n<ul>\n<li><a href=\"http:\/\/www.ifop.cl\/remuneraciones\/resultado.php?ano=2015&amp;mes=DICIEMBRE\" target=\"_blank\" rel=\"noopener\">DICIEMBRE<\/a><\/li>\n<li><a href=\"http:\/\/www.ifop.cl\/remuneraciones\/resultado.php?ano=2015&amp;mes=NOVIEMBRE\" target=\"_blank\" rel=\"noopener\">NOVIEMBRE<\/a><\/li>\n<li><a href=\"http:\/\/www.ifop.cl\/remuneraciones\/resultado.php?ano=2015&amp;mes=OCTUBRE\" target=\"_blank\" rel=\"noopener\">OCTUBRE<\/a><\/li>\n<li><a href=\"http:\/\/www.ifop.cl\/remuneraciones\/resultado.php?ano=2015&amp;mes=SEPTIEMBRE\" target=\"_blank\" rel=\"noopener\">SEPTIEMBRE<\/a><\/li>\n<li><a href=\"http:\/\/www.ifop.cl\/remuneraciones\/resultado.php?ano=2015&amp;mes=AGOSTO\" target=\"_blank\" rel=\"noopener\">AGOSTO<\/a><\/li>\n<li><a href=\"http:\/\/www.ifop.cl\/remuneraciones\/resultado.php?ano=2015&amp;mes=JULIO\" target=\"_blank\" rel=\"noopener\">JULIO<\/a><\/li>\n<\/ul>\n<\/div>\n<div class=\"col-md-6\">\n<ul>\n<li><a href=\"http:\/\/www.ifop.cl\/remuneraciones\/resultado.php?ano=2015&amp;mes=JUNIO\" target=\"_blank\" rel=\"noopener\">JUNIO<\/a><\/li>\n<li><a href=\"http:\/\/www.ifop.cl\/remuneraciones\/resultado.php?ano=2015&amp;mes=MAYO\" target=\"_blank\" rel=\"noopener\">MAYO<\/a><\/li>\n<li><a href=\"http:\/\/www.ifop.cl\/remuneraciones\/resultado.php?ano=2015&amp;mes=ABRIL\" target=\"_blank\" rel=\"noopener\">ABRIL<\/a><\/li>\n<li><a href=\"http:\/\/www.ifop.cl\/remuneraciones\/resultado.php?ano=2015&amp;mes=MARZO\" target=\"_blank\" rel=\"noopener\">MARZO<\/a><\/li>\n<li><a href=\"http:\/\/www.ifop.cl\/remuneraciones\/resultado.php?ano=2015&amp;mes=FEBRERO\" target=\"_blank\" rel=\"noopener\">FEBRERO<\/a><\/li>\n<li><a href=\"http:\/\/www.ifop.cl\/remuneraciones\/resultado.php?ano=2015&amp;mes=ENERO\" target=\"_blank\" rel=\"noopener\">ENERO<\/a><\/li>\n<\/ul>\n<\/div>\n<\/div>\n<hr \/>\n<h4>A\u00f1o 2014<\/h4>\n<div class=\"row\">\n<div class=\"col-md-6\">\n<ul>\n<li><a href=\"http:\/\/www.ifop.cl\/remuneraciones\/resultado.php?ano=2014&amp;mes=DICIEMBRE\" target=\"_blank\" rel=\"noopener\">DICIEMBRE<\/a><\/li>\n<li><a href=\"http:\/\/www.ifop.cl\/remuneraciones\/resultado.php?ano=2014&amp;mes=NOVIEMBRE\" target=\"_blank\" rel=\"noopener\">NOVIEMBRE<\/a><\/li>\n<li><a href=\"http:\/\/www.ifop.cl\/remuneraciones\/resultado.php?ano=2014&amp;mes=OCTUBRE\" target=\"_blank\" rel=\"noopener\">OCTUBRE<\/a><\/li>\n<li><a href=\"http:\/\/www.ifop.cl\/remuneraciones\/resultado.php?ano=2014&amp;mes=SEPTIEMBRE\" target=\"_blank\" rel=\"noopener\">SEPTIEMBRE<\/a><\/li>\n<li><a href=\"http:\/\/www.ifop.cl\/remuneraciones\/resultado.php?ano=2014&amp;mes=AGOSTO\" target=\"_blank\" rel=\"noopener\">AGOSTO<\/a><\/li>\n<li><a href=\"http:\/\/www.ifop.cl\/remuneraciones\/resultado.php?ano=2014&amp;mes=JULIO\" target=\"_blank\" rel=\"noopener\">JULIO<\/a><\/li>\n<\/ul>\n<\/div>\n<div class=\"col-md-6\">\n<ul>\n<li><a href=\"http:\/\/www.ifop.cl\/remuneraciones\/resultado.php?ano=2014&amp;mes=JUNIO\" target=\"_blank\" rel=\"noopener\">JUNIO<\/a><\/li>\n<li><a href=\"http:\/\/www.ifop.cl\/remuneraciones\/resultado.php?ano=2014&amp;mes=MAYO\" target=\"_blank\" rel=\"noopener\">MAYO<\/a><\/li>\n<\/ul>\n<\/div>\n<\/div>","protected":false},"excerpt":{"rendered":"<p>A\u00f1o 2016 DICIEMBRE NOVIEMBRE OCTUBRE SEPTIEMBRE AGOSTO JULIO JUNIO MAYO ABRIL MARZO FEBRERO ENERO A\u00f1o 2015 DICIEMBRE NOVIEMBRE OCTUBRE SEPTIEMBRE AGOSTO JULIO JUNIO MAYO ABRIL MARZO FEBRERO ENERO A\u00f1o 2014 DICIEMBRE NOVIEMBRE OCTUBRE SEPTIEMBRE AGOSTO JULIO JUNIO MAYO<\/p>\n","protected":false},"author":1,"featured_media":0,"parent":5346,"menu_order":44,"comment_status":"closed","ping_status":"closed","template":"transparencia_contratos_cod_trabajo.php","meta":{"footnotes":""},"class_list":["post-6600","page","type-page","status-publish","hentry"],"_links":{"self":[{"href":"https:\/\/www.ifop.cl\/en\/wp-json\/wp\/v2\/pages\/6600"}],"collection":[{"href":"https:\/\/www.ifop.cl\/en\/wp-json\/wp\/v2\/pages"}],"about":[{"href":"https:\/\/www.ifop.cl\/en\/wp-json\/wp\/v2\/types\/page"}],"author":[{"embeddable":true,"href":"https:\/\/www.ifop.cl\/en\/wp-json\/wp\/v2\/users\/1"}],"replies":[{"embeddable":true,"href":"https:\/\/www.ifop.cl\/en\/wp-json\/wp\/v2\/comments?post=6600"}],"version-history":[{"count":23,"href":"https:\/\/www.ifop.cl\/en\/wp-json\/wp\/v2\/pages\/6600\/revisions"}],"predecessor-version":[{"id":30366,"href":"https:\/\/www.ifop.cl\/en\/wp-json\/wp\/v2\/pages\/6600\/revisions\/30366"}],"up":[{"embeddable":true,"href":"https:\/\/www.ifop.cl\/en\/wp-json\/wp\/v2\/pages\/5346"}],"wp:attachment":[{"href":"https:\/\/www.ifop.cl\/en\/wp-json\/wp\/v2\/media?parent=6600"}],"curies":[{"name":"wp","href":"https:\/\/api.w.org\/{rel}","templated":true}]}}