{"id":5346,"date":"2013-04-08T13:36:19","date_gmt":"2013-04-08T17:36:19","guid":{"rendered":"http:\/\/www.ifop.cl\/?page_id=5346"},"modified":"2026-03-13T09:27:39","modified_gmt":"2026-03-13T13:27:39","slug":"ley-20-285","status":"publish","type":"page","link":"https:\/\/www.ifop.cl\/en\/ley-20-285\/","title":{"rendered":"Transparent government"},"content":{"rendered":"<h2>Law N\u00b0 20.285 \u2013 Presidential Instruction N\u00b0 008\/2006<\/h2>\n<p><strong>Resoluci\u00f3n 500, t\u00edtulo II<\/strong><\/p>\n<div class=\"row\">\n<div class=\"col-md-4\">\n<p class=\"subMenu\"><b>01. Actos y documentos publicados en Diario Oficial<\/b><a title=\"\" href=\"https:\/\/www.ifop.cl\/ley-20-285\/actos-y-documentos-del-organismo-que-hayan-sido-objeto-de-publicacion-en-el-diario-oficial\/\" class=\"\">1.1 Actos y documentos del organismo que hayan sido objeto de publicaci\u00f3n en el Diario Oficial<\/a><u><\/u><br \/>\n<b>02. Potestades y Marco Normativo<\/b><a title=\"Marco Normativo\" href=\"http:\/\/www.ifop.cl\/ley-20-285\/marco-normativo\/\">2.1 Marco Normativo<\/a><a title=\"Marco Legal\" href=\"wp-content\/contenidos\/uploads\/trasparencia\/marco-normativo\/MARCO LEGAL IFOP.pdf\" target=\"_blank\" rel=\"noopener\">2.2 Marco Legal<\/a><a href=\"http:\/\/www.ifop.cl\/ley-20-285\/potestades-competencias-responsabilidades-funciones-atribuciones-yo-tareas\/\">2.3 Potestades, competencias, responsabilidades, funciones, atribuciones y\/o tareas<\/a><!--<a title=\"Actos y Resoluciones publicados en el diario oficial\" href=\"http:\/\/www.ifop.cl\/ley-20-285\/actos-y-resoluciones-publicados-en-el-diario-oficial\/\">Actos y Resoluciones publicados en el diario oficial--><u><\/u><br \/>\n<b>03. Estructura org\u00e1nica y facultades, funciones y atribuciones<\/b><\/a><a title=\"Diagrama de Estructura Org\u00e1nica\" href=\"http:\/\/www.ifop.cl\/ley-20-285\/organigrama-institucional\/\">3.1 Diagrama de la estructura org\u00e1nica<\/a><a href=\"http:\/\/www.ifop.cl\/ley-20-285\/facultades-funciones-y-atribuciones-de-sus-unidades-u-organos-internos\/\">3.2 Facultades, funciones y atribuciones de sus unidades u \u00f3rganos internos<\/a><u><\/u><br \/>\n<b>04. Personal y remuneraciones<\/b><a title=\"Dotaci\u00f3n de planta\" href=\"http:\/\/www.ifop.cl\/ley-20-285\/dotacion-de-planta\/\">4.1 Dotaci\u00f3n de planta<\/a><a title=\"Dotaci\u00f3n a contrata\" href=\"http:\/\/www.ifop.cl\/ley-20-285\/dotacion-a-contrata\/\">4.2 Dotaci\u00f3n a contrata<\/a><a title=\"Honorarios\" href=\"http:\/\/www.ifop.cl\/ley-20-285\/honorarios\/\">4.3 Honorarios<\/a><a title=\"Otros contratos sujetos al C\u00f3digo del Trabajo\" href=\"http:\/\/www.ifop.cl\/ley-20-285\/otros-contratos-sujetos-al-codigo-del-trabajo\/\">4.4 Otros contratos sujetos al C\u00f3digo del Trabajo<\/a><a href=\"http:\/\/www.ifop.cl\/ley-20-285\/remuneraciones-segun-estamentos-grados-o-jornadas\/\">4.5 Remuneraciones seg\u00fan estamentos, grados o jornadas<\/a><u><\/u>\n<\/p>\n<\/div>\n<div class=\"col-md-4\">\n<p class=\"subMenu\">\n<b>05. Adquisiciones y contrataciones<\/b><a title=\"En Mercado P\u00fablico\" href=\"https:\/\/www.mercadopublico.cl\/Portal\/Modules\/Site\/Busquedas\/ResultadoBusqueda.aspx?qs=1\" target=\"_blank\" rel=\"noopener\">5.1 En Mercado P\u00fablico<\/a><a title=\"Otras compras y adquisiciones\" href=\"http:\/\/www.ifop.cl\/ley-20-285\/otras-compras-y-adquisiciones\/\">5.2 Otras compras y adquisiciones<\/a><a title=\"Contrataciones relativas a Bienes Inmuebles y Otras Compras\" href=\"https:\/\/www.ifop.cl\/ley-20-285\/contrataciones-relativas-a-bienes-inmuebles-y-otras-compras\/\">5.3 Contrataciones relativas a Bienes Inmuebles y Otras Compras<\/a><u><\/u><br \/>\n<b>06. Transferencias de fondos y aportes econ\u00f3micos entregados<\/b><a title=\"Registro de la Ley N\u00b0 19.862\" href=\"https:\/\/www.ifop.cl\/ley-20-285\/registro-de-la-ley-n-19-862\/\">6.1 Registro de la Ley N\u00b0 19.862<\/a><a title=\"Otras transferencias\" href=\"https:\/\/www.ifop.cl\/ley-20-285\/otras-transferencias\/\">6.2 Otras transferencias<\/a><u><\/u><br \/>\n<b>07. Actos y resoluciones con efectos sobre terceras personas (informes, instrucciones, recomendaciones, convenios, sumarios, concursos p\u00fablicos otros)<\/b><a href=\"http:\/\/www.ifop.cl\/ley-20-285\/resoluciones-internas-de-la-direccion-ejecutiva\/\">7.1 Resoluciones internas de la Direcci\u00f3n Ejecutiva<\/a><a title=\"Actos con efectos sobre terceros\" href=\"http:\/\/www.ifop.cl\/ley-20-285\/actos-con-efectos-sobre-terceros\/\">7.2 Actos con efectos sobre terceros<\/a><u><\/u><br \/>\n<b>08. Tr\u00e1mites ante el organismo<\/b><a title=\"Otros tr\u00e1mites\" href=\"http:\/\/www.ifop.cl\/ley-20-285\/otros-tramites\/\">8.1 Otros tr\u00e1mites<\/a><u><\/u>\n<\/p>\n<\/div>\n<div class=\"col-md-4\">\n<p class=\"subMenu\">\n<b>09. Subsidios y beneficios<\/b><a title=\"Programas de subsidios y otros beneficios\" href=\"http:\/\/www.ifop.cl\/ley-20-285\/programas-de-subsidios-y-otros-beneficios\/\">9.1 Subsidios y beneficios<\/a><a href=\"https:\/\/www.ifop.cl\/ley-20-285\/nomina-de-personas-beneficiada\/\">9.2 N\u00f3mina de personas beneficiadas<\/a><u><\/u><br \/>\n<b>10. Mecanismos de participaci\u00f3n ciudadana<\/b><a href=\"https:\/\/www.ifop.cl\/ley-20-285\/mecanismos-de-participacion-ciudadana-en-ejecucion\/\">10.1 Mecanismos de participaci\u00f3n ciudadana en ejecuci\u00f3n<\/a><a title=\"Mecanismos de participaci\u00f3n ciudadana\" href=\"http:\/\/www.ifop.cl\/ley-20-285\/mecanismos-de-participacion-ciudadana\/\">10.2 Mecanismos de participaci\u00f3n ciudadana<\/a><a title=\"Mecanismos de participaci\u00f3n ciudadana\" href=\"https:\/\/www.ifop.cl\/ley-20-285\/consejo-de-la-sociedad-civil-consejos-consultivos\/\">10.3 Consejo de la Sociedad Civil (Consejos consultivos)<\/a><a href=\"https:\/\/www.ifop.cl\/ley-20-285\/norma-general-de-participacion-ciudadana\/\">10.4 Norma general de participaci\u00f3n ciudadana<\/a><u><\/u><br \/>\n<b>11. Presupuesto asignado y su ejecuci\u00f3n<\/b><a title=\"Presupuestos asignados y modificaciones\" href=\"http:\/\/www.ifop.cl\/ley-20-285\/presupuesto-institucional\/\">11.1 Presupuestos institucional<\/a><a title=\"Modificaciones Presupuestarias\" href=\"https:\/\/www.ifop.cl\/ley-20-285\/modificaciones-presupuestarias\/\">11.2 Modificaciones Presupuestarias<\/a><u><\/u><br \/>\n<b>12. Auditor\u00edas al ejercicio presupuestario y aclaraciones<\/b><!--<a title=\"Estados Financieros\" href=\"https:\/\/www.ifop.cl\/quienes-somos\/nuestra-memoria-institucional\/\">Estados Financieros--><\/a><a title=\"Auditor\u00edas\" href=\"https:\/\/www.ifop.cl\/quienes-somos\/nuestra-memoria-institucional\/\">12.1 Auditor\u00edas<\/a><u><\/u><br \/>\n<b>13. Participaci\u00f3n en otras entidades<\/b><a title=\"Participaci\u00f3n, representaci\u00f3n e intervenci\u00f3n\" href=\"http:\/\/www.ifop.cl\/ley-20-285\/participacion-representacion-e-intervencion\/\">13.1 Participaci\u00f3n, representaci\u00f3n e intervenci\u00f3n<\/a><u><\/u><br \/>\n<b>14. Antecedentes preparatorios de normas jur\u00eddicas generales que afecten a empresas de menor tama\u00f1o<\/b><a href=\"http:\/\/www.ifop.cl\/ley-20-285\/formularios-y-antecedentes-de-propuestas-normativas-que-afecten-a-empresas-de-menor-tamano-emt\/\">14.1 Formularios y antecedentes de propuestas normativas que afecten a empresas de menor tama\u00f1o (EMT)<\/a><u><\/u>\n<\/p>\n<\/div>\n<\/div>\n<hr \/>\n<p><strong>Resoluci\u00f3n 500, t\u00edtulo III<\/strong><\/p>\n<div class=\"row\">\n<div class=\"col-md-4\">\n<p class=\"subMenu\">\n<b>Publicaci\u00f3n del \u00edndice de actos y documentos calificados como secretos o reservados<\/b><a href=\"https:\/\/www.ifop.cl\/ley-20-285\/indice-de-actos-y-documentos-calificados-como-secretos-o-reservados\/\">\u00cdndice de actos y documentos calificados como secretos o reservados<\/a><u><\/u><br \/>\n<b>Publicaciones de actos administrativos que fija los costos directos de reproducci\u00f3n<\/b><a title=\"\" href=\"\" class=\"text-white\">.<\/a><u><\/u>\n<\/p>\n<\/div>\n<div class=\"col-md-4\">\n<p class=\"subMenu\">\n<b>Publicaciones de las sanciones impuestas en virtud de la Ley de Transparencia<\/b><a href=\"https:\/\/www.ifop.cl\/ley-20-285\/sanciones-impuestas-en-virtud-de-la-ley-de-transparencia\/\">Sanciones<\/a><u><\/u>\n<\/p>\n<\/div>\n<div class=\"col-md-4\">\n<p class=\"subMenu\">\n<b>Obligaciones de publicidad y transparencia establecida en otras leyes<\/b><a title=\"\" href=\"\" class=\"text-white\">.<\/a><u><\/u>\n<\/p>\n<\/div>\n<\/div>\n<hr \/>\n<p><strong>Otros<\/strong><\/p>\n<div class=\"row\">\n<div class=\"col-md-4\">\n<p class=\"subMenu\">\n<b>V\u00ednculos Institucionales<\/b><!--<a title=\"Participaci\u00f3n, representaci\u00f3n e intervenci\u00f3n\" href=\"http:\/\/www.ifop.cl\/ley-20-285\/participacion-representacion-e-intervencion\/\">Participaci\u00f3n, representaci\u00f3n e intervenci\u00f3n--><\/a><a title=\"Acreditaciones\" href=\"http:\/\/www.ifop.cl\/ley-20-285\/acreditaciones\/\">Acreditaciones<\/a><a title=\"Convenios\" href=\"https:\/\/www.ifop.cl\/quienes-somos\/alianzas-estrategicas\/\">Convenios<\/a><u><\/u><\/p>\n<\/div>\n<div class=\"col-md-4\">\n<p class=\"subMenu\">\n<b>Proyectos de Investigaci\u00f3n<\/b><a title=\"Proyectos en Ejecuci\u00f3n divisi\u00f3n: Investigaci\u00f3n Pesquera\" href=\"http:\/\/www.ifop.cl\/nuestro-que-hacer\/la-investigacion-pesquera\/planificacion-estrategica\/\">Proyectos en Ejecuci\u00f3n divisi\u00f3n: Investigaci\u00f3n Pesquera<\/a><a title=\"Proyectos en Ejecuci\u00f3n divisi\u00f3n: Investigaci\u00f3n en Acuicultura\" href=\"http:\/\/www.ifop.cl\/nuestro-que-hacer\/investigacion-en-acuicultura\/planificacion-estrategica\/\">Proyectos en Ejecuci\u00f3n divisi\u00f3n: Investigaci\u00f3n en Acuicultura<\/a><u><\/u><\/p>\n<\/div>\n<div class=\"col-md-4\">\n<p class=\"subMenu\"><b>Informes y Publicaciones<\/b><a title=\"Biblioteca IFOP\" target=\"_blank\" href=\"https:\/\/ifop-primotc.hosted.exlibrisgroup.com\/primo-explore\/search?vid=56IFOP&#038;lang=es_ES\" rel=\"noopener\">Biblioteca IFOP<\/a><a href=\"http:\/\/www.ifop.cl\/busqueda-de-informes\/\">Buscador de Informes<\/a><u><\/u><br \/>\n<!--<b>Antecedentes preparatorios de normas que afecten a EMT Ley N\u00b0 20.416<a href=\"http:\/\/www.ifop.cl\/ley-20-285\/formularios-y-antecedentes-de-propuestas-normativas-que-afecten-a-empresas-de-menor-tamano-emt\/\">Formularios y antecedentes de propuestas normativas que afecten a empresas de menor tama\u00f1o (EMT)<\/a><u><\/u>--><\/b><\/p>\n<\/div>\n<\/div>","protected":false},"excerpt":{"rendered":"<p>Law N\u00b0 20.285 \u2013 Presidential Instruction N\u00b0 008\/2006 Resoluci\u00f3n 500, t\u00edtulo II 01. Actos y documentos publicados en Diario Oficial1.1 Actos y documentos del organismo que hayan sido objeto de publicaci\u00f3n en el Diario Oficial 02. Potestades y Marco Normativo2.1 Marco Normativo2.2 Marco Legal2.3 Potestades, competencias, responsabilidades, funciones, atribuciones y\/o tareas 03. Estructura org\u00e1nica y facultades, funciones y atribuciones3.1 Diagrama de la estructura org\u00e1nica3.2 Facultades, funciones y atribuciones de sus unidades u \u00f3rganos internos 04. Personal y remuneraciones4.1 Dotaci\u00f3n de planta4.2 Dotaci\u00f3n a contrata4.3 Honorarios4.4 Otros contratos sujetos al C\u00f3digo del Trabajo4.5 Remuneraciones seg\u00fan estamentos, grados o jornadas 05. Adquisiciones [&hellip;]<\/p>\n","protected":false},"author":1,"featured_media":0,"parent":0,"menu_order":5,"comment_status":"closed","ping_status":"open","template":"plantilla-TransparenciaActiva.php","meta":{"footnotes":""},"class_list":["post-5346","page","type-page","status-publish","hentry"],"_links":{"self":[{"href":"https:\/\/www.ifop.cl\/en\/wp-json\/wp\/v2\/pages\/5346"}],"collection":[{"href":"https:\/\/www.ifop.cl\/en\/wp-json\/wp\/v2\/pages"}],"about":[{"href":"https:\/\/www.ifop.cl\/en\/wp-json\/wp\/v2\/types\/page"}],"author":[{"embeddable":true,"href":"https:\/\/www.ifop.cl\/en\/wp-json\/wp\/v2\/users\/1"}],"replies":[{"embeddable":true,"href":"https:\/\/www.ifop.cl\/en\/wp-json\/wp\/v2\/comments?post=5346"}],"version-history":[{"count":147,"href":"https:\/\/www.ifop.cl\/en\/wp-json\/wp\/v2\/pages\/5346\/revisions"}],"predecessor-version":[{"id":31885,"href":"https:\/\/www.ifop.cl\/en\/wp-json\/wp\/v2\/pages\/5346\/revisions\/31885"}],"wp:attachment":[{"href":"https:\/\/www.ifop.cl\/en\/wp-json\/wp\/v2\/media?parent=5346"}],"curies":[{"name":"wp","href":"https:\/\/api.w.org\/{rel}","templated":true}]}}