{"id":26020,"date":"2023-02-09T14:49:33","date_gmt":"2023-02-09T18:49:33","guid":{"rendered":"https:\/\/www.ifop.cl\/?page_id=26020"},"modified":"2023-08-24T12:51:43","modified_gmt":"2023-08-24T16:51:43","slug":"descarga-datos","status":"publish","type":"page","link":"https:\/\/www.ifop.cl\/en\/descarga-datos\/","title":{"rendered":"Download Data"},"content":{"rendered":"In this section you can download the base data that is presented in the climate change systems that are presented:<\/p>\n<table>\n<tbody>\n<tr>\n<td>GIS system layers:<\/td>\n<\/tr>\n<tr>\n<td>\n<ol>\n<li><a href=\"https:\/\/giscc.ifop.cl\/estaciones\/TSM.nc\" download=\"TSM.nc\">TSM<\/a><\/li>\n<li><a href=\"https:\/\/giscc.ifop.cl\/estaciones\/Anomalia_TSM.nc\" download=\"TSM.nc\">Anomal\u00eda TSM<\/a><\/li>\n<li><a href=\"https:\/\/giscc.ifop.cl\/estaciones\/Clorofila.nc\" download=\"TSM.nc\">Clorofila<\/a><\/li>\n<\/ol>\n<\/td>\n<\/tr>\n<tr>\n<td>Weather stations:<\/td>\n<\/tr>\n<tr>\n<td>\n<ul>\n<li><a href=\"https:\/\/giscc.ifop.cl\/estaciones\/001.csv\" download=\"Caleta Coliumo 001.csv\">Caleta Coliumo, Regi\u00f3n de BioBio<\/a><\/li>\n<li><a href=\"https:\/\/giscc.ifop.cl\/estaciones\/002.csv\" download=\"Caleta El Manzano 002.csv\">Caleta El Manzano, Regi\u00f3n de Los Lagos<\/a><\/li>\n<li><a href=\"https:\/\/giscc.ifop.cl\/estaciones\/003.csv\" download=\"Caleta Chipana 003.csv\">Caleta Chipana, Regi\u00f3n de Tarapac\u00e1<\/a><\/li>\n<li><a href=\"https:\/\/giscc.ifop.cl\/estaciones\/004.csv\" download=\"Isla Alacran 004.csv\">Isla Alacran, Regi\u00f3n de Arica y Parinacota<\/a><\/li>\n<li><a href=\"https:\/\/giscc.ifop.cl\/estaciones\/005.csv\" download=\"Punta Tetas 005.csv\">Punta Tetas, Regi\u00f3n de Antofagasta<\/a><\/li>\n<li><a href=\"https:\/\/giscc.ifop.cl\/estaciones\/006.csv\" download=\"Topocalma 006.csv\">Topocalma, Regi\u00f3n de Valparaiso<\/a><\/li>\n<li><a href=\"https:\/\/giscc.ifop.cl\/estaciones\/007.csv\" download=\"Puerto Montt 007.csv\">Puerto Montt, Regi\u00f3n de Los Lagos<\/a><\/li>\n<li><a href=\"https:\/\/giscc.ifop.cl\/estaciones\/008.csv\" download=\"I. Marimelli 008.csv\">I. Marimelli, Regi\u00f3n de Los Lagos<\/a><\/li>\n<li><a href=\"https:\/\/giscc.ifop.cl\/estaciones\/009.csv\" download=\"Isla Tranqui 009.csv\">Isla Tranqui , Regi\u00f3n de Los Lagos<\/a><\/li>\n<li><a href=\"https:\/\/giscc.ifop.cl\/estaciones\/010.csv\" download=\"Vilipulli Gill 010.csv\">Vilipulli Gill, Regi\u00f3n de Los Lagos<\/a><\/li>\n<li><a href=\"https:\/\/giscc.ifop.cl\/estaciones\/011.csv\" download=\"Caldera 011.csv\">Caldera, Regi\u00f3n de Atacama<\/a><\/li>\n<li><a href=\"https:\/\/giscc.ifop.cl\/estaciones\/012.csv\" download=\"Punta Lengua de Vaca 012.csv\">Punta Lengua de Vaca, Regi\u00f3n de Coquimbo<\/a><\/li>\n<li><a href=\"https:\/\/giscc.ifop.cl\/estaciones\/013.csv\" download=\"Punta Lavapie 013.csv\">Punta Lavapie, Regi\u00f3n de BioBio<\/a><\/li>\n<li><a href=\"https:\/\/giscc.ifop.cl\/estaciones\/014.csv\" download=\"Caleta Huinay 014.csv\">Caleta Huinay, Regi\u00f3n de Los lagos<\/a><\/li>\n<li><a href=\"https:\/\/giscc.ifop.cl\/estaciones\/015.csv\" download=\"Apiao 015.csv\">Apiao, Regi\u00f3n de Los Lagos<\/a><\/li>\n<li><a href=\"https:\/\/giscc.ifop.cl\/estaciones\/016.csv\" download=\"Cucao 016.csv\">Cucao, Regi\u00f3n de Los Lagos<\/a><\/li>\n<li><a href=\"https:\/\/giscc.ifop.cl\/estaciones\/017.csv\" download=\"Melinka 017.csv\">Melinka, Regi\u00f3n de Aysen<\/a><\/li>\n<li><a href=\"https:\/\/giscc.ifop.cl\/estaciones\/018.csv\" download=\"Chaihuin 018.csv\">Chaihuin, Regi\u00f3n de los R\u00edos<\/a><\/li>\n<li><a href=\"https:\/\/giscc.ifop.cl\/estaciones\/020.csv\" download=\"Miraflores Alto, Vi\">Miraflores Alto, Vi&#8221;a del Mar, Regi\u00f3n de Valpara\u00edso<\/a><\/li>\n<li><a href=\"https:\/\/giscc.ifop.cl\/estaciones\/030.csv\" download=\"Isla Riesco 030.csv\">Isla Riesco, Regi\u00f3n de Magallanes<\/a><\/li>\n<li><a href=\"https:\/\/giscc.ifop.cl\/estaciones\/101.csv\" download=\"Calama 101.csv\">Calama, Regi\u00f3n de Antofagasta<\/a><\/li>\n<li><a href=\"https:\/\/giscc.ifop.cl\/estaciones\/102.csv\" download=\"El Carmen 102.csv\">El Carmen, Regi\u00f3n de Atacama<\/a><\/li>\n<li><a href=\"https:\/\/giscc.ifop.cl\/estaciones\/103.csv\" download=\"Sotaqu\u00ed 103.csv\">Sotaqu\u00ed, Regi\u00f3n de Coquimbo<\/a><\/li>\n<li><a href=\"https:\/\/giscc.ifop.cl\/estaciones\/104.csv\" download=\"Ovalle 104.csv\">Ovalle, Regi\u00f3n de Coquimbo<\/a><\/li>\n<li><a href=\"https:\/\/giscc.ifop.cl\/estaciones\/105.csv\" download=\"La Greda 105.csv\">La Greda, Regi\u00f3n de Valparaiso<\/a><\/li>\n<li><a href=\"https:\/\/giscc.ifop.cl\/estaciones\/106.csv\" download=\"Graneros 106.csv\">Graneros, Regi\u00f3n de Coquimbo<\/a><\/li>\n<li><a href=\"https:\/\/giscc.ifop.cl\/estaciones\/107.csv\" download=\"Agua Amarilla 107.csv\">Agua Amarilla, Regi\u00f3n de Coquimbo<\/a><\/li>\n<li><a href=\"https:\/\/giscc.ifop.cl\/estaciones\/108.csv\" download=\"Los Molles 108.csv\">Los Molles, Regi\u00f3n de Valparaiso<\/a><\/li>\n<li><a href=\"https:\/\/giscc.ifop.cl\/estaciones\/109.csv\" download=\"Papudo 109.csv\">Papudo, Regi\u00f3n de Valparaiso<\/a><\/li>\n<li><a href=\"https:\/\/giscc.ifop.cl\/estaciones\/110.csv\" download=\"Quintero 110.csv\">Quintero, Regi\u00f3n de Valparaiso<\/a><\/li>\n<li><a href=\"https:\/\/giscc.ifop.cl\/estaciones\/111.csv\" download=\"Los Andes 111.csv\">Los Andes, Regi\u00f3n de Valparaiso<\/a><\/li>\n<li><a href=\"https:\/\/giscc.ifop.cl\/estaciones\/112.csv\" download=\"Conc\u00f3n 112.csv\">Conc\u00f3n, Regi\u00f3n de Valparaiso<\/a><\/li>\n<li><a href=\"https:\/\/giscc.ifop.cl\/estaciones\/113.csv\" download=\"Las Salinas 113.csv\">Las Salinas, Regi\u00f3n de Valparaiso<\/a><\/li>\n<li><a href=\"https:\/\/giscc.ifop.cl\/estaciones\/114.csv\" download=\"Miraflores Alto 114.csv\">Miraflores Alto, Regi\u00f3n de Valparaiso<\/a><\/li>\n<li><a href=\"https:\/\/giscc.ifop.cl\/estaciones\/115.csv\" download=\"Vi\">Vi&#8221;a del Mar Alto, Regi\u00f3n de Valparaiso<\/a><\/li>\n<li><a href=\"https:\/\/giscc.ifop.cl\/estaciones\/116.csv\" download=\"Quilpu\u00e9 Centro 116.csv\">Quilpu\u00e9 Centro, Regi\u00f3n de Valparaiso<\/a><\/li>\n<li><a href=\"https:\/\/giscc.ifop.cl\/estaciones\/117.csv\" download=\"Quilpu\u00e9 117.csv\">Quilpu\u00e9, Regi\u00f3n de Valparaiso<\/a><\/li>\n<li><a href=\"https:\/\/giscc.ifop.cl\/estaciones\/118.csv\" download=\"Tiltil 118.csv\">Tiltil, Regi\u00f3n Metropolitana<\/a><\/li>\n<li><a href=\"https:\/\/giscc.ifop.cl\/estaciones\/119.csv\" download=\"Laguna Verde 119.csv\">Laguna Verde, Regi\u00f3n de Valparaiso<\/a><\/li>\n<li><a href=\"https:\/\/giscc.ifop.cl\/estaciones\/120.csv\" download=\"Placilla de Pe\">Placilla de Pe&#8221;uelas, Regi\u00f3n de Valparaiso<\/a><\/li>\n<li><a href=\"https:\/\/giscc.ifop.cl\/estaciones\/121.csv\" download=\"Colina 121.csv\">Colina, Regi\u00f3n Metropolitana<\/a><\/li>\n<li><a href=\"https:\/\/giscc.ifop.cl\/estaciones\/122.csv\" download=\"Lampa 122.csv\">Lampa, Regi\u00f3n Metropolitana<\/a><\/li>\n<li><a href=\"https:\/\/giscc.ifop.cl\/estaciones\/123.csv\" download=\"Curacav\u00ed 123.csv\">Curacav\u00ed, Regi\u00f3n Metropolitana<\/a><\/li>\n<li><a href=\"https:\/\/giscc.ifop.cl\/estaciones\/124.csv\" download=\"Pedro Aguirre Cerda 124.csv\">Pedro Aguirre Cerda, Regi\u00f3n Metropolitana<\/a><\/li>\n<li><a href=\"https:\/\/giscc.ifop.cl\/estaciones\/125.csv\" download=\"San Miguel 125.csv\">San Miguel, Regi\u00f3n Metropolitana<\/a><\/li>\n<li><a href=\"https:\/\/giscc.ifop.cl\/estaciones\/126.csv\" download=\"Santo Domingo 126.csv\">Santo Domingo, Regi\u00f3n de Valparaiso<\/a><\/li>\n<li><a href=\"https:\/\/giscc.ifop.cl\/estaciones\/127.csv\" download=\"Paine 127.csv\">Paine, Regi\u00f3n Metropolitana<\/a><\/li>\n<li><a href=\"https:\/\/giscc.ifop.cl\/estaciones\/128.csv\" download=\"Nancagua 128.csv\">Nancagua, Regi\u00f3n de O&#8217;Higgins<\/a><\/li>\n<li><a href=\"https:\/\/giscc.ifop.cl\/estaciones\/129.csv\" download=\"Los \u00c1ngeles 129.csv\">Los \u00c1ngeles, Regi\u00f3n de BioBio<\/a><\/li>\n<li><a href=\"https:\/\/giscc.ifop.cl\/estaciones\/130.csv\" download=\"Lonquimay 130.csv\">Lonquimay, Regi\u00f3n de la Araucan\u00eda<\/a><\/li>\n<li><a href=\"https:\/\/giscc.ifop.cl\/estaciones\/131.csv\" download=\"Temuco Norte 131.csv\">Temuco Norte, Regi\u00f3n de la Araucan\u00eda<\/a><\/li>\n<li><a href=\"https:\/\/giscc.ifop.cl\/estaciones\/132.csv\" download=\"Melipeuco, Parque Nacional Conguill\u00edo 132.csv\">Melipeuco, Parque Nacional Conguill\u00edo, Regi\u00f3n de la Araucan\u00eda<\/a><\/li>\n<li><a href=\"https:\/\/giscc.ifop.cl\/estaciones\/133.csv\" download=\"Temuco (sector estadio) 133.csv\">Temuco (sector estadio), Regi\u00f3n de la Araucan\u00eda<\/a><\/li>\n<li><a href=\"https:\/\/giscc.ifop.cl\/estaciones\/134.csv\" download=\"Pitrufqu\u00e9n 134.csv\">Pitrufqu\u00e9n, Regi\u00f3n de la Araucan\u00eda<\/a><\/li>\n<li><a href=\"https:\/\/giscc.ifop.cl\/estaciones\/135.csv\" download=\"Pitrufqu\u00e9n 135.csv\">Pitrufqu\u00e9n, Regi\u00f3n de la Araucan\u00eda<\/a><\/li>\n<li><a href=\"https:\/\/giscc.ifop.cl\/estaciones\/136.csv\" download=\"Entre Lagos 136.csv\">Entre Lagos, Regi\u00f3n de Los Lagos<\/a><\/li>\n<li><a href=\"https:\/\/giscc.ifop.cl\/estaciones\/137.csv\" download=\"Loncotoro 137.csv\">Loncotoro, Regi\u00f3n de Los Lagos<\/a><\/li>\n<li><a href=\"https:\/\/giscc.ifop.cl\/estaciones\/138.csv\" download=\"Puerto Montt 138.csv\">Puerto Montt, Regi\u00f3n de Los Lagos<\/a><\/li>\n<li><a href=\"https:\/\/giscc.ifop.cl\/estaciones\/139.csv\" download=\"Estaci\u00f3n Biol\u00f3gica Senda Darwin, Ancud 139.csv\">Estaci\u00f3n Biol\u00f3gica Senda Darwin, Ancud, Regi\u00f3n de Los Lagos<\/a><\/li>\n<li><a href=\"https:\/\/giscc.ifop.cl\/estaciones\/140.csv\" download=\"Mar Brava, Ancud 140.csv\">Mar Brava, Ancud, Regi\u00f3n de Los Lagos<\/a><\/li>\n<li><a href=\"https:\/\/giscc.ifop.cl\/estaciones\/141.csv\" download=\"Cordillera de Piuchue, Dalcahue 141.csv\">Cordillera de Piuchue, Dalcahue, Regi\u00f3n de Los Lagos<\/a><\/li>\n<li><a href=\"https:\/\/giscc.ifop.cl\/estaciones\/142.csv\" download=\"Dalcahue 142.csv\">Dalcahue, Regi\u00f3n de Los Lagos<\/a><\/li>\n<li><a href=\"https:\/\/giscc.ifop.cl\/estaciones\/143.csv\" download=\"Punta Arenas 143.csv\">Punta Arenas, Regi\u00f3n de Magallanes<\/a><\/li>\n<li><a href=\"https:\/\/giscc.ifop.cl\/estaciones\/144.csv\" download=\"R\u00e1nquil 144.csv\">R\u00e1nquil, Regi\u00f3n del &#8220;uble<\/a><\/li>\n<li><a href=\"https:\/\/giscc.ifop.cl\/estaciones\/145.csv\" download=\"Curic\u00f3 sector sur 145.csv\">Curic\u00f3 sector sur, Regi\u00f3n del Maule<\/a><\/li>\n<li><a href=\"https:\/\/giscc.ifop.cl\/estaciones\/146.csv\" download=\"Curepto 146.csv\">Curepto, Regi\u00f3n del Maule<\/a><\/li>\n<li><a href=\"https:\/\/giscc.ifop.cl\/estaciones\/147.csv\" download=\"Casablanca sector la playa 147.csv\">Casablanca sector la playa, Regi\u00f3n de Valparaiso<\/a><\/li>\n<li><a href=\"https:\/\/giscc.ifop.cl\/estaciones\/148.csv\" download=\"Osorno, Mulpulmo 148.csv\">Osorno, Mulpulmo, Regi\u00f3n de Los Lagos<\/a><\/li>\n<li><a href=\"https:\/\/giscc.ifop.cl\/estaciones\/149.csv\" download=\"Combarbal\u00e1, Quilitapia 149.csv\">Combarbal\u00e1, Quilitapia, Regi\u00f3n de Coquimbo<\/a><\/li>\n<li><a href=\"https:\/\/giscc.ifop.cl\/estaciones\/150.csv\" download=\"Pirque 150.csv\">Pirque, Regi\u00f3n Metropolitana<\/a><\/li>\n<li><a href=\"https:\/\/giscc.ifop.cl\/estaciones\/151.csv\" download=\"Buin Oriente 151.csv\">Buin Oriente, Regi\u00f3n Metropolitana<\/a><\/li>\n<li><a href=\"https:\/\/giscc.ifop.cl\/estaciones\/152.csv\" download=\"Padre Las Casas 152.csv\">Padre Las Casas, Regi\u00f3n de la Araucan\u00eda<\/a><\/li>\n<li><a href=\"https:\/\/giscc.ifop.cl\/estaciones\/153.csv\" download=\"Pichilemu 153.csv\">Pichilemu, Regi\u00f3n de O&#8217;Higgins<\/a><\/li>\n<li><a href=\"https:\/\/giscc.ifop.cl\/estaciones\/154.csv\" download=\"La Calera 154.csv\">La Calera, Regi\u00f3n de Valparaiso<\/a><\/li>\n<li><a href=\"https:\/\/giscc.ifop.cl\/estaciones\/155.csv\" download=\"Mehuin 155.csv\">Mehuin, Regi\u00f3n de Los R\u00edos<\/a><\/li>\n<li><a href=\"https:\/\/giscc.ifop.cl\/estaciones\/156.csv\" download=\"Los Ciruelos 156.csv\">Los Ciruelos, Regi\u00f3n Metropolitana<\/a><\/li>\n<li><a href=\"https:\/\/giscc.ifop.cl\/estaciones\/157.csv\" download=\"Los Pellines 157.csv\">Los Pellines, Regi\u00f3n de Los R\u00edos<\/a><\/li>\n<li><a href=\"https:\/\/giscc.ifop.cl\/estaciones\/158.csv\" download=\"Torobayo 158.csv\">Torobayo, Regi\u00f3n de Los R\u00edos<\/a><\/li>\n<li><a href=\"https:\/\/giscc.ifop.cl\/estaciones\/159.csv\" download=\"Valdivia 159.csv\">Valdivia, Regi\u00f3n de Los R\u00edos<\/a><\/li>\n<li><a href=\"https:\/\/giscc.ifop.cl\/estaciones\/160.csv\" download=\"M\u00e1fil 160.csv\">M\u00e1fil, Regi\u00f3n de Los R\u00edos<\/a><\/li>\n<li><a href=\"https:\/\/giscc.ifop.cl\/estaciones\/161.csv\" download=\"San Jos\u00e9 de la Mariquina 161.csv\">San Jos\u00e9 de la Mariquina, Regi\u00f3n de Los R\u00edos<\/a><\/li>\n<li><a href=\"https:\/\/giscc.ifop.cl\/estaciones\/300.csv\" download=\"Paita 300.csv\">Paita, Departamento de Piura<\/a><\/li>\n<li><a href=\"https:\/\/giscc.ifop.cl\/estaciones\/301.csv\" download=\"Chimbote 301.csv\">Chimbote, Departamento de Ancash<\/a><\/li>\n<li><a href=\"https:\/\/giscc.ifop.cl\/estaciones\/302.csv\" download=\"Callao 302.csv\">Callao, Provincia constitucional del Callao<\/a><\/li>\n<li><a href=\"https:\/\/giscc.ifop.cl\/estaciones\/303.csv\" download=\"Pisco 303.csv\">Pisco, Departamento de Ica<\/a><\/li>\n<li><a href=\"https:\/\/giscc.ifop.cl\/estaciones\/304.csv\" download=\"Ilo 304.csv\">Ilo, Departamento de Moquegua<\/a><\/li>\n<li><a href=\"https:\/\/giscc.ifop.cl\/estaciones\/400.csv\" download=\"Boya BlueBoat 400.csv\">Boya BlueBoat, Regi\u00f3n de los Lagos<\/a><\/li>\n<\/ul>\n<\/td>\n<\/tr>\n<\/tbody>\n<\/table>","protected":false},"excerpt":{"rendered":"<p>In this section you can download the base data that is presented in the climate change systems that are presented: GIS system layers: TSM Anomal\u00eda TSM Clorofila Weather stations: Caleta Coliumo, Regi\u00f3n de BioBio Caleta El Manzano, Regi\u00f3n de Los Lagos Caleta Chipana, Regi\u00f3n de Tarapac\u00e1 Isla Alacran, Regi\u00f3n de Arica y Parinacota Punta Tetas, Regi\u00f3n de Antofagasta Topocalma, Regi\u00f3n de Valparaiso Puerto Montt, Regi\u00f3n de Los Lagos I. Marimelli, Regi\u00f3n de Los Lagos Isla Tranqui , Regi\u00f3n de Los Lagos Vilipulli Gill, Regi\u00f3n de Los Lagos Caldera, Regi\u00f3n de Atacama Punta Lengua de Vaca, Regi\u00f3n de Coquimbo Punta Lavapie, [&hellip;]<\/p>\n","protected":false},"author":8,"featured_media":0,"parent":0,"menu_order":0,"comment_status":"closed","ping_status":"closed","template":"plantilla_cambio_climatico.php","meta":{"footnotes":""},"class_list":["post-26020","page","type-page","status-publish","hentry"],"_links":{"self":[{"href":"https:\/\/www.ifop.cl\/en\/wp-json\/wp\/v2\/pages\/26020"}],"collection":[{"href":"https:\/\/www.ifop.cl\/en\/wp-json\/wp\/v2\/pages"}],"about":[{"href":"https:\/\/www.ifop.cl\/en\/wp-json\/wp\/v2\/types\/page"}],"author":[{"embeddable":true,"href":"https:\/\/www.ifop.cl\/en\/wp-json\/wp\/v2\/users\/8"}],"replies":[{"embeddable":true,"href":"https:\/\/www.ifop.cl\/en\/wp-json\/wp\/v2\/comments?post=26020"}],"version-history":[{"count":36,"href":"https:\/\/www.ifop.cl\/en\/wp-json\/wp\/v2\/pages\/26020\/revisions"}],"predecessor-version":[{"id":27104,"href":"https:\/\/www.ifop.cl\/en\/wp-json\/wp\/v2\/pages\/26020\/revisions\/27104"}],"wp:attachment":[{"href":"https:\/\/www.ifop.cl\/en\/wp-json\/wp\/v2\/media?parent=26020"}],"curies":[{"name":"wp","href":"https:\/\/api.w.org\/{rel}","templated":true}]}}