{"id":21597,"date":"2020-03-24T14:44:23","date_gmt":"2020-03-24T18:44:23","guid":{"rendered":"https:\/\/www.ifop.cl\/?page_id=21597"},"modified":"2020-10-21T10:25:15","modified_gmt":"2020-10-21T14:25:15","slug":"caleta-coliumo","status":"publish","type":"page","link":"https:\/\/www.ifop.cl\/en\/red-de-monitoreo-cambio-climatico\/visualizacion-datos-monitoreo-basico-local\/caleta-coliumo\/","title":{"rendered":"Artisanal fishing port Coliumo"},"content":{"rendered":"<figure id=\"attachment_20460\" aria-describedby=\"caption-attachment-20460\" style=\"width: 388px\" class=\"wp-caption alignleft\"><a href=\"https:\/\/www.ifop.cl\/wp-content\/uploads\/2020\/03\/mapa-Coliumo.png\" rel=\"21597\"><img loading=\"lazy\" decoding=\"async\" class=\"wp-image-20460\" src=\"https:\/\/www.ifop.cl\/wp-content\/uploads\/2020\/03\/mapa-Coliumo.png\" alt=\"Location of sampling stations\" width=\"388\" height=\"524\" \/><\/a><figcaption id=\"caption-attachment-20460\" class=\"wp-caption-text\">Location of sampling stations<\/figcaption><\/figure>\n<figure id=\"attachment_20460\" aria-describedby=\"caption-attachment-20460\" style=\"width: 200px\" class=\"wp-caption alignright\"><a href=\"https:\/\/www.ifop.cl\/wp-content\/uploads\/2020\/03\/foto-Coliumo.jpg\" rel=\"21597\"><img loading=\"lazy\" decoding=\"async\" class=\"wp-image-20460\" src=\"https:\/\/www.ifop.cl\/wp-content\/uploads\/2020\/03\/foto-Coliumo.jpg\" alt=\"'\" width=\"200\" height=\"424\" \/><\/a><figcaption id=\"caption-attachment-20460\" class=\"wp-caption-text\">&#8216;<\/figcaption><\/figure>\n<p style=\"text-align: justify;\"><b>L<\/b>ocated in the Tom\u00e9 community in the Biob\u00edo region, 42 km from Concepci\u00f3n. Bah\u00eda Coliumo presents an important brand and an important event of the event during the spring and winter period, which will characterize this highly productive area and will support a high weight of the product. Artisanal fishing is divided into boatmen, boatmen and seaweed. Among the boatmen, their main resources are: sardine, anchovy, horse mackerel, cuttlefish, pippin and common hake. Among the boatmen the main resources are; common hake, silverside, pippin and cuttlefish. And among the algueras the main resources are: chicorea de mar, pelillo, luga and la chasca..<br \/>\n[wpdatachart id=20]\n<p style=\"text-align: justify;\">[wpdatachart id=1]\n[wpdatachart id=2]\n[wpdatachart id=3]","protected":false},"excerpt":{"rendered":"<p>Located in the Tom\u00e9 community in the Biob\u00edo region, 42 km from Concepci\u00f3n. Bah\u00eda Coliumo presents an important brand and an important event of the event during the spring and winter period, which will characterize this highly productive area and will support a high weight of the product. Artisanal fishing is divided into boatmen, boatmen and seaweed. Among the boatmen, their main resources are: sardine, anchovy, horse mackerel, cuttlefish, pippin and common hake. Among the boatmen the main resources are; common hake, silverside, pippin and cuttlefish. And among the algueras the main resources are: chicorea de mar, pelillo, luga and [&hellip;]<\/p>\n","protected":false},"author":8,"featured_media":0,"parent":21595,"menu_order":3,"comment_status":"closed","ping_status":"closed","template":"","meta":{"footnotes":""},"class_list":["post-21597","page","type-page","status-publish","hentry"],"_links":{"self":[{"href":"https:\/\/www.ifop.cl\/en\/wp-json\/wp\/v2\/pages\/21597"}],"collection":[{"href":"https:\/\/www.ifop.cl\/en\/wp-json\/wp\/v2\/pages"}],"about":[{"href":"https:\/\/www.ifop.cl\/en\/wp-json\/wp\/v2\/types\/page"}],"author":[{"embeddable":true,"href":"https:\/\/www.ifop.cl\/en\/wp-json\/wp\/v2\/users\/8"}],"replies":[{"embeddable":true,"href":"https:\/\/www.ifop.cl\/en\/wp-json\/wp\/v2\/comments?post=21597"}],"version-history":[{"count":25,"href":"https:\/\/www.ifop.cl\/en\/wp-json\/wp\/v2\/pages\/21597\/revisions"}],"predecessor-version":[{"id":22699,"href":"https:\/\/www.ifop.cl\/en\/wp-json\/wp\/v2\/pages\/21597\/revisions\/22699"}],"up":[{"embeddable":true,"href":"https:\/\/www.ifop.cl\/en\/wp-json\/wp\/v2\/pages\/21595"}],"wp:attachment":[{"href":"https:\/\/www.ifop.cl\/en\/wp-json\/wp\/v2\/media?parent=21597"}],"curies":[{"name":"wp","href":"https:\/\/api.w.org\/{rel}","templated":true}]}}