{"id":17770,"date":"2018-01-08T10:23:58","date_gmt":"2018-01-08T14:23:58","guid":{"rendered":"https:\/\/www.ifop.cl\/?page_id=17770"},"modified":"2025-10-28T09:01:16","modified_gmt":"2025-10-28T13:01:16","slug":"grupo-de-trabajo-biodiversidad","status":"publish","type":"page","link":"https:\/\/www.ifop.cl\/en\/nuestro-que-hacer\/la-investigacion-pesquera\/doma\/grupo-de-trabajo-biodiversidad\/","title":{"rendered":"Work Team"},"content":{"rendered":"<div class=\"entrada_post\">\n<h3><strong>Patricia Z\u00e1rate<\/strong><\/h3>\n<p><img loading=\"lazy\" decoding=\"async\" class=\"alignleftwB size-full wp-image-1463\" title=\"dep\" src=\"https:\/\/www.ifop.cl\/wp-content\/uploads\/2018\/01\/patricia_zarate.jpg\" alt=\"\" width=\"100\" height=\"133\" \/>Marine Biologist and Doctor in Zoology (University of Florida, USA), is a professional in the marine conservation area, with experience and expertise in projects formulation and execution and evaluation and population dynamics of highly migratory and threatened species, with emphasis on applied ecology in marine ecosystems and fisheries management. In his research she uses a combination of innovative analysis techniques such as stable isotopes, genetics and telemetry.<br \/>\n<span class=\"collapseomatic \" id=\"id69db854b8509d\"  tabindex=\"0\" title=\"Read more\"    >Read more<\/span><span id='swap-id69db854b8509d'  class='colomat-swap' style='display:none;'>Close<\/span><div id=\"target-id69db854b8509d\" class=\"collapseomatic_content \">\n<p><strong>Featured projects in which she participates<\/strong><\/p>\n<ul>\n<li>Monitoring of Highly Migratory Resources<\/li>\n<li>Satellite Marking of Pelagic Sharks<\/li>\n<li>Trophic Ecology and structure and genetic diversity of marine turtles<\/li>\n<li>Physiology and structure and genetic diversity of sunfish <i class='nomcientifico'>Lampris guttatus<\/i><\/li>\n<\/ul>\n<p><strong>Relevant publications:<\/strong><\/p>\n<ul>\n<li>Z\u00e1rate P, Bjorndal KA, Seminoff JA, Dutton PH and AB Bolten. 2015. Somatic growth rates of green turtles and hawksbills in the Gal\u00e1pagos Islands.<\/li>\n<li>J Herpetol. Dutton PH, Jensen MP, Frey A, LaCasella E, Balazs GH, Z\u00e1rate P, Chassin-Noria O, AL Sarti-Martinez and R Piedra. 2014. Population structure and phylogeography reveal pathways of colonization by a migratory marine reptile (<em><i class='nomcientifico'>Chelonia mydas<\/i><\/em>) in the central and eastern Pacific based on analysis of mtDNA. Ecol Evol.<\/li>\n<li>Z\u00e1rate P, Bjorndal KA, Parra M, Dutton PH, Seminoff JA and AB Bolten. 2013. Hatching and emergence success of green turtle (<em><i class='nomcientifico'>Chelonia mydas<\/i><\/em>) in the Gal\u00e1pagos Islands. Aquat Biol.<\/li>\n<li>Roden SE, Morin PA, Frey A, Balazs GH, Z\u00e1rate P, Cheng and PH Dutton. 2013. Carri\u00f3n-Cort\u00e9z J, Z\u00e1rate P and JA Seminoff. 2010. Feeding ecology of the green sea turtle (<em><i class='nomcientifico'>Chelonia mydas<\/i><\/em>) in the Gal\u00e1pagos Islands. J Mar Biol Assoc UK.<\/li>\n<li>Dutton PH, Balazs GH, LeRoux RA, Murakawa SKK, Z\u00e1rate P and L Sarti. Seminoff JA, Z\u00e1rate P, Coyne M, Foley DG, Parker D, Lyon BN\u2020 and PH Dutton. 2008. Post-nesting migrations of Gal\u00e1pagos green turtles <em><i class='nomcientifico'>Chelonia mydas<\/i><\/em> in relation to oceanographic conditions: integrating satellite telemetry with remotely sensed ocean data. Endang Species Res.<\/li>\n<\/ul>\n<p>E-mail: <a href=\"mailto:patricia.zarate@ifop.cl\">patricia.zarate@ifop.cl<\/a> <\/div>\n<\/div>","protected":false},"excerpt":{"rendered":"<p>Patricia Z\u00e1rate Marine Biologist and Doctor in Zoology (University of Florida, USA), is a professional in the marine conservation area, with experience and expertise in projects formulation and execution and evaluation and population dynamics of highly migratory and threatened species, with emphasis on applied ecology in marine ecosystems and fisheries management. In his research she uses a combination of innovative analysis techniques such as stable isotopes, genetics and telemetry.<\/p>\n","protected":false},"author":1,"featured_media":0,"parent":13548,"menu_order":0,"comment_status":"closed","ping_status":"closed","template":"","meta":{"footnotes":""},"class_list":["post-17770","page","type-page","status-publish","hentry"],"_links":{"self":[{"href":"https:\/\/www.ifop.cl\/en\/wp-json\/wp\/v2\/pages\/17770"}],"collection":[{"href":"https:\/\/www.ifop.cl\/en\/wp-json\/wp\/v2\/pages"}],"about":[{"href":"https:\/\/www.ifop.cl\/en\/wp-json\/wp\/v2\/types\/page"}],"author":[{"embeddable":true,"href":"https:\/\/www.ifop.cl\/en\/wp-json\/wp\/v2\/users\/1"}],"replies":[{"embeddable":true,"href":"https:\/\/www.ifop.cl\/en\/wp-json\/wp\/v2\/comments?post=17770"}],"version-history":[{"count":42,"href":"https:\/\/www.ifop.cl\/en\/wp-json\/wp\/v2\/pages\/17770\/revisions"}],"predecessor-version":[{"id":31975,"href":"https:\/\/www.ifop.cl\/en\/wp-json\/wp\/v2\/pages\/17770\/revisions\/31975"}],"up":[{"embeddable":true,"href":"https:\/\/www.ifop.cl\/en\/wp-json\/wp\/v2\/pages\/13548"}],"wp:attachment":[{"href":"https:\/\/www.ifop.cl\/en\/wp-json\/wp\/v2\/media?parent=17770"}],"curies":[{"name":"wp","href":"https:\/\/api.w.org\/{rel}","templated":true}]}}