{"id":1245,"date":"2011-04-03T03:22:06","date_gmt":"2011-04-03T03:22:06","guid":{"rendered":"\/?page_id=1245"},"modified":"2015-11-23T00:07:59","modified_gmt":"2015-11-23T04:07:59","slug":"1245-2","status":"publish","type":"page","link":"https:\/\/www.ifop.cl\/en\/nuestro-que-hacer\/investigacion-en-acuicultura\/marea-roja\/1245-2\/","title":{"rendered":"Descargas"},"content":{"rendered":"Red\u00a0Tide | Staff | Downloads | FAQ | Links<\/p>\n<table border=\"0\" width=\"70%\" cellspacing=\"5\" cellpadding=\"0\" align=\"center\">\n<tbody>\n<tr>\n<td>\n<ul>\n<li><strong><a href=\"\/mr\/images\/upload\/file\/1_%20INTOXICACIONES%20CORRIENTES%20EN%20AVES%20ACUATICAS_Robert%20H_%20Poppenga.pdf\" target=\"_blank\">INTOXICACIONES CORRIENTES EN AVES ACUATICAS<\/a><\/strong><br \/>\nRobert H. Poppenga<br \/>\n<img loading=\"lazy\" decoding=\"async\" src=\"\/mr\/images\/upload\/image\/icono_pdf.gif\" alt=\"\" width=\"16\" height=\"16\" align=\"absBottom\" \/> PDF &#8211; 57KB<\/li>\n<li><strong><a href=\"\/mr\/images\/upload\/file\/2_%20Bacterial%20growth%20response%20to%20copepod%20grazing%20in%20aquatic%20ecosystems_Vargas%20et%20al,%202007.pdf\" target=\"_blank\">BACTERIAL GROWTH RESPONSE TO COPEPOD GRAZING IN AQUATIC ECOSYSTEMS<\/a><\/strong><br \/>\nVargas et al, 2007<br \/>\n<img loading=\"lazy\" decoding=\"async\" src=\"\/mr\/images\/upload\/image\/icono_pdf.gif\" alt=\"\" width=\"16\" height=\"16\" align=\"absBottom\" \/> PDF &#8211; 264KB<strong><a href=\"\/mr\/images\/upload\/file\/4_%20ZOOPLANCTON%20Y%20SU%20RELACION%20CON%20EVENTOS%20EL%20NINO%20EN%20LA%20ZONA%20NORTE%20DE%20CHILE_Eduardo%20Oliva%202005.pdf\" target=\"_blank\">ZOOPLANCTON Y SU RELACION CON EVENTOS EL NI\u00d1O EN LA ZONA NORTE DE CHILE<\/a><\/strong><br \/>\nEduardo Oliva, 2005<br \/>\n<img loading=\"lazy\" decoding=\"async\" src=\"\/mr\/images\/upload\/image\/icono_pdf.gif\" alt=\"\" width=\"16\" height=\"16\" align=\"absBottom\" \/> PDF &#8211; 35KB<\/li>\n<\/ul>\n<ul>\n<li><strong><a href=\"\/mr\/images\/upload\/file\/5_%20DETERMINACION%20DE%20AREAS%20DE%20RETENCION%20DE%20ORGANISMOS%20USANDO%20SEAWIFS_Marin%20y%20Delgado%202005.pdf\" target=\"_blank\">DETERMINACI\u00d3N DE \u00c1REAS DE RETENCI\u00d3N DE ORGANISMOS USANDO SEAWIFS<\/a><\/strong><br \/>\nMarin y Delgado, 2005<br \/>\n<img loading=\"lazy\" decoding=\"async\" src=\"\/mr\/images\/upload\/image\/icono_pdf.gif\" alt=\"\" width=\"16\" height=\"16\" align=\"absBottom\" \/> PDF -229KB<\/li>\n<\/ul>\n<ul>\n<li><strong><a href=\"\/mr\/images\/upload\/file\/6_%20TEMPERATURA,%20SALINIDAD,%20NUTRIENTES%20Y%20CLOROFILA%20A_Espinoza%20et%20al,%202001.pdf\" target=\"_blank\">TEMPERATURA, SALINIDAD, NUTRIENTES Y CLOROFILA A<\/a><\/strong><br \/>\nEspinoza et al, 2001<br \/>\n<img loading=\"lazy\" decoding=\"async\" src=\"\/mr\/images\/upload\/image\/icono_pdf.gif\" alt=\"\" width=\"16\" height=\"16\" align=\"absBottom\" \/> PDF &#8211; 669KB<\/li>\n<\/ul>\n<ul>\n<li><strong><a href=\"\/mr\/images\/upload\/file\/7_%20Marea%20Roja%20y%20Salmonicultura%20en%20el%20Sur%20de%20Chile_Buschmann%202005.pdf\" target=\"_blank\">MAREA ROJA Y SALMONICULTURA EN EL SUR DE CHILE<\/a><\/strong><br \/>\nBuschmann 2005<br \/>\n<img loading=\"lazy\" decoding=\"async\" src=\"\/mr\/images\/upload\/image\/icono_pdf.gif\" alt=\"\" width=\"16\" height=\"16\" align=\"absBottom\" \/> PDF &#8211; 383KB<\/li>\n<\/ul>\n<ul>\n<li><strong><a href=\"\/mr\/images\/upload\/file\/8_%20FLORACIONES%20DE%20ALGAS%20NOCIVAS%20Mareas%20Rojas%20y%20Toxinas%20Marinas%20Guzman%20y%20Suarez%201998.pdf\" target=\"_blank\">FLORACIONES DE ALGAS NOCIVAS<\/a><\/strong><br \/>\nMareas Rojas y Toxinas Marinas Guzman y Suarez 1998<br \/>\n<img loading=\"lazy\" decoding=\"async\" src=\"\/mr\/images\/upload\/image\/icono_pdf.gif\" alt=\"\" width=\"16\" height=\"16\" align=\"absBottom\" \/> PDF &#8211; 468KB<\/li>\n<\/ul>\n<\/td>\n<\/tr>\n<\/tbody>\n<\/table>","protected":false},"excerpt":{"rendered":"<p>Red\u00a0Tide | Staff | Downloads | FAQ | Links INTOXICACIONES CORRIENTES EN AVES ACUATICAS Robert H. Poppenga PDF &#8211; 57KB BACTERIAL GROWTH RESPONSE TO COPEPOD GRAZING IN AQUATIC ECOSYSTEMS Vargas et al, 2007 PDF &#8211; 264KBZOOPLANCTON Y SU RELACION CON EVENTOS EL NI\u00d1O EN LA ZONA NORTE DE CHILE Eduardo Oliva, 2005 PDF &#8211; 35KB DETERMINACI\u00d3N DE \u00c1REAS DE RETENCI\u00d3N DE ORGANISMOS USANDO SEAWIFS Marin y Delgado, 2005 PDF -229KB TEMPERATURA, SALINIDAD, NUTRIENTES Y CLOROFILA A Espinoza et al, 2001 PDF &#8211; 669KB MAREA ROJA Y SALMONICULTURA EN EL SUR DE CHILE Buschmann 2005 PDF &#8211; 383KB FLORACIONES DE ALGAS [&hellip;]<\/p>\n","protected":false},"author":1,"featured_media":0,"parent":1236,"menu_order":40,"comment_status":"open","ping_status":"open","template":"","meta":{"footnotes":""},"class_list":["post-1245","page","type-page","status-publish","hentry"],"_links":{"self":[{"href":"https:\/\/www.ifop.cl\/en\/wp-json\/wp\/v2\/pages\/1245"}],"collection":[{"href":"https:\/\/www.ifop.cl\/en\/wp-json\/wp\/v2\/pages"}],"about":[{"href":"https:\/\/www.ifop.cl\/en\/wp-json\/wp\/v2\/types\/page"}],"author":[{"embeddable":true,"href":"https:\/\/www.ifop.cl\/en\/wp-json\/wp\/v2\/users\/1"}],"replies":[{"embeddable":true,"href":"https:\/\/www.ifop.cl\/en\/wp-json\/wp\/v2\/comments?post=1245"}],"version-history":[{"count":0,"href":"https:\/\/www.ifop.cl\/en\/wp-json\/wp\/v2\/pages\/1245\/revisions"}],"up":[{"embeddable":true,"href":"https:\/\/www.ifop.cl\/en\/wp-json\/wp\/v2\/pages\/1236"}],"wp:attachment":[{"href":"https:\/\/www.ifop.cl\/en\/wp-json\/wp\/v2\/media?parent=1245"}],"curies":[{"name":"wp","href":"https:\/\/api.w.org\/{rel}","templated":true}]}}