{"id":1241,"date":"2011-04-03T03:20:27","date_gmt":"2011-04-03T03:20:27","guid":{"rendered":"\/?page_id=1241"},"modified":"2016-07-27T12:59:25","modified_gmt":"2016-07-27T16:59:25","slug":"equipo-de-trabajo","status":"publish","type":"page","link":"https:\/\/www.ifop.cl\/en\/nuestro-que-hacer\/investigacion-en-acuicultura\/marea-roja\/equipo-de-trabajo\/","title":{"rendered":"Staff"},"content":{"rendered":"<table border=\"0\" width=\"98%\" cellspacing=\"5\" cellpadding=\"10\" align=\"center\">\n<tbody>\n<tr>\n<td align=\"center\" valign=\"top\" width=\"33%\"><img loading=\"lazy\" decoding=\"async\" src=\"\/mr\/images\/upload\/image\/g_loslagos.jpg\" alt=\"\" width=\"194\" height=\"130\" \/><\/td>\n<td align=\"center\" valign=\"top\" width=\"33%\"><img loading=\"lazy\" decoding=\"async\" src=\"\/mr\/images\/upload\/image\/g_magallanes.jpg\" alt=\"\" width=\"194\" height=\"130\" \/><\/td>\n<td align=\"center\" valign=\"top\" width=\"33%\"><img loading=\"lazy\" decoding=\"async\" src=\"\/mr\/images\/upload\/image\/g_aysen.jpg\" alt=\"\" width=\"194\" height=\"130\" \/><\/td>\n<\/tr>\n<tr>\n<td valign=\"top\" bgcolor=\"#f6e28b\"><strong>Red Tide group Los Lagos<\/strong><\/p>\n<p>Member of Group Management and Project Red Tide Red Tide Monitoring in the Region<\/p>\n<p>Lakes: Ximena Vivanco, in laboratory activities<\/td>\n<td valign=\"top\" bgcolor=\"#f6e28b\"><strong><span class=\"goog-text-highlight\">Red Tide Group Aysen<\/span><\/strong><\/p>\n<p>Group members of Red Tide Project Management and Monitoring Red Tide in the Region of Aysen: Raul Hernandez, Javier Monsalvez, Susana Mercado, Luis Iriarte<\/td>\n<td valign=\"top\" bgcolor=\"#f6e28b\"><strong>Red Tide Magellan Group<\/strong><\/p>\n<p>Group members of Red Tide Project Management and Monitoring Red Tide in the Region<\/p>\n<p>Magellan: Jorge Toro, Zamora Pamela Hernan Pacheco, Roberto Raimapo, Marcela Diaz, Cesar Alarcon<\/td>\n<\/tr>\n<\/tbody>\n<\/table>\n<ul>\n<li><strong>Red Tide Staff<\/strong><strong>Los Lagos Red tide staff<\/strong>Members of the Red Tide Management project group and Monitoring of Red Tide in Los Lagos Region: Ximena Vivanco in laboratory activities.<strong>Aysen Red Tide Group<\/strong>\n<p><strong>\u00a0<\/strong><\/p>\n<p>Members of the Red Tide Management project group and Monitoring of Red Tide in Aysen: Ra\u00fal Hern\u00e1ndez, Javier Monsalvez, Susana Mercado and Luis Iriarte<\/p>\n<p><strong>Magellan\u2019s Red Tide Group <\/strong><\/p>\n<p>Members of the Red Tide Management project group and Monitoring of Red Tide in Magallanes: Jorge Toro, Pamela Zamora, Hern\u00e1n Pacheco, Roberto Raimapo, and C\u00e9sar Alarc\u00f3n.<\/p>\n<p><strong>Red Tide Operational Actions <\/strong><\/p>\n<p><strong>Leonardo Guzman <\/strong><\/p>\n<p>Main Project Manager. In charge of managing, controlling and overall coordination of the project, linking with other organizations associated with the project, dissemination of activities performed during the study and integrating information gathered in the course of the project.<\/p>\n<p>Contact: <a href=\"mailto:leonardo.guzman@ifop.cl\">leonardo.guzman@ifop.cl<\/a><\/p>\n<p><strong>Hern\u00e1n Pacheco Valles. <\/strong><\/p>\n<p>Professional responsible for technically supporting various activities related to project implementation, mainly in workshops, lectures and related dissemination.<\/p>\n<p>Contact: hernan.pacheco@ifop.cl<\/p>\n<p><strong>Pablo Garrido Salgado. <\/strong><\/p>\n<p>Professional responsible for technically supporting various activities related to project implementation, mainly in workshops, lectures and related dissemination.<\/p>\n<p>Contact: pablo.salgado@ifop.cl<\/p>\n<p><strong>\u00a0<\/strong><\/p>\n<p><strong>Cesar Alarc\u00f3n Zapata. <\/strong><\/p>\n<p>Professional responsible for technically supporting various activities related to project implementation, mainly in workshops, lectures and related dissemination.<\/p>\n<p>Contacto: cesar.alarcon@ifop.cl<\/p>\n<p><strong>Monitoring of Red Tides<\/strong><\/p>\n<p><strong>Leonardo Guzman <\/strong><\/p>\n<p>Main Project Manager. In charge of managing, controlling and overall coordination of the project, linking with other organizations associated with the project, dissemination of activities performed during the study and integrating information gathered in the course of the project.<\/p>\n<p>Contact: <a href=\"mailto:leonardo.guzman@ifop.cl\">leonardo.guzman@ifop.cl<\/a><\/p>\n<p><strong>Gaston Vidal <\/strong><\/p>\n<p>Alternate Director of the project. He is responsible for the management and coordination of the various working groups that make up the technical team. Technically controls the registration of field data and the analysis of samples, and is responsible for conducting the analysis of the information using multivariate statistical analysis for data reduction.<\/p>\n<p>Contact: <a href=\"mailto:gaston.vidal@ifop.cl\">gaston.vidal@ifop.cl<\/a><\/p>\n<p><strong>Christi\u00e1n Espinoza <\/strong><\/p>\n<p>Professional responsible for the monthly preparation of thematic maps associated with levels of toxicity and relative abundance of harmful species recorded in the three regions studied.<\/p>\n<p>Contact: <a href=\"mailto:christian.espinoza@ifop.cl\">christian.espinoza@ifop.cl<\/a><\/p>\n<p><strong>Patricio Mej\u00edas <\/strong><\/p>\n<p>Professional responsible for collecting transvectors and water samples and for the analysis of phytoplankton, zooplankton and nutrients, in addition to recording oceanographic and meteorological variables from the region of Los Lagos.<\/p>\n<p><strong>Mauricio Palma<\/strong><\/p>\n<p>Professional responsible for collecting transvectors and water samples and for the analysis of phytoplankton, zooplankton and nutrients, in addition to recording oceanographic and meteorological variables from the region of Los Lagos.<\/p>\n<p>Contact: <a href=\"mailto:mauricio.palma@ifop.cl\">mauricio.palma@ifop.cl<\/a><\/p>\n<p><strong>\u00a0<\/strong><\/p>\n<p><strong>Ximena Vivanco <\/strong><\/p>\n<p>Professional responsible for the qualitative analysis of phytoplankton in the region of Los Lagos, including estimates of relative abundance of harmful taxa considered in the study.<\/p>\n<p>Contact: <a href=\"mailto:ximena.vivanco@ifop.cl\">ximena.vivanco@ifop.cl<\/a><\/p>\n<p><strong>Victoria Arenas <\/strong><\/p>\n<p>Professional responsible for the quantitative analysis of phytoplankton, also dedicated to the analysis of this information and preparation of monthly reports.<\/p>\n<p>Contact: <a href=\"mailto:victoria.arenas@ifop.cl\">victoria.arenas@ifop.cl<\/a><\/p>\n<p><strong>Paola Hinojosa <\/strong><\/p>\n<p>Professional responsible for the analysis of Amnesic Shellfish Poison by HPLC and nutrient analysis of water samples collected in the area covered by the study. Also does HPLC analysis on transvector samples that deliver positive results on mouse bioassay for Diarrheal Shellfish Poison, situations in which it is important to note the presence of okadaic acid and dinophysistoxins-1.<\/p>\n<p>Contact: <a href=\"mailto:paola.hinojosa@ifop.cl\">paola.hinojosa@ifop.cl<\/a><\/p>\n<p><strong>Pedro Calabrano <\/strong><\/p>\n<p>Assistant responsible for providing support to monitoring activities, both in collecting transvectors and seawater for the analysis of phytoplankton and zooplankton and recording meteorological variables, as well as sediment samples.<\/p>\n<p>Contact: <a href=\"mailto:pedro.calabrano@ifop.cl\">pedro.calabrano@ifop.cl<\/a><\/p>\n<p><strong>Aysen Region<\/strong><\/p>\n<p><strong>Luis Iriarte <\/strong><\/p>\n<p>Professional in charge of performing phytoplankton quantitative analysis in the region of Aysen. His tasks involves the analysis of this information and the preparation of monthly reports. Occasionally takes action to collect transvectors and water samples for analysis of phytoplankton, zooplankton and nutrients, in addition to recording oceanographic and meteorological variables in the Melinka area.<\/p>\n<p>Contact: Luis.iriarte@ifop.cl<\/p>\n<p><strong>Susana Mercado <\/strong><\/p>\n<p>Professional in charge of managing quantitative analysis of phytoplankton in the region of Aysen and is responsible for the analysis of this information and the preparation of monthly reports.<\/p>\n<p>Contact: Susana.mercado@ifop.cl<\/p>\n<p><strong>Javier Monsalve <\/strong><\/p>\n<p>Professional responsible for collecting transvectors and water samples and for the analysis of phytoplankton, zooplankton and nutrients, in addition to recording oceanographic and meteorological variables from the region of Aysen.<\/p>\n<p>Contact: <a href=\"mailto:javier.monsalve@ifop.cl\">javier.monsalve@ifop.cl<\/a><\/p>\n<p><strong>El\u00edas Fern\u00e1ndez <\/strong><\/p>\n<p>Professional responsible for collecting transvectors and water samples and for the analysis of phytoplankton, zooplankton and nutrients, in addition to recording oceanographic and meteorological variables from the region of Aysen.<\/p>\n<p>Contact: <a href=\"mailto:elias.fernandez@ifop.cl\">elias.fernandez@ifop.cl<\/a><\/p>\n<p><strong>Ra\u00fal Hern\u00e1ndez\u00a0\u00a0\u00a0\u00a0\u00a0\u00a0 <\/strong><\/p>\n<p>Assistant responsible for providing support to monitoring activities, both in collecting transvectors and seawater for the analysis of phytoplankton and zooplankton and recording meteorological variables, as well as sediment samples.<\/p>\n<p><strong>Magallanes Region<\/strong><\/p>\n<p><strong>Gemita Pizarro<\/strong><\/p>\n<p>Professional responsible for participating in the analysis of the basis of phytoplankton, toxicological and environmental data (oceanographic and meteorological) separately weighting different harmful taxa or potentially harmful, toxic complexes involved and environmental history recorded during the course of the study, covering the three regions of study: Los Lagos, Aysen and Magallanes. She is also responsible for the supervision and coordination of the work being done in the region of Magallanes.<\/p>\n<p>Contact: gemita.pizarro@ifop.cl<\/p>\n<p><strong>Hern\u00e1n Pacheco <\/strong><\/p>\n<p>Professional responsible for collecting transvectors and water samples for the analysis of phytoplankton, zooplankton and nutrients, in addition to recording oceanographic and meteorological variables from the region of Magallanes. He is also dedicated to the quantification of phytoplankton.<\/p>\n<p><strong>\u00a0<\/strong><\/p>\n<p><strong>\u00a0<\/strong><\/p>\n<p><strong>\u00a0<\/strong><\/p>\n<p><strong>Cesar Alarc\u00f3n <\/strong><\/p>\n<p>Professional responsible for collecting transvectors and water samples for the analysis of phytoplankton, zooplankton and nutrients, in addition to recording oceanographic and meteorological variables from the region of Magallanes.<\/p>\n<p>Contact: <a href=\"mailto:cesar.alarcon@ifop.cl\">cesar.alarcon@ifop.cl<\/a><\/p>\n<p><strong>Claudia Zamora <\/strong><\/p>\n<p>Professional responsible for the analysis of Amnesic Shellfish Poison by HPLC and nutrient analysis of water samples collected in the area covered by the study. Also does HPLC analysis on transvector samples that deliver positive results on mouse bioassay for Diarrheal Shellfish Poison, situations in which it is important to note the presence of okadaic acid and dinophysistoxins-1.<\/p>\n<p><strong>Roberto Raimapo <\/strong><\/p>\n<p>Assistant responsible for providing support to monitoring activities, both in collecting transvectors and seawater for the analysis of phytoplankton and zooplankton and recording meteorological variables, as well as sediment samples.<\/li>\n<\/ul>\n<p style=\"text-align: left;\">\u00a0 \u00a0 \u00a0 \u00a0 \u00a0 Contact:\u00a0<a href=\"mailto:Roberto.raimapo@ifop.cl\">Roberto.raimapo@ifop.cl<\/a><\/p>","protected":false},"excerpt":{"rendered":"<p>Red Tide group Los Lagos Member of Group Management and Project Red Tide Red Tide Monitoring in the Region Lakes: Ximena Vivanco, in laboratory activities Red Tide Group Aysen Group members of Red Tide Project Management and Monitoring Red Tide in the Region of Aysen: Raul Hernandez, Javier Monsalvez, Susana Mercado, Luis Iriarte Red Tide Magellan Group Group members of Red Tide Project Management and Monitoring Red Tide in the Region Magellan: Jorge Toro, Zamora Pamela Hernan Pacheco, Roberto Raimapo, Marcela Diaz, Cesar Alarcon Red Tide StaffLos Lagos Red tide staffMembers of the Red Tide Management project group and Monitoring [&hellip;]<\/p>\n","protected":false},"author":1,"featured_media":0,"parent":1236,"menu_order":26,"comment_status":"open","ping_status":"open","template":"","meta":{"footnotes":""},"class_list":["post-1241","page","type-page","status-publish","hentry"],"_links":{"self":[{"href":"https:\/\/www.ifop.cl\/en\/wp-json\/wp\/v2\/pages\/1241"}],"collection":[{"href":"https:\/\/www.ifop.cl\/en\/wp-json\/wp\/v2\/pages"}],"about":[{"href":"https:\/\/www.ifop.cl\/en\/wp-json\/wp\/v2\/types\/page"}],"author":[{"embeddable":true,"href":"https:\/\/www.ifop.cl\/en\/wp-json\/wp\/v2\/users\/1"}],"replies":[{"embeddable":true,"href":"https:\/\/www.ifop.cl\/en\/wp-json\/wp\/v2\/comments?post=1241"}],"version-history":[{"count":0,"href":"https:\/\/www.ifop.cl\/en\/wp-json\/wp\/v2\/pages\/1241\/revisions"}],"up":[{"embeddable":true,"href":"https:\/\/www.ifop.cl\/en\/wp-json\/wp\/v2\/pages\/1236"}],"wp:attachment":[{"href":"https:\/\/www.ifop.cl\/en\/wp-json\/wp\/v2\/media?parent=1241"}],"curies":[{"name":"wp","href":"https:\/\/api.w.org\/{rel}","templated":true}]}}