{"id":124,"date":"2014-08-22T15:20:50","date_gmt":"2014-08-22T19:20:50","guid":{"rendered":"\/?page_id=124"},"modified":"2025-08-22T22:31:00","modified_gmt":"2025-08-23T02:31:00","slug":"planificacion-estrategica","status":"publish","type":"page","link":"https:\/\/www.ifop.cl\/en\/nuestro-que-hacer\/la-investigacion-pesquera\/planificacion-estrategica\/","title":{"rendered":"Current Projects"},"content":{"rendered":"DEPARTAMENTO DE EVALUACI\u00d3N DE PESQUER\u00cdAS<br \/>\n<span class=\"collapseomatic \" id=\"id69e3f129aaf9f\"  tabindex=\"0\" title=\"\"    ><\/span><div id=\"target-id69e3f129aaf9f\" class=\"collapseomatic_content \">\n<table class=\"table table-bordered table-striped\">\n<tbody>\n<tr>\n<th>Requirente<\/th>\n<th>C\u00f3digo<\/th>\n<th>\u00a0Nombre Proyecto <\/th>\n<th>Jefe de Proyecto<\/th>\n<\/tr>\n<tr>\n<td>Ministerio de Econom\u00eda,Fomento y Turismo<\/td>\n<td><\/td>\n<td>Programa de Seguimiento de las Pesquer\u00edas Pel\u00e1gicas Zona Centro Sur, 2014<\/td>\n<td>Aran\u00eds Antonio<\/td>\n<\/tr>\n<tr>\n<td>Ministerio de Econom\u00eda,Fomento y Turismo<\/td>\n<td><\/td>\n<td>Programa de Seguimiento de las Pesquer\u00edas Demersales y Aguas Profundas, 2014<\/td>\n<td>G\u00e1lvez Patricio<\/td>\n<\/tr>\n<tr>\n<td>Ministerio de Econom\u00eda,Fomento y Turismo<\/td>\n<td><\/td>\n<td>Programa de Seguimiento de las Pesquer\u00edas de Crust\u00e1ceos Demersales, 2014<\/td>\n<td>Zilleruelo Maximiliano<\/td>\n<\/tr>\n<tr>\n<td>Ministerio de Econom\u00eda,Fomento y Turismo<\/td>\n<td><\/td>\n<td>Programa de Seguimiento de las Pesquer\u00edas Pel\u00e1gicas Zona Norte, 2014<\/td>\n<td>Bohm Gabriela<\/td>\n<\/tr>\n<tr>\n<td>Ministerio de Econom\u00eda,Fomento y Turismo<\/td>\n<td><\/td>\n<td>Programa de Seguimiento de Recursos Altamente Migratorios, 2014<\/td>\n<td>Barr\u00eda Patricio<\/td>\n<\/tr>\n<tr>\n<td>Ministerio de Econom\u00eda,Fomento y Turismo<\/td>\n<td><\/td>\n<td>Programa de Seguimiento de las Pesquer\u00edas Bent\u00f3nicas, 2014<\/td>\n<td>Barahona Nancy<\/td>\n<\/tr>\n<tr>\n<td>Ministerio de Econom\u00eda,Fomento y Turismo<\/td>\n<td><\/td>\n<td>Programa de Seguimiento Pesquer\u00eda Crust\u00e1ceos Bent\u00f3nicos, 2014<\/td>\n<td>Daza Erick &#8211; Zilleruelo Maximiliano<\/td>\n<\/tr>\n<tr>\n<td>Ministerio de Econom\u00eda,Fomento y Turismo<\/td>\n<td><\/td>\n<td>Programa Observadores Cient\u00edficos 2014<\/td>\n<td>Bernal Claudio<\/td>\n<\/tr>\n<tr>\n<td>Ministerio de Econom\u00eda,Fomento y Turismo<\/td>\n<td><\/td>\n<td>Programa de Investigaci\u00f3n del Descarte<\/td>\n<td>Marcelo San Mart\u00edn<\/td>\n<\/tr>\n<\/tbody>\n<\/table>\n<\/div>\n<p>DEPARTAMENTO EVALUACIONES DIRECTAS<br \/>\n<span class=\"collapseomatic \" id=\"id69e3f129aafb8\"  tabindex=\"0\" title=\"\"    ><\/span><div id=\"target-id69e3f129aafb8\" class=\"collapseomatic_content \">\n<table class=\"table table-bordered table-striped\" style=\"width: 714px;\" border=\"0\" cellspacing=\"0\" cellpadding=\"0\">\n<tbody>\n<tr>\n<th>Requirente<\/th>\n<th>C\u00f3digo<\/th>\n<th>Nombre Proyecto<\/th>\n<th>Jefe de Proyecto<\/th>\n<\/tr>\n<tr>\n<td>FIP<\/td>\n<td>FIP 2013-08<\/td>\n<td>Evaluaci\u00f3n Hidroac\u00fastica de Jurel entre la XV y III Regiones, 2013.<\/td>\n<td>C\u00f3rdova Jos<\/td>\n<\/tr>\n<tr>\n<td>FIP<\/td>\n<td>FIP 2013-12<\/td>\n<td>\u00a0Evaluaci\u00f3n Directa de Merluza com\u00fan 2013<\/td>\n<td>Lillo Sergio<\/td>\n<\/tr>\n<tr>\n<td>FIP<\/td>\n<td>FIP 2013-06<\/td>\n<td>\u00a0Evaluaci\u00f3n del stock desovante de anchoveta en XV, I y II regiones 2014<\/td>\n<td>Reyes Hern\u00e1n<\/td>\n<\/tr>\n<\/tbody>\n<\/table>\n<\/div>\n<p>DEPARTAMENTO EVALUACI\u00d3N DE RECURSOS<br \/>\n<span class=\"collapseomatic \" id=\"id69e3f129aafd9\"  tabindex=\"0\" title=\"\"    ><\/span><div id=\"target-id69e3f129aafd9\" class=\"collapseomatic_content \">\n<table class=\"table table-bordered table-striped\">\n<tbody>\n<tr>\n<th>Requirente<\/th>\n<th>C\u00f3digo<\/th>\n<th>Nombre Proyecto<\/th>\n<th>Jefe de Proyecto<\/th>\n<\/tr>\n<tr>\n<td height=\"46\">Ministerio de Econom\u00eda, Fomento y Turismo<\/td>\n<td><\/td>\n<td>Estatus y Posibilidades de Explotaci\u00f3n Biol\u00f3gicamente Sustentables\u00a0 de los Principales Recursos Pesqueros Nacionales A\u00f1o 2014 Anchoveta III-IV Reg.<\/td>\n<td>Leal Elson F.<\/td>\n<\/tr>\n<tr>\n<td height=\"46\">Ministerio de Econom\u00eda, Fomento y Turismo<\/td>\n<td><\/td>\n<td>Estatus y Posibilidades de Explotaci\u00f3n Biol\u00f3gicamente Sustentables\u00a0 de los Principales Recursos Pesqueros Nacionales A\u00f1o 2014 Merluza de Tres aletas,<\/td>\n<td>Contreras Francisco M.<\/td>\n<\/tr>\n<tr>\n<td height=\"46\">Ministerio de Econom\u00eda, Fomento y Turismo<\/td>\n<td><\/td>\n<td>Estatus y Posibilidades de Explotaci\u00f3n Biol\u00f3gicamente Sustentables\u00a0 de los Principales Recursos Pesqueros Nacionales A\u00f1o 2014 Jurel<\/td>\n<td>Canales Cristian R.<\/td>\n<\/tr>\n<tr>\n<td height=\"46\">Ministerio de Econom\u00eda, Fomento y Turismo<\/td>\n<td><\/td>\n<td>Estatus y Posibilidades de Explotaci\u00f3n Biol\u00f3gicamente Sustentables\u00a0 de los Principales Recursos Pesqueros Nacionales A\u00f1o 2014 Raya Volant\u00edn<\/td>\n<td>Contreras Francisco M.<\/td>\n<\/tr>\n<tr>\n<td height=\"46\">Ministerio de Econom\u00eda, Fomento y Turismo<\/td>\n<td><\/td>\n<td>Estatus y Posibilidades de Explotaci\u00f3n Biol\u00f3gicamente Sustentables\u00a0 de los Principales Recursos Pesqueros Nacionales A\u00f1o 2014 Camar\u00f3n Nailon<\/td>\n<td>Bucarey Doris S.<\/td>\n<\/tr>\n<tr>\n<td height=\"46\">Ministerio de Econom\u00eda, Fomento y Turismo<\/td>\n<td><\/td>\n<td>Estatus y Posibilidades de Explotaci\u00f3n Biol\u00f3gicamente Sustentables\u00a0 de los Principales Recursos Pesqueros Nacionales A\u00f1o 2014 Sardina Com\u00fan<\/td>\n<td>Canales Cristian R.<\/td>\n<\/tr>\n<tr>\n<td height=\"46\">Ministerio de Econom\u00eda, Fomento y Turismo<\/td>\n<td><\/td>\n<td>Estatus y Posibilidades de Explotaci\u00f3n Biol\u00f3gicamente Sustentables\u00a0 de los Principales Recursos Pesqueros Nacionales A\u00f1o 2014 Merluza de Cola<\/td>\n<td>Paya Ignacio C.<\/td>\n<\/tr>\n<tr>\n<td height=\"46\">Ministerio de Econom\u00eda, Fomento y Turismo<\/td>\n<td><\/td>\n<td>Estatus y Posibilidades de Explotaci\u00f3n Biol\u00f3gicamente Sustentables\u00a0 de los Principales Recursos Pesqueros Nacionales A\u00f1o 2014 Bacalao de Profundidad<\/td>\n<td>Tascheri Renzo O.<\/td>\n<\/tr>\n<tr>\n<td height=\"46\">Ministerio de Econom\u00eda, Fomento y Turismo<\/td>\n<td><\/td>\n<td>Estatus y Posibilidades de Explotaci\u00f3n Biol\u00f3gicamente Sustentables\u00a0 de los Principales Recursos Pesqueros Nacionales A\u00f1o 2014 Congrio Dorado<\/td>\n<td>Canales Cristian R.<\/td>\n<\/tr>\n<tr>\n<td height=\"46\">Ministerio de Econom\u00eda, Fomento y Turismo<\/td>\n<td><\/td>\n<td>Estatus y Posibilidades de Explotaci\u00f3n Biol\u00f3gicamente Sustentables\u00a0 de los Principales Recursos Pesqueros Nacionales A\u00f1o 2014 Merluza del Sur<\/td>\n<td>Quiroz Juan Carlos<\/td>\n<\/tr>\n<tr>\n<td height=\"46\">Ministerio de Econom\u00eda, Fomento y Turismo<\/td>\n<td><\/td>\n<td>Estatus y Posibilidades de Explotaci\u00f3n Biol\u00f3gicamente Sustentables\u00a0 de los Principales Recursos Pesqueros Nacionales A\u00f1o 2014 Anchoveta XV y II<\/td>\n<td>Canales Mariella<\/td>\n<\/tr>\n<tr>\n<td height=\"46\">Ministerio de Econom\u00eda, Fomento y Turismo<\/td>\n<td><\/td>\n<td>Estatus y Posibilidades de Explotaci\u00f3n Biol\u00f3gicamente Sustentables\u00a0 de los Principales Recursos Pesqueros Nacionales A\u00f1o 2014 Langostino Colorado<\/td>\n<td>Bucarey Doris S.<\/td>\n<\/tr>\n<tr>\n<td height=\"46\">Ministerio de Econom\u00eda, Fomento y Turismo<\/td>\n<td><\/td>\n<td>Estatus y Posibilidades de Explotaci\u00f3n Biol\u00f3gicamente Sustentables\u00a0 de los Principales Recursos Pesqueros Nacionales A\u00f1o 2014 Langostino Amarillo<\/td>\n<td>Bucarey Doris S.<\/td>\n<\/tr>\n<tr>\n<td height=\"46\">Ministerio de Econom\u00eda, Fomento y Turismo<\/td>\n<td><\/td>\n<td>Estatus y Posibilidades de Explotaci\u00f3n Biol\u00f3gicamente Sustentables\u00a0 de los Principales Recursos Pesqueros Nacionales A\u00f1o 2014 Merluza Com\u00fan<\/td>\n<td>Tascheri Renzo O.<\/td>\n<\/tr>\n<tr>\n<td height=\"46\">Ministerio de Econom\u00eda, Fomento y Turismo<\/td>\n<td><\/td>\n<td>Estatus y Posibilidades de Explotaci\u00f3n Biol\u00f3gicamente Sustentables\u00a0 de los Principales Recursos Pesqueros Nacionales A\u00f1o 2014 Anchoveta V-X Reg<\/td>\n<td>Canales Cristian R.<\/td>\n<\/tr>\n<tr>\n<td height=\"46\">Ministerio de Econom\u00eda, Fomento y Turismo<\/td>\n<td><\/td>\n<td>Estatus y Posibilidades de Explotaci\u00f3n Biol\u00f3gicamente Sustentables\u00a0 de los Principales Recursos Pesqueros Nacionales A\u00f1o 2014 Sardina Austral<\/td>\n<td>Leal Elson F.<\/td>\n<\/tr>\n<tr>\n<td height=\"46\">Ministerio de Econom\u00eda, Fomento y Turismo<\/td>\n<td><\/td>\n<td>Revisi\u00f3n de Puntos Biol\u00f3gicos de Referencia (Rendimiento M\u00e1ximo Sostenible) en las pesquer\u00edas nacionales, 2013.<\/td>\n<td>Pay\u00e1 Ignacio C.<\/td>\n<\/tr>\n<tr>\n<td height=\"46\"><\/td>\n<td><\/td>\n<td>2015<\/td>\n<td><\/td>\n<\/tr>\n<tr>\n<td height=\"46\">Ministerio de Econom\u00eda, Fomento y Turismo<\/td>\n<td><\/td>\n<td>Estatus y Posibilidades de Explotaci\u00f3n Biol\u00f3gicamente Sustentables\u00a0 de los Principales Recursos Pesqueros Nacionales A\u00f1o 2015 Anchoveta III-IV Reg.<\/td>\n<td>Leal Elson F.<\/td>\n<\/tr>\n<tr>\n<td height=\"46\">Ministerio de Econom\u00eda, Fomento y Turismo<\/td>\n<td><\/td>\n<td>Estatus y Posibilidades de Explotaci\u00f3n Biol\u00f3gicamente Sustentables\u00a0 de los Principales Recursos Pesqueros Nacionales A\u00f1o 2015 Merluza de Tres aletas,<\/td>\n<td>Contreras Francisco M.<\/td>\n<\/tr>\n<tr>\n<td height=\"46\">Ministerio de Econom\u00eda, Fomento y Turismo<\/td>\n<td><\/td>\n<td>Estatus y Posibilidades de Explotaci\u00f3n Biol\u00f3gicamente Sustentables\u00a0 de los Principales Recursos Pesqueros Nacionales A\u00f1o 2015 Jurel<\/td>\n<td>Rodolfo Serra B.<\/td>\n<\/tr>\n<tr>\n<td height=\"46\">Ministerio de Econom\u00eda, Fomento y Turismo<\/td>\n<td><\/td>\n<td>Estatus y Posibilidades de Explotaci\u00f3n Biol\u00f3gicamente Sustentables\u00a0 de los Principales Recursos Pesqueros Nacionales A\u00f1o 2015 Raya Volant\u00edn<\/td>\n<td>Contreras Francisco M.<\/td>\n<\/tr>\n<tr>\n<td height=\"46\">Ministerio de Econom\u00eda, Fomento y Turismo<\/td>\n<td><\/td>\n<td>Estatus y Posibilidades de Explotaci\u00f3n Biol\u00f3gicamente Sustentables\u00a0 de los Principales Recursos Pesqueros Nacionales A\u00f1o 2015 Camar\u00f3n Nailon<\/td>\n<td>Bucarey Doris S.<\/td>\n<\/tr>\n<tr>\n<td height=\"46\">Ministerio de Econom\u00eda, Fomento y Turismo<\/td>\n<td><\/td>\n<td>Estatus y Posibilidades de Explotaci\u00f3n Biol\u00f3gicamente Sustentables\u00a0 de los Principales Recursos Pesqueros Nacionales A\u00f1o 2015 Sardina Com\u00fan<\/td>\n<td>Canales Cristian R.<\/td>\n<\/tr>\n<tr>\n<td height=\"46\">Ministerio de Econom\u00eda, Fomento y Turismo<\/td>\n<td><\/td>\n<td>Estatus y Posibilidades de Explotaci\u00f3n Biol\u00f3gicamente Sustentables\u00a0 de los Principales Recursos Pesqueros Nacionales A\u00f1o 2015 Merluza de Cola<\/td>\n<td>Paya Ignacio C.<\/td>\n<\/tr>\n<tr>\n<td height=\"46\">Ministerio de Econom\u00eda, Fomento y Turismo<\/td>\n<td><\/td>\n<td>Estatus y Posibilidades de Explotaci\u00f3n Biol\u00f3gicamente Sustentables\u00a0 de los Principales Recursos Pesqueros Nacionales A\u00f1o 2015 Bacalao de Profundidad<\/td>\n<td>Quiroz Juan Carlos<\/td>\n<\/tr>\n<tr>\n<td height=\"46\">Ministerio de Econom\u00eda, Fomento y Turismo<\/td>\n<td><\/td>\n<td>Estatus y Posibilidades de Explotaci\u00f3n Biol\u00f3gicamente Sustentables\u00a0 de los Principales Recursos Pesqueros Nacionales A\u00f1o 2015 Congrio Dorado<\/td>\n<td>Canales Cristian R.<\/td>\n<\/tr>\n<tr>\n<td height=\"46\">Ministerio de Econom\u00eda, Fomento y Turismo<\/td>\n<td><\/td>\n<td>Estatus y Posibilidades de Explotaci\u00f3n Biol\u00f3gicamente Sustentables\u00a0 de los Principales Recursos Pesqueros Nacionales A\u00f1o 2015 Merluza del Sur<\/td>\n<td>Quiroz Juan Carlos<\/td>\n<\/tr>\n<tr>\n<td height=\"46\">Ministerio de Econom\u00eda, Fomento y Turismo<\/td>\n<td><\/td>\n<td>Estatus y Posibilidades de Explotaci\u00f3n Biol\u00f3gicamente Sustentables\u00a0 de los Principales Recursos Pesqueros Nacionales A\u00f1o 2015 Anchoveta XV y II<\/td>\n<td>Canales Mariella<\/td>\n<\/tr>\n<tr>\n<td height=\"46\">Ministerio de Econom\u00eda, Fomento y Turismo<\/td>\n<td><\/td>\n<td>Estatus y Posibilidades de Explotaci\u00f3n Biol\u00f3gicamente Sustentables\u00a0 de los Principales Recursos Pesqueros Nacionales A\u00f1o 2015 Langostino Colorado<\/td>\n<td>Bucarey Doris S.<\/td>\n<\/tr>\n<tr>\n<td height=\"46\">Ministerio de Econom\u00eda, Fomento y Turismo<\/td>\n<td><\/td>\n<td>Estatus y Posibilidades de Explotaci\u00f3n Biol\u00f3gicamente Sustentables\u00a0 de los Principales Recursos Pesqueros Nacionales A\u00f1o 2015 Langostino Amarillo<\/td>\n<td>Bucarey Doris S.<\/td>\n<\/tr>\n<tr>\n<td height=\"46\">Ministerio de Econom\u00eda, Fomento y Turismo<\/td>\n<td><\/td>\n<td>Estatus y Posibilidades de Explotaci\u00f3n Biol\u00f3gicamente Sustentables\u00a0 de los Principales Recursos Pesqueros Nacionales A\u00f1o 2015 Merluza Com\u00fan<\/td>\n<td>Tascheri Renzo O.<\/td>\n<\/tr>\n<tr>\n<td height=\"46\">Ministerio de Econom\u00eda, Fomento y Turismo<\/td>\n<td><\/td>\n<td>Estatus y Posibilidades de Explotaci\u00f3n Biol\u00f3gicamente Sustentables\u00a0 de los Principales Recursos Pesqueros Nacionales A\u00f1o 2015 Anchoveta V-X Reg<\/td>\n<td>Canales Cristian R.<\/td>\n<\/tr>\n<tr>\n<td height=\"46\">Ministerio de Econom\u00eda, Fomento y Turismo<\/td>\n<td><\/td>\n<td>Estatus y Posibilidades de Explotaci\u00f3n Biol\u00f3gicamente Sustentables\u00a0 de los Principales Recursos Pesqueros Nacionales A\u00f1o 2015 Sardina Austral<\/td>\n<td>Leal Elson F.<\/td>\n<\/tr>\n<tr>\n<td height=\"46\">Ministerio de Econom\u00eda, Fomento y Turismo<\/td>\n<td><\/td>\n<td>Estatus y Posibilidades de Explotaci\u00f3n Biol\u00f3gicamente Sustentables de los Principales Recursos Pesqueros Nacionales A\u00f1o 2015 Centolla y Jaiba (XIV-XII)<\/td>\n<td><\/td>\n<\/tr>\n<tr>\n<td height=\"46\">Ministerio de Econom\u00eda, Fomento y Turismo<\/td>\n<td><\/td>\n<td>Estatus y Posibilidades de Explotaci\u00f3n Biol\u00f3gicamente Sustentables de los Principales Recursos Pesqueros Nacionales A\u00f1o 2015 Jibia<\/td>\n<td><\/td>\n<\/tr>\n<tr>\n<td height=\"46\">Ministerio de Econom\u00eda, Fomento y Turismo<\/td>\n<td><\/td>\n<td>Estatus y Posibilidades de Explotaci\u00f3n Biol\u00f3gicamente Sustentables de los Principales Recursos Pesqueros Nacionales A\u00f1o 2015 Reineta<\/td>\n<td><\/td>\n<\/tr>\n<\/tbody>\n<\/table>\n<\/div>\n<p>DEPARTAMENTO ESPECIALIDADES T\u00c9CNICAS<br \/>\n<span class=\"collapseomatic \" id=\"id69e3f129aaff3\"  tabindex=\"0\" title=\"\"    ><\/span><div id=\"target-id69e3f129aaff3\" class=\"collapseomatic_content \">\n<table class=\"table table-bordered table-striped\">\n<tbody>\n<tr>\n<th>Requirente<\/th>\n<th>C\u00f3digo<\/th>\n<th>Nombre Proyecto<\/th>\n<th>Jefe de Proyecto<\/th>\n<\/tr>\n<tr>\n<td>\u00a0SUBPESCA<\/td>\n<td><\/td>\n<td>Monitoreo Econ\u00f3mico. Industria Pesquera y Acuicultura Nacional-2014<\/td>\n<td>\u00a0Palta Elizabeth<\/td>\n<\/tr>\n<tr>\n<td>\u00a0SUBPESCA<\/td>\n<td><\/td>\n<td>Investigaci\u00f3n Monitoreo Econ\u00f3mico. Industria Pesquera y Acuicultura Nacional-2013<\/td>\n<td>\u00a0Palta Elizabeth<\/td>\n<\/tr>\n<\/tbody>\n<\/table>\n<\/div>","protected":false},"excerpt":{"rendered":"<p>DEPARTAMENTO DE EVALUACI\u00d3N DE PESQUER\u00cdAS DEPARTAMENTO EVALUACIONES DIRECTAS DEPARTAMENTO EVALUACI\u00d3N DE RECURSOS DEPARTAMENTO ESPECIALIDADES T\u00c9CNICAS<\/p>\n","protected":false},"author":1,"featured_media":0,"parent":14,"menu_order":1,"comment_status":"open","ping_status":"open","template":"plantilla-proyectos_vigentes.php","meta":{"footnotes":""},"class_list":["post-124","page","type-page","status-publish","hentry"],"_links":{"self":[{"href":"https:\/\/www.ifop.cl\/en\/wp-json\/wp\/v2\/pages\/124"}],"collection":[{"href":"https:\/\/www.ifop.cl\/en\/wp-json\/wp\/v2\/pages"}],"about":[{"href":"https:\/\/www.ifop.cl\/en\/wp-json\/wp\/v2\/types\/page"}],"author":[{"embeddable":true,"href":"https:\/\/www.ifop.cl\/en\/wp-json\/wp\/v2\/users\/1"}],"replies":[{"embeddable":true,"href":"https:\/\/www.ifop.cl\/en\/wp-json\/wp\/v2\/comments?post=124"}],"version-history":[{"count":1,"href":"https:\/\/www.ifop.cl\/en\/wp-json\/wp\/v2\/pages\/124\/revisions"}],"predecessor-version":[{"id":31485,"href":"https:\/\/www.ifop.cl\/en\/wp-json\/wp\/v2\/pages\/124\/revisions\/31485"}],"up":[{"embeddable":true,"href":"https:\/\/www.ifop.cl\/en\/wp-json\/wp\/v2\/pages\/14"}],"wp:attachment":[{"href":"https:\/\/www.ifop.cl\/en\/wp-json\/wp\/v2\/media?parent=124"}],"curies":[{"name":"wp","href":"https:\/\/api.w.org\/{rel}","templated":true}]}}