{"id":10142,"date":"2014-10-06T14:51:41","date_gmt":"2014-10-06T18:51:41","guid":{"rendered":"http:\/\/www.ifop.cl\/?page_id=10142"},"modified":"2022-11-08T13:12:06","modified_gmt":"2022-11-08T17:12:06","slug":"licitaciones","status":"publish","type":"page","link":"https:\/\/www.ifop.cl\/en\/licitaciones\/","title":{"rendered":"Tenders of this Institution"},"content":{"rendered":"Tenders of this Institution for the 2014 year<\/p>\n<table>\n<tbody>\n<tr>\n<th style=\"text-align: left;\">52-IFOP-LT 11.03.15-1_ Proyecto de investigaci\u00f3n biodiversidad de montes submarinos<\/th>\n<\/tr>\n<tr>\n<td>Instituto de Fomento Pesquero invita a participar en licitaci\u00f3n p\u00fablica del proyecto de investigaci\u00f3n Biodiversidad de Montes Submarinos.<\/td>\n<td><a target=\"_Blank\" href=\"http:\/\/www.ifop.cl\/wp-content\/contenidos\/uploads\/2014\/10\/52-IFOP-LT-11.03.2015-proyecto-de-investigacion-biodiversidad-de-montes-submarinos.pdf\" rel=\"10142\"><img loading=\"lazy\" decoding=\"async\" class=\"alignleft size-full wp-image-12935\" src=\"http:\/\/www.ifop.cl\/wp-content\/contenidos\/uploads\/2014\/10\/pdf_icon21.png\" alt=\"pdf_icon21\" width=\"40\" height=\"41\" \/><\/a><\/td>\n<\/tr>\n<tr>\n<th>51-IFOP-EMS 16.10.14-1_ Red de estaciones fijas de monitoreo de variables poblacionales del recurso erizo<\/th>\n<\/tr>\n<tr>\n<td>Instituto de Fomento Pesquero llamado a licitaci\u00f3n p\u00fablica para la ejecuci\u00f3n de un estudio de Investigaci\u00f3n Pesquera y Acuicola<\/td>\n<td><a target=\"_Blank\" href=\"http:\/\/www.ifop.cl\/wp-content\/contenidos\/uploads\/2014\/10\/51-IFOP-EMS-16.10.14-1_-Red-de-estaciones-fijas-de-monitoreo-de-variables-poblacionales-del-recurso-erizo.pdf\" rel=\"10142\"><img loading=\"lazy\" decoding=\"async\" class=\"alignleft size-full wp-image-12935\" src=\"http:\/\/www.ifop.cl\/wp-content\/contenidos\/uploads\/2014\/10\/pdf_icon21.png\" alt=\"pdf_icon21\" width=\"40\" height=\"41\" \/><\/a><\/td>\n<\/tr>\n<tr>\n<th>50-IFOP-LT 02.10.14_Mantenci\u00f3n transporte y proveeduria A Molina 2014-2015<\/th>\n<\/tr>\n<tr>\n<td>\u201cContrataci\u00f3n de servicios m\u00faltiples de mantenci\u00f3n de trabajos menores, servicios de transportes de carga y personas y proveedur\u00eda de materiales de pesca para el b\/c abate molina a\u00f1os 2014-2015&#8243;<\/td>\n<td><a target=\"_Blank\" href=\"http:\/\/www.ifop.cl\/wp-content\/contenidos\/uploads\/2014\/10\/50-IFOP-LT-02.10.14_Mantenci\u00f3n-transporte-y-proveeduria-A-Molina-2014-2015.pdf\" rel=\"10142\"><img loading=\"lazy\" decoding=\"async\" class=\"alignleft size-full wp-image-12935\" src=\"http:\/\/www.ifop.cl\/wp-content\/contenidos\/uploads\/2014\/10\/pdf_icon21.png\" alt=\"pdf_icon21\" width=\"40\" height=\"41\" \/><\/a><\/td>\n<\/tr>\n<tr>\n<th>47-IFOP-EMS 22.09.14 Condici\u00f3n biol\u00f3gica de jurel en Alta Mar, 2014<\/th>\n<\/tr>\n<tr>\n<td>Instituto de Fomento Pesquero llamado a licitaci\u00f3n p\u00fablica para la ejecucion de un estudio de Investigaci\u00f3n Pesquera y Acuicola<\/td>\n<td><a target=\"_Blank\" href=\"http:\/\/www.ifop.cl\/wp-content\/contenidos\/uploads\/2014\/10\/47-IFOP-EMS-22.09.14-Condici\u00f3n-biol\u00f3gica-de-jurel-en-Alta-Mar-2014.pdf\" rel=\"10142\"><img loading=\"lazy\" decoding=\"async\" class=\"alignleft size-full wp-image-12935\" src=\"http:\/\/www.ifop.cl\/wp-content\/contenidos\/uploads\/2014\/10\/pdf_icon21.png\" alt=\"pdf_icon21\" width=\"40\" height=\"41\" \/><\/a><\/td>\n<\/tr>\n<tr>\n<th>46-IFOP-EMS 16.09.14 (1)Medidas de mitigaci\u00f3n aplicadas sobre el descarte y captura incidental<\/th>\n<\/tr>\n<tr>\n<td>Instituto de Fomento Pesquero llamado a licitaci\u00f3n p\u00fablica para la ejecuci\u00f3n de un estudio de Investigaci\u00f3n Pesquera y Acuicola<\/td>\n<td><a target=\"_Blank\" href=\"http:\/\/www.ifop.cl\/wp-content\/contenidos\/uploads\/2014\/10\/46-IFOP-EMS-16.09.14-1Medidas-de-mitigaci\u00f3n-aplicadas-sobre-el-descarte-y-captura-incidental.pdf\" rel=\"10142\"><img loading=\"lazy\" decoding=\"async\" class=\"alignleft size-full wp-image-12935\" src=\"http:\/\/www.ifop.cl\/wp-content\/contenidos\/uploads\/2014\/10\/pdf_icon21.png\" alt=\"pdf_icon21\" width=\"40\" height=\"41\" \/><\/a><\/td>\n<\/tr>\n<tr>\n<th>43-IFOP-EMS 05.09.14 Determinar la distribuci\u00f3n espacial de los nutrientes primavera Constituci\u00f3n-Corral<\/th>\n<\/tr>\n<tr>\n<td>Instituto de Fomento Pesquero llamado a licitaci\u00f3n p\u00fablica para la ejecuci\u00f3n de un estudio de Investigaci\u00f3n Pesquera<\/td>\n<td><a target=\"_Blank\" href=\"http:\/\/www.ifop.cl\/wp-content\/contenidos\/uploads\/2014\/10\/43-IFOP-EMS-05.09.14-Determinar-la-distribuci\u00f3n-espacial-de-los-nutrientes-primavera-Constitucion-Corral.pdf\" rel=\"10142\"><img loading=\"lazy\" decoding=\"async\" class=\"alignleft size-full wp-image-12935\" src=\"http:\/\/www.ifop.cl\/wp-content\/contenidos\/uploads\/2014\/10\/pdf_icon21.png\" alt=\"pdf_icon21\" width=\"40\" height=\"41\" \/><\/a><\/td>\n<\/tr>\n<tr>\n<th>42-IFOP-EMS 05.09.14_ Determinar la distribuci\u00f3n espacial de los nutrientes, as\u00ed como sus variaciones Arica Antofagasta<\/th>\n<\/tr>\n<tr>\n<td>Instituto de Fomento Pesquero llamado a licitaci\u00f3n p\u00fablica para la ejecuci\u00f3n de un estudio de Investigaci\u00f3n Pesquera<\/td>\n<td><a target=\"_Blank\" href=\"http:\/\/www.ifop.cl\/wp-content\/contenidos\/uploads\/2014\/10\/42-IFOP-EMS-05.09.14_-Determinar-la-distribuci\u00f3n-espacial-de-los-nutrientes-as\u00ed-como-sus-variaciones-Arica-Antofagasta.pdf\" rel=\"10142\"><img loading=\"lazy\" decoding=\"async\" class=\"alignleft size-full wp-image-12935\" src=\"http:\/\/www.ifop.cl\/wp-content\/contenidos\/uploads\/2014\/10\/pdf_icon21.png\" alt=\"pdf_icon21\" width=\"40\" height=\"41\" \/><\/a><\/td>\n<\/tr>\n<tr>\n<th>39-IFOP-EMS 27.08.14_Interaccion trofica jibia y merluza comun frente a Chile central<\/th>\n<\/tr>\n<tr>\n<td>Instituto de Fomento Pesquero llamado a licitaci\u00f3n p\u00fablica para la ejecuci\u00f3n de un estudio de Investigaci\u00f3n Pesquera y Acuicola<\/td>\n<td><a target=\"_Blank\" href=\"http:\/\/www.ifop.cl\/wp-content\/contenidos\/uploads\/2014\/10\/39-IFOP-EMS-27.08.14_Interaccion-trofica-jibia-y-merluza-comun-frente-a-Chile-central.pdf\" rel=\"10142\"><img loading=\"lazy\" decoding=\"async\" class=\"alignleft size-full wp-image-12935\" src=\"http:\/\/www.ifop.cl\/wp-content\/contenidos\/uploads\/2014\/10\/pdf_icon21.png\" alt=\"pdf_icon21\" width=\"40\" height=\"41\" \/><\/a><\/td>\n<\/tr>\n<tr>\n<th>38-IFOP-EMS 14.08.14-1_Caracterizaci\u00f3n de las condiciones oceanogr\u00e1ficas en la zona de desove de anchoveta<\/th>\n<\/tr>\n<tr>\n<td>Instituto de Fomento Pesquero llamado a licitaci\u00f3n p\u00fablica para la ejecuci\u00f3n de un objetivo espec\u00edfico de un estudio de Investigaci\u00f3n Pesquera<\/td>\n<td><a target=\"_Blank\" href=\"http:\/\/www.ifop.cl\/wp-content\/contenidos\/uploads\/2014\/10\/38-IFOP-EMS-14.08.14-1_Caracterizaci\u00f3n-de-las-condiciones-oceanogr\u00e1ficas-en-la-zona-de-desove-de-anchoveta.pdf\" rel=\"10142\"><img loading=\"lazy\" decoding=\"async\" class=\"alignleft size-full wp-image-12935\" src=\"http:\/\/www.ifop.cl\/wp-content\/contenidos\/uploads\/2014\/10\/pdf_icon21.png\" alt=\"pdf_icon21\" width=\"40\" height=\"41\" \/><\/a><\/td>\n<\/tr>\n<tr>\n<th>37-IFOP-EMS 06.08.14 Evaluaci\u00f3n del stock desovante de anchoveta entre la III y IV Regiones, A\u00f1o 2014<\/th>\n<\/tr>\n<tr>\n<td>Instituto de Fomento Pesquero llamado a licitaci\u00f3n p\u00fablica para la ejecuci\u00f3n de un estudio de Investigaci\u00f3n Pesquera<\/td>\n<td><a target=\"_Blank\" href=\"http:\/\/www.ifop.cl\/wp-content\/contenidos\/uploads\/2014\/10\/37-IFOP-EMS-06.08.14-Evaluaci\u00f3n-del-stock-desovante-de-anchoveta-entre-la-III-y-IV-Regiones-A\u00f1o-2014.pdf\" rel=\"10142\"><img loading=\"lazy\" decoding=\"async\" class=\"alignleft size-full wp-image-12935\" src=\"http:\/\/www.ifop.cl\/wp-content\/contenidos\/uploads\/2014\/10\/pdf_icon21.png\" alt=\"pdf_icon21\" width=\"40\" height=\"41\" \/><\/a><\/td>\n<\/tr>\n<tr>\n<th>35-IFOP-EMS 24.07.14-1-2\u00b0 llamado_ Determinar la composici\u00f3n e importancia de los principales \u00edtems alimentarios de merluza cola, sur y 3 aletas<\/th>\n<\/tr>\n<tr>\n<td>Instituto de Fomento Pesquero llamado a licitaci\u00f3n p\u00fablica para la ejecuci\u00f3n de un estudio de Investigaci\u00f3n Pesquera<\/td>\n<td><a target=\"_Blank\" href=\"http:\/\/www.ifop.cl\/wp-content\/contenidos\/uploads\/2014\/10\/35-IFOP-EMS-24.07.14-1-2\u00b0-llamado_-Determinar-la-composici\u00f3n-e-importancia-de-los-principales-\u00edtems-alimentarios-de-merluza-cola-sur-y-3-aletas.pdf\" rel=\"10142\"><img loading=\"lazy\" decoding=\"async\" class=\"alignleft size-full wp-image-12935\" src=\"http:\/\/www.ifop.cl\/wp-content\/contenidos\/uploads\/2014\/10\/pdf_icon21.png\" alt=\"pdf_icon21\" width=\"40\" height=\"41\" \/><\/a><\/td>\n<\/tr>\n<tr>\n<th>34-IFOP-EMS 19.07.14-2 PI_\u201cMonitoreo proceso reproductivo anchoveta XV, I y II,20114<\/th>\n<\/tr>\n<tr>\n<td>Instituto de Fomento Pesquero Invitaci\u00f3n a participar en pesca de investigaci\u00f3n: \u201cMonitoreo del proceso reproductivo de la anchoveta en la XV, I y II Regiones, 2014&#8243;<\/td>\n<td><a target=\"_Blank\" href=\"http:\/\/www.ifop.cl\/wp-content\/contenidos\/uploads\/2014\/10\/34-IFOP-EMS-19.07.14-2-PI_\u201cMonitoreo-proceso-reproductivo-anchoveta-XV-I-y-II20114.pdf\" rel=\"10142\"><img loading=\"lazy\" decoding=\"async\" class=\"alignleft size-full wp-image-12935\" src=\"http:\/\/www.ifop.cl\/wp-content\/contenidos\/uploads\/2014\/10\/pdf_icon21.png\" alt=\"pdf_icon21\" width=\"40\" height=\"41\" \/><\/a><\/td>\n<\/tr>\n<tr>\n<th>32-IFOP-LEAyLEI 11.07.14-2 Nave_\u201cEvaluaci\u00f3n stock desovante anchoveta XV,I y II<\/th>\n<\/tr>\n<tr>\n<td>Instituto de Fomento Pesquero requiere arrendar naves pesqueras proyecto: \u201cEvaluaci\u00f3n del stock desovante de anchoveta en la XV, I y II Regiones, a\u00f1o 2014&#8243;<\/td>\n<td><a target=\"_Blank\" href=\"http:\/\/www.ifop.cl\/wp-content\/contenidos\/uploads\/2014\/10\/32-IFOP-LEAyLEI-11.07.14-2-Nave_\u201cEvaluacion-stock-desovante-anchoveta-XVI-y-II.pdf\" rel=\"10142\"><img loading=\"lazy\" decoding=\"async\" class=\"alignleft size-full wp-image-12935\" src=\"http:\/\/www.ifop.cl\/wp-content\/contenidos\/uploads\/2014\/10\/pdf_icon21.png\" alt=\"pdf_icon21\" width=\"40\" height=\"41\" \/><\/a><\/td>\n<\/tr>\n<tr>\n<th>31-IFOP-LEAyLEI 11.07.14-3 Nave_\u201cEvaluaci\u00f3n stock desovante anchoveta XV,I y II<\/th>\n<\/tr>\n<tr>\n<td>Instituto de Fomento Pesquero Requiere arrendar nave pesquera proyecto: \u201cEvaluaci\u00f3n del stock desovante de anchoveta en la XV, I y II Regiones, a\u00f1o 2014&#8243;<\/td>\n<td><a target=\"_Blank\" href=\"http:\/\/www.ifop.cl\/wp-content\/contenidos\/uploads\/2014\/10\/31-IFOP-LEAyLEI-11.07.14-3-Nave_\u201cEvaluacion-stock-desovante-anchoveta-XVI-y-II.pdf\" rel=\"10142\"><img loading=\"lazy\" decoding=\"async\" class=\"alignleft size-full wp-image-12935\" src=\"http:\/\/www.ifop.cl\/wp-content\/contenidos\/uploads\/2014\/10\/pdf_icon21.png\" alt=\"pdf_icon21\" width=\"40\" height=\"41\" \/><\/a><\/td>\n<\/tr>\n<tr>\n<th>29-IFOP-EAC 07.07.14 2 Nave_\u201cEvaluacion stock desovante anchoveta III y IV<\/th>\n<\/tr>\n<tr>\n<td>Instituto de Fomento Pesquero Requiere arrendar nave pesquera proyecto: \u201cEvaluaci\u00f3n del stock desovante de anchoveta en la III y IV Regiones, a\u00f1o 2014&#8243;<\/td>\n<td><a target=\"_Blank\" href=\"http:\/\/www.ifop.cl\/wp-content\/contenidos\/uploads\/2014\/10\/29-IFOP-EAC-07.07.14-2-Nave_\u201cEvaluacion-stock-desovante-anchoveta-III-y-IV.pdf\" rel=\"10142\"><img loading=\"lazy\" decoding=\"async\" class=\"alignleft size-full wp-image-12935\" src=\"http:\/\/www.ifop.cl\/wp-content\/contenidos\/uploads\/2014\/10\/pdf_icon21.png\" alt=\"pdf_icon21\" width=\"40\" height=\"41\" \/><\/a><\/td>\n<\/tr>\n<tr>\n<th>28-IFOP-EMS-09.07.14-1 Fe de Errata del N\u00b023<\/th>\n<\/tr>\n<tr>\n<td>Instituto de Fomento Pesquero Llamado a licitaci\u00f3n p\u00fablica para la ejecuci\u00f3n de un estudio de Investigaci\u00f3n Pesquera<\/td>\n<td><a target=\"_Blank\" href=\"http:\/\/www.ifop.cl\/wp-content\/contenidos\/uploads\/2014\/10\/28-IFOP-EMS-09.07.14-1-Fe-de-Errata-del-N\u00b023.pdf\" rel=\"10142\"><img loading=\"lazy\" decoding=\"async\" class=\"alignleft size-full wp-image-12935\" src=\"http:\/\/www.ifop.cl\/wp-content\/contenidos\/uploads\/2014\/10\/pdf_icon21.png\" alt=\"pdf_icon21\" width=\"40\" height=\"41\" \/><\/a><\/td>\n<\/tr>\n<tr>\n<th>23-IFOP-EMS 04.07.14 Determinar el \u00edndice gonadosom\u00e1tico, estadios de madurez macrosc\u00f3picos, ojiva&#8230;.<\/th>\n<\/tr>\n<tr>\n<td>Instituto de Fomento Pesquero Llamado a licitaci\u00f3n p\u00fablica para la ejecuci\u00f3n de un estudio de Investigaci\u00f3n Pesquera<\/td>\n<td><a target=\"_Blank\" href=\"http:\/\/www.ifop.cl\/wp-content\/contenidos\/uploads\/2014\/10\/23-IFOP-EMS-04.07.14-Determinar-el-\u00edndice-gonadosom\u00e1tico-estadios-de-madurez-macrosc\u00f3picos-ojiva.....pdf\" rel=\"10142\"><img loading=\"lazy\" decoding=\"async\" class=\"alignleft size-full wp-image-12935\" src=\"http:\/\/www.ifop.cl\/wp-content\/contenidos\/uploads\/2014\/10\/pdf_icon21.png\" alt=\"pdf_icon21\" width=\"40\" height=\"41\" \/><\/a><\/td>\n<\/tr>\n<tr>\n<th>22-IFOP-EMS 04.07.14-2 Asesor\u00eda y facilitaci\u00f3n del proceso de formulaci\u00f3n del plan de manejo de sardina<\/th>\n<\/tr>\n<tr>\n<td>Instituto de Fomento Pesquero Llamado a licitaci\u00f3n p\u00fablica para la ejecuci\u00f3n de un estudio de Investigaci\u00f3n Pesquera y Acuicola<\/td>\n<td><a target=\"_Blank\" href=\"http:\/\/www.ifop.cl\/wp-content\/contenidos\/uploads\/2014\/10\/22-IFOP-EMS-04.07.14-2-Asesor\u00eda-y-facilitaci\u00f3n-del-proceso-de-formulaci\u00f3n-del-plan-de-manejo-de-sardina.pdf\" rel=\"10142\"><img loading=\"lazy\" decoding=\"async\" class=\"alignleft size-full wp-image-12935\" src=\"http:\/\/www.ifop.cl\/wp-content\/contenidos\/uploads\/2014\/10\/pdf_icon21.png\" alt=\"pdf_icon21\" width=\"40\" height=\"41\" \/><\/a><\/td>\n<\/tr>\n<tr>\n<th>21-IFOP-EMS 30.06.14 Asesor\u00eda Evaluaci\u00f3n impacto cuotas pesca<\/th>\n<\/tr>\n<tr>\n<td>Instituto de Fomento Pesquero segundo llamado a licitaci\u00f3n p\u00fablica para la asesor\u00eda en evaluaci\u00f3n de impacto de pol\u00edticas p\u00fablicas<\/td>\n<td><a target=\"_Blank\" href=\"http:\/\/www.ifop.cl\/wp-content\/contenidos\/uploads\/2014\/10\/21-IFOP-EMS-30.06.14-Asesor\u00eda-Evaluacion-impacto-cuotas-pesca.pdf\" rel=\"10142\"><img loading=\"lazy\" decoding=\"async\" class=\"alignleft size-full wp-image-12935\" src=\"http:\/\/www.ifop.cl\/wp-content\/contenidos\/uploads\/2014\/10\/pdf_icon21.png\" alt=\"pdf_icon21\" width=\"40\" height=\"41\" \/><\/a><\/td>\n<\/tr>\n<tr>\n<th>16-IFOP-EMS 13.06.14 Determinaci\u00f3n de las condiciones oceanogr\u00e1ficas asociadas a la distribuci\u00f3n<\/th>\n<\/tr>\n<tr>\n<td>Instituto de Fomento Pesquero llamado a licitaci\u00f3n p\u00fablica para la ejecuci\u00f3n de un objetivo espec\u00edfico de un estudio de Investigaci\u00f3n Pesquero<\/td>\n<td><a target=\"_Blank\" href=\"http:\/\/www.ifop.cl\/wp-content\/contenidos\/uploads\/2014\/10\/16-IFOP-EMS-13.06.14-Determinaci\u00f3n-de-las-condiciones-oceanogr\u00e1ficas-asociadas-a-la-distribuci\u00f3n.pdf\" rel=\"10142\"><img loading=\"lazy\" decoding=\"async\" class=\"alignleft size-full wp-image-12935\" src=\"http:\/\/www.ifop.cl\/wp-content\/contenidos\/uploads\/2014\/10\/pdf_icon21.png\" alt=\"pdf_icon21\" width=\"40\" height=\"41\" \/><\/a><\/td>\n<\/tr>\n<tr>\n<th>15-IFOP-EMS 12.06.14 Evaluaci\u00f3n del stock desovante de anchoveta y sardina com\u00fan entre la V a X, 2014<\/th>\n<\/tr>\n<tr>\n<td>Instituto de Fomento Pesquero llamado a licitaci\u00f3n p\u00fablica para la ejecuci\u00f3n de un estudio de Investigaci\u00f3n Pesquero<\/td>\n<td><a target=\"_Blank\" href=\"http:\/\/www.ifop.cl\/wp-content\/contenidos\/uploads\/2014\/10\/15-IFOP-EMS-12.06.14-Evaluaci\u00f3n-del-stock-desovante-de-anchoveta-y-sardina-com\u00fan-entre-la-V-a-X-2014.pdf\" rel=\"10142\"><img loading=\"lazy\" decoding=\"async\" class=\"alignleft size-full wp-image-12935\" src=\"http:\/\/www.ifop.cl\/wp-content\/contenidos\/uploads\/2014\/10\/pdf_icon21.png\" alt=\"pdf_icon21\" width=\"40\" height=\"41\" \/><\/a><\/td>\n<\/tr>\n<tr>\n<th>14-IFOP-EMS 29.05.14-1 Objetivo_Monitoreo Econ\u00f3mico de la Industria Pesquera y Acu\u00edcola Nacional, 2014<\/th>\n<\/tr>\n<tr>\n<td>Instituto de Fomento Pesquero llamado a licitaci\u00f3n p\u00fablica para la ejecuci\u00f3n de un objetivo espec\u00edfico de un estudio de Investigaci\u00f3n Pesquera y Acuicola<\/td>\n<td><a target=\"_Blank\" href=\"http:\/\/www.ifop.cl\/wp-content\/contenidos\/uploads\/2014\/10\/14-IFOP-EMS-29.05.14-1-Objetivo_Monitoreo-Econ\u00f3mico-de-la-Industria-Pesquera-y-Acu\u00edcola-Nacional-2014.pdf\" rel=\"10142\"><img loading=\"lazy\" decoding=\"async\" class=\"alignleft size-full wp-image-12935\" src=\"http:\/\/www.ifop.cl\/wp-content\/contenidos\/uploads\/2014\/10\/pdf_icon21.png\" alt=\"pdf_icon21\" width=\"40\" height=\"41\" \/><\/a><\/td>\n<\/tr>\n<tr>\n<th>13-IFOP-EMS 16.05.14 Evaluaci\u00f3n directa de camar\u00f3n nailon entre la II y VIII Regiones, a\u00f1o 2014.<\/th>\n<\/tr>\n<tr>\n<td>Instituto de Fomento Pesquero llamado a licitaci\u00f3n p\u00fablica para la ejecuci\u00f3n de un objetivo espec\u00edfico de un estudio de Investigaci\u00f3n Pesquero<\/td>\n<td><a target=\"_Blank\" href=\"http:\/\/www.ifop.cl\/wp-content\/contenidos\/uploads\/2014\/10\/13-IFOP-EMS-16.05.14-Evaluaci\u00f3n-directa-de-camar\u00f3n-nailon-entre-la-II-y-VIII-Regiones-a\u00f1o-2014..pdf\" rel=\"10142\"><img loading=\"lazy\" decoding=\"async\" class=\"alignleft size-full wp-image-12935\" src=\"http:\/\/www.ifop.cl\/wp-content\/contenidos\/uploads\/2014\/10\/pdf_icon21.png\" alt=\"pdf_icon21\" width=\"40\" height=\"41\" \/><\/a><\/td>\n<\/tr>\n<tr>\n<th>12-IFOP-EMS 16.05.14 Pesquer\u00eda de crust\u00e1ceos del archipi\u00e9lago Juan Fern\u00e1ndez.<\/th>\n<\/tr>\n<tr>\n<td style=\"text-align: left;\">Instituto de Fomento Pesquero llamado a licitaci\u00f3n p\u00fablica para la ejecuci\u00f3n de un objetivo espec\u00edfico de un estudio de Investigaci\u00f3n Pesquero<\/td>\n<td><a target=\"_Blank\" href=\"http:\/\/www.ifop.cl\/wp-content\/contenidos\/uploads\/2014\/10\/12-IFOP-EMS-16.05.14-Pesquer\u00eda-de-crust\u00e1ceos-del-archipi\u00e9lago-Juan-Fern\u00e1ndez..pdf\" rel=\"10142\"><img loading=\"lazy\" decoding=\"async\" class=\"alignleft size-full wp-image-12935\" src=\"http:\/\/www.ifop.cl\/wp-content\/contenidos\/uploads\/2014\/10\/pdf_icon21.png\" alt=\"pdf_icon21\" width=\"40\" height=\"41\" \/><\/a><\/td>\n<\/tr>\n<\/tbody>\n<\/table>","protected":false},"excerpt":{"rendered":"<p>Tenders of this Institution for the 2014 year 52-IFOP-LT 11.03.15-1_ Proyecto de investigaci\u00f3n biodiversidad de montes submarinos Instituto de Fomento Pesquero invita a participar en licitaci\u00f3n p\u00fablica del proyecto de investigaci\u00f3n Biodiversidad de Montes Submarinos. 51-IFOP-EMS 16.10.14-1_ Red de estaciones fijas de monitoreo de variables poblacionales del recurso erizo Instituto de Fomento Pesquero llamado a licitaci\u00f3n p\u00fablica para la ejecuci\u00f3n de un estudio de Investigaci\u00f3n Pesquera y Acuicola 50-IFOP-LT 02.10.14_Mantenci\u00f3n transporte y proveeduria A Molina 2014-2015 \u201cContrataci\u00f3n de servicios m\u00faltiples de mantenci\u00f3n de trabajos menores, servicios de transportes de carga y personas y proveedur\u00eda de materiales de pesca para el [&hellip;]<\/p>\n","protected":false},"author":1,"featured_media":0,"parent":0,"menu_order":0,"comment_status":"closed","ping_status":"open","template":"plantilla_licitaciones.php","meta":{"footnotes":""},"class_list":["post-10142","page","type-page","status-publish","hentry"],"_links":{"self":[{"href":"https:\/\/www.ifop.cl\/en\/wp-json\/wp\/v2\/pages\/10142"}],"collection":[{"href":"https:\/\/www.ifop.cl\/en\/wp-json\/wp\/v2\/pages"}],"about":[{"href":"https:\/\/www.ifop.cl\/en\/wp-json\/wp\/v2\/types\/page"}],"author":[{"embeddable":true,"href":"https:\/\/www.ifop.cl\/en\/wp-json\/wp\/v2\/users\/1"}],"replies":[{"embeddable":true,"href":"https:\/\/www.ifop.cl\/en\/wp-json\/wp\/v2\/comments?post=10142"}],"version-history":[{"count":1,"href":"https:\/\/www.ifop.cl\/en\/wp-json\/wp\/v2\/pages\/10142\/revisions"}],"predecessor-version":[{"id":25527,"href":"https:\/\/www.ifop.cl\/en\/wp-json\/wp\/v2\/pages\/10142\/revisions\/25527"}],"wp:attachment":[{"href":"https:\/\/www.ifop.cl\/en\/wp-json\/wp\/v2\/media?parent=10142"}],"curies":[{"name":"wp","href":"https:\/\/api.w.org\/{rel}","templated":true}]}}