{"id":97,"date":"2025-01-15T21:15:49","date_gmt":"2025-01-15T21:15:49","guid":{"rendered":"https:\/\/www.ifop.cl\/eem\/?page_id=97"},"modified":"2025-06-03T15:58:04","modified_gmt":"2025-06-03T15:58:04","slug":"talleres","status":"publish","type":"page","link":"https:\/\/www.ifop.cl\/eem\/talleres\/","title":{"rendered":"Talleres"},"content":{"rendered":"<h3>Talleres introductorios<\/h3>\n<p>La primera actividad de estos proyectos fue introducir los conceptos centrales de la EEM y el uso b\u00e1sico del software. Esta actividad, orientada principalmente a los administradores del departamento de pesquer\u00edas de la SUBPESCA, los investigadores del departamento de evaluaci\u00f3n de recursos del IFOP y a los integrantes de los comit\u00e9s cient\u00edfico-t\u00e9cnicos y comit\u00e9s de manejo, fue ejecutada en el formato de un taller telem\u00e1tico en julio de 2023.<\/p>\n<p>Este taller introductorio tuvo por objeto familiarizar a las partes interesadas de las diferentes pesquer\u00edas con los procesos de EEM proveyendo, simult\u00e1neamente, un contexto te\u00f3rico y conceptual y una introducci\u00f3n a la plataforma de software en la que se iban a realizar los an\u00e1lisis de simulaci\u00f3n de la din\u00e1mica de las pesquer\u00edas y el estudio del desempe\u00f1o de estrategias de manejo alternativas.<\/p>\n<p><button type=\"button\" class=\"btn\" style=\"background-color: #e3e3e3;\"><a href=\"https:\/\/www.ifop.cl\/eem\/wp-content\/uploads\/sites\/25\/2025\/01\/programa_taller_1.jpg\" rel=\"noopener\" target=\"_blank\" class=\"fancybox image\" aria-controls=\"fancybox-wrap\" aria-haspopup=\"dialog\">Programa Taller<\/a><\/button><\/p>\n<p>En noviembre de 2023 se llev\u00f3 a cabo de manera telem\u00e1tica un mini taller t\u00e9cnico para la presentaci\u00f3n e interpretaci\u00f3n de los resultados de las EEM usando la aplicaci\u00f3n en l\u00ednea <a href=\"https:\/\/www.ifop.cl\/eem\/evaluacion-de-estrategias-de-manejo\/#slick\">Slick<\/a>. El taller conducido por el Dr. Tom Carruthers y el Dr. Quang Huynh de Blue Matter Science Ltd., estuvo dirigido a administradores, cient\u00edficos y otras partes interesadas y cont\u00f3 con la asistencia de personas del IFOP, SUBPESCA, el Instituto de Investigaci\u00f3n Pesquera de la Regi\u00f3n del Bib\u00edo (INPESCA) y miembros de varios comit\u00e9s cient\u00edficos de peces y crust\u00e1ceos.<\/p>\n<h3>Talleres espec\u00edficos<\/h3>\n<p>La discusi\u00f3n durante el taller proporcion\u00f3 comentarios constructivos sobre potenciales caracter\u00edsticas adicionales que pod\u00edan ser incluidas en la aplicaci\u00f3n.<\/p>\n<div class=\"card mb-3 border-0 pt-2\">\n<div class=\"row g-0\">\n<div class=\"d-flex align-items-center col-md-6\">\n<div style=\"z-index: 2; margin-left: 10px;\">\n             <img decoding=\"async\" src=\"https:\/\/www.ifop.cl\/eem\/wp-content\/uploads\/sites\/25\/2025\/01\/merluza-comun.png\" alt=\"Merluza Com\u00fan\" style=\"height: 100px; position: relative; z-index: 2;\">\n         <\/div>\n<p>         <a id=\"merluzaComun\"><\/a><\/p>\n<div style=\"background-color: #64c2c6;margin-left: -90px;color: white;flex-grow: 1;\">\n<h5 class=\"text-light m-0 text-center\">Merluza Com\u00fan<br \/>(<i class='nomcientifico'>Merluccius gayi<\/i>)<\/h5>\n<\/p><\/div>\n<\/p><\/div>\n<div class=\"col-md-6\">\n<div class=\"card-body\">\n<h5>Evaluaci\u00f3n de Estrategias de Manejo para la Implementaci\u00f3n del Enfoque Precautorio en Merluza Com\u00fan (<i class='nomcientifico'>Merluccius gayi<\/i>) en el Contexto de la Ley General de Pesca y Acuicultura.<\/h5>\n<\/p><\/div>\n<\/p><\/div>\n<\/p><\/div>\n<\/div>\n<p><\/p>\n<p>En agosto de 2023 se realiz\u00f3 en Valpara\u00edso un taller presencial de entrenamiento avanzado en EEM usando el software openMSE. Este taller fue conducido por el Dr. Quang Huynh, analista cuantitativo senior de Blue Matter Science Ltd y estuvo orientado a construir las capacidades de un equipo de investigadores chilenos especializados en EEM. Este grupo de t\u00e9cnicos incluy\u00f3 investigadores del IFOP, el instituto de Investigaci\u00f3n Pesquera de la regi\u00f3n del Biobio y profesionales de la SUBPESCA y miembros de los comit\u00e9s de manejo y cient\u00edfico-t\u00e9cnico.<\/p>\n<p>El taller involucr\u00f3 el estudio aplicado del desempe\u00f1o de estrategias de manejo para la pesquer\u00eda de merluza com\u00fan y la redacci\u00f3n inicial del <a href=\"https:\/\/www.ifop.cl\/eem\/wp-content\/uploads\/sites\/25\/2025\/html_docs\/mgayi_spec_doc_html.html\">Documento de Especificaci\u00f3n de las Pruebas de EEM<\/a>. Este documento describe las especificaciones para los modelos operativos (MO), los procedimientos de manejo candidatos (PMC) y las m\u00e9tricas de desempe\u00f1o (MD) propuestas y que fueron desarrolladas para la pesquer\u00eda de merluza com\u00fan. Este es un documento que se encuentra bajo permanente edici\u00f3n y que se seguir\u00e1 actualizando de manera que refleje en todo momento el estado presente del proceso de EEM de merluza com\u00fan.<\/p>\n<div class=\"row\">\n<div class=\"col-2\">\n<button type=\"button\" class=\"btn\" style=\"background-color: #e3e3e3;\"><a href=\"https:\/\/www.ifop.cl\/eem\/taller-merluza-comun\/\"  aria-controls=\"fancybox-wrap\" aria-haspopup=\"dialog\" rel=\"noopener\">Fotos Taller<\/a><\/button>\n<\/div>\n<div class=\"col-2\">\n<button type=\"button\" class=\"btn\" style=\"background-color: #e3e3e3;\"><a href=\"https:\/\/www.ifop.cl\/eem\/wp-content\/uploads\/sites\/25\/2025\/01\/programa_taller_2.jpg\" rel=\"noopener\" target=\"_blank\" class=\"fancybox image\" aria-controls=\"fancybox-wrap\" aria-haspopup=\"dialog\">Programa Taller<\/a><\/button>\n<\/div>\n<\/div>\n<div class=\"card mb-3 border-0 pt-2\">\n<div class=\"row g-0\">\n<div class=\"d-flex align-items-center col-md-6\">\n<div style=\"z-index: 2; margin-left: 10px;\">\n             <img decoding=\"async\" src=\"https:\/\/www.ifop.cl\/eem\/wp-content\/uploads\/sites\/25\/2025\/01\/anchoveta.png\" alt=\"Anchoveta Norte\" style=\"height: 100px; position: relative; z-index: 2;\">\n         <\/div>\n<p>         <a id=\"anchovetaNorte\"><\/a><\/p>\n<div style=\"background-color: #64c2c6;margin-left: -90px;color: white;flex-grow: 1;\">\n<h5 class=\"text-light m-0 text-center\">Anchoveta Norte<br \/>(<i class='nomcientifico'>Engraulis ringens<\/i>)<\/h5>\n<\/p><\/div>\n<\/p><\/div>\n<div class=\"col-md-6\">\n<div class=\"card-body\">\n<h5>Evaluaci\u00f3n de Estrategias de Manejo para la Implementaci\u00f3n del Enfoque Precautorio en Anchoveta Norte (<i class='nomcientifico'>Engraulis ringens<\/i>) en el Contexto de la Ley General de Pesca y Acuicultura.<\/h5>\n<\/p><\/div>\n<\/p><\/div>\n<\/p><\/div>\n<\/div>\n<p>A fines de julio y comienzo de agosto de 2023 se realiz\u00f3 en Valpara\u00edso un taller presencial de entrenamiento avanzado en EEM usando el software openMSE. Este taller fue conducido por el Dr. Quang Huynh, analista cuantitativo senior de Blue Matter Science Ltd y estuvo orientado a construir las capacidades de un equipo de investigadores chilenos especializados en EEM. Este grupo de t\u00e9cnicos incluy\u00f3 investigadores del IFOP, el instituto de Investigaci\u00f3n Pesquera de la regi\u00f3n del Biob\u00edo y profesionales de la SUBPESCA.<\/p>\n<p>El taller involucr\u00f3 el estudio aplicado del desempe\u00f1o de estrategias de manejo para la pesquer\u00eda de anchoveta norte y la redacci\u00f3n inicial del <a href=\"https:\/\/www.ifop.cl\/eem\/documentos\/#eem\">Documento de Especificaci\u00f3n de las Pruebas de EEM.<\/a> Este documento describe las especificaciones para los modelos operativos (MO), los procedimientos de manejo candidatos (PMC) y las m\u00e9tricas de desempe\u00f1o (MD) propuestas y que fueron desarrolladas para la pesquer\u00eda de anchoveta norte. Este es un documento que se encuentra bajo permanente edici\u00f3n y que se seguir\u00e1 actualizando de manera que refleje en todo momento el estado presente del proceso de EEM de anchoveta norte.<\/p>\n<div class=\"row\">\n<div class=\"col-2\">\n<button type=\"button\" class=\"btn\" style=\"background-color: #e3e3e3;\"><a href=\"https:\/\/www.ifop.cl\/eem\/taller-anchoveta-norte\/\" rel=\"noopener\" aria-controls=\"fancybox-wrap\" aria-haspopup=\"dialog\">Fotos Taller<\/a><\/button>\n<\/div>\n<div class=\"col-2\">\n<button type=\"button\" class=\"btn\" style=\"background-color: #e3e3e3;\"><a href=\"https:\/\/www.ifop.cl\/eem\/wp-content\/uploads\/sites\/25\/2025\/01\/programa_taller_1.jpg\" rel=\"noopener\" target=\"_blank\" class=\"fancybox image\" aria-controls=\"fancybox-wrap\" aria-haspopup=\"dialog\">Programa Taller<\/a><\/button>\n<\/div>\n<\/div>\n","protected":false},"excerpt":{"rendered":"<p>Talleres introductorios La primera actividad de estos proyectos fue introducir los conceptos centrales de la EEM y el uso b\u00e1sico del software. Esta actividad, orientada principalmente a los administradores del departamento de pesquer\u00edas de la SUBPESCA, los investigadores del departamento de evaluaci\u00f3n de recursos del IFOP y a los integrantes de los comit\u00e9s cient\u00edfico-t\u00e9cnicos y comit\u00e9s de manejo, fue ejecutada en el formato de un taller telem\u00e1tico en julio de 2023. Este taller introductorio tuvo por objeto familiarizar a las partes interesadas de las diferentes pesquer\u00edas con los procesos de EEM proveyendo, simult\u00e1neamente, un contexto te\u00f3rico y conceptual y una [&hellip;]<\/p>\n","protected":false},"author":1,"featured_media":0,"parent":0,"menu_order":0,"comment_status":"closed","ping_status":"closed","template":"plantilla-minisitio_contenido.php","meta":{"footnotes":""},"class_list":["post-97","page","type-page","status-publish","hentry"],"_links":{"self":[{"href":"https:\/\/www.ifop.cl\/eem\/wp-json\/wp\/v2\/pages\/97"}],"collection":[{"href":"https:\/\/www.ifop.cl\/eem\/wp-json\/wp\/v2\/pages"}],"about":[{"href":"https:\/\/www.ifop.cl\/eem\/wp-json\/wp\/v2\/types\/page"}],"author":[{"embeddable":true,"href":"https:\/\/www.ifop.cl\/eem\/wp-json\/wp\/v2\/users\/1"}],"replies":[{"embeddable":true,"href":"https:\/\/www.ifop.cl\/eem\/wp-json\/wp\/v2\/comments?post=97"}],"version-history":[{"count":57,"href":"https:\/\/www.ifop.cl\/eem\/wp-json\/wp\/v2\/pages\/97\/revisions"}],"predecessor-version":[{"id":442,"href":"https:\/\/www.ifop.cl\/eem\/wp-json\/wp\/v2\/pages\/97\/revisions\/442"}],"wp:attachment":[{"href":"https:\/\/www.ifop.cl\/eem\/wp-json\/wp\/v2\/media?parent=97"}],"curies":[{"name":"wp","href":"https:\/\/api.w.org\/{rel}","templated":true}]}}