{"id":95,"date":"2025-01-15T21:15:29","date_gmt":"2025-01-15T21:15:29","guid":{"rendered":"https:\/\/www.ifop.cl\/eem\/?page_id=95"},"modified":"2025-12-15T17:11:27","modified_gmt":"2025-12-15T17:11:27","slug":"documentos","status":"publish","type":"page","link":"https:\/\/www.ifop.cl\/eem\/documentos\/","title":{"rendered":"Documentos"},"content":{"rendered":"<h3>Documentos<\/h3>\n<div class=\"row row-cols-1 g-3\">\n<div class=\"col\">\n<div class=\"card h-100\">\n<div class=\"card-body\">\n<h5>Merluza Com\u00fan (<i class='nomcientifico'>Merluccius gayi<\/i>)<\/h5>\n<p>\t\t\t\tEvaluaci\u00f3n de Estrategias de Manejo para la Implementaci\u00f3n del Enfoque Precautorio en Merluza Com\u00fan (<i class='nomcientifico'>Merluccius gayi<\/i>) en el Contexto de la Ley General de Pesca y Acuicultura.<\/p>\n<div class=\"row\">\n<div class=\"col-6\" id=\"eem-mc\">\n<dl>\n<dt><a href=\"https:\/\/www.ifop.cl\/eem\/wp-content\/uploads\/sites\/25\/2025\/html_docs\/mgayi_spec_doc_html.html\" rel=\"noopener\" target=\"_blank\"><i class=\"fa-solid fa-arrow-up-right-from-square pe-2\"><\/i>Documento de especificaciones de las pruebas de EEM<\/a><\/dt>\n<dd>Este documento describe los modelos operativos, estrategias de manejo y m\u00e9tricas de desempe\u00f1o desarrollados para la EEM de la merluza com\u00fan.<\/dd>\n<\/dl>\n<\/div>\n<div class=\"col-6\" id=\"inf-mc\">\n<dl>\n<dt><a href=\"https:\/\/www.ifop.cl\/eem\/wp-content\/uploads\/sites\/25\/2025\/html_docs\/documento_tecnico_asesoria_gestion_tecnica_2024_mcomun.pdf\" rel=\"noopener\" target=\"_blank\"><i class=\"fa-regular fa-file-pdf pe-2\"><\/i>Informe final<\/a><\/dt>\n<dd>Los resultados completos del estudio de EEM fueron informados en el \u201cDocumento T\u00e9cnico Asesor\u00eda a la Gesti\u00f3n T\u00e9cnica&#8221;<\/dd>\n<\/dl>\n<\/div>\n<\/div><\/div>\n<\/p><\/div>\n<\/p><\/div>\n<div class=\"col\">\n<div class=\"card h-100\">\n<div class=\"card-body\">\n<h5>Anchoveta Norte (<i class='nomcientifico'>Engraulis ringens<\/i>)<\/h5>\n<p>\t\t\t\tEvaluaci\u00f3n de Estrategias de Manejo para la Implementaci\u00f3n del Enfoque Precautorio en Anchoveta Norte (<i class='nomcientifico'>Engraulis ringens<\/i>) en el Contexto de la Ley General de Pesca y Acuicultura.<\/p>\n<div class=\"row\">\n<div class=\"col-6\" id=\"eem-an\">\n<dl>\n<dt><a href=\"https:\/\/www.ifop.cl\/eem\/wp-content\/uploads\/sites\/25\/2025\/html_docs\/especificasiones_pruebas_eem_anchoveta_norte.html\" rel=\"noopener\" target=\"_blank\"><i class=\"fa-solid fa-arrow-up-right-from-square pe-2\"><\/i>Documento de especificaciones de las pruebas de EEM<\/a><\/dt>\n<dd>Este documento describe los modelos operativos, estrategias de manejo y m\u00e9tricas de desempe\u00f1o desarrollados para la EEM de la anchoveta norte<\/dd>\n<\/dl>\n<dl>\n<dt><a href=\"https:\/\/www.ifop.cl\/eem\/wp-content\/uploads\/sites\/25\/2025\/html_docs\/especificaciones_pruebas_eem_anchoveta_norte_etapaII\/\" rel=\"noopener\" target=\"_blank\"><i class=\"fa-solid fa-arrow-up-right-from-square pe-2\"><\/i>Documento de especificaciones de las pruebas de EEM, Etapa II<\/a><\/dt>\n<dd>Este documento describe los modelos operativos, estrategias de manejo y m\u00e9tricas de desempe\u00f1o desarrollados para la EEM de la anchoveta norte<\/dd>\n<\/dl>\n<\/div>\n<div class=\"col-6\" id=\"inf-an\">\n<dl>\n<dt><a href=\"https:\/\/www.ifop.cl\/eem\/wp-content\/uploads\/sites\/25\/2025\/html_docs\/1er_info_tec_anchoveta_norte_cba_2026_v2.pdf\" rel=\"noopener\" target=\"_blank\"><i class=\"fa-regular fa-file-pdf pe-2\"><\/i>Informe final<\/a><\/dt>\n<dd>Los resultados completos del estudio de EEM fueron informados en el &#8220;Informe T\u00e9cnico Avance Estatus y CBA 2026&#8221;<\/dd>\n<\/dl>\n<\/div>\n<\/div><\/div>\n<\/p><\/div>\n<\/p><\/div>\n<div class=\"col\">\n<div class=\"card h-100\">\n<div class=\"card-body\">\n<h5>Camar\u00f3n Nailon (<i class='nomcientifico'>Heterocarpus reedi<\/i>)<\/h5>\n<p>\t\t\t\t\tEvaluaci\u00f3n de Estrategias de Manejo para la Implementaci\u00f3n del Enfoque Precautorio en Camar\u00f3n Nailon (<i class='nomcientifico'>Heterocarpus reedi<\/i>) en el Contexto de la Ley General de Pesca y Acuicultura.<\/p>\n<div class=\"row\">\n<div class=\"col-6\" id=\"eem-cn\">\n<dl>\n<dt>Contenido en desarrollo.<\/dt>\n<\/dl>\n<\/div>\n<\/div><\/div>\n<\/p><\/div>\n<\/p><\/div>\n<div class=\"col\" id=\"eem-ms\">\n<div class=\"card h-100\">\n<div class=\"card-body\">\n<h5>Merluza del Sur (<i class='nomcientifico'>Merluccius australis<\/i>)<\/h5>\n<p>\t\t\t\t\tEvaluaci\u00f3n de Estrategias de Manejo para la Implementaci\u00f3n del Enfoque Precautorio en Merluza del Sur (<i class='nomcientifico'>Merluccius australis<\/i>) en el Contexto de la Ley General de Pesca y Acuicultura.<\/p>\n<div class=\"row\">\n<div class=\"col-6\" id=\"eem-mds\">\n<dl>\n<dt><a href=\"https:\/\/www.ifop.cl\/eem\/wp-content\/uploads\/sites\/25\/2025\/html_docs\/merluza_sur\/Documento de especificaciones EEM merluza del sur.pdf\" rel=\"noopener\" target=\"_blank\"><i class=\"fa-solid fa-arrow-up-right-from-square pe-2\"><\/i>Documento de especificaciones de las pruebas de EEM<\/a><\/dt>\n<dd>Este documento describe los modelos operativos, estrategias de manejo y m\u00e9tricas de desempe\u00f1o desarrollados para la EEM de la merluza del sur<\/dd>\n<\/dl>\n<\/div>\n<div class=\"col-6\" id=\"inf-mc\">\n<dl>\n<dt><a href=\"https:\/\/www.ifop.cl\/eem\/wp-content\/uploads\/sites\/25\/2025\/html_docs\/merluza_sur\/DTACT_Msur_2025.pdf\" rel=\"noopener\" target=\"_blank\"><i class=\"fa-regular fa-file-pdf pe-2\"><\/i>Documento T\u00e9cnico Asesor\u00eda a la Gesti\u00f3n T\u00e9cnica<\/a><\/dt>\n<dd><\/dd>\n<\/dl>\n<\/div>\n<\/div><\/div>\n<\/p><\/div>\n<\/p><\/div>\n<div class=\"col\" id=\"eem-sa\">\n<div class=\"card h-100\">\n<div class=\"card-body\">\n<h5>Sardina Austral (<i class='nomcientifico'>Sprattus fuegensis<\/i>)<\/h5>\n<p>\t\t\t\t\tEvaluaci\u00f3n de Estrategias de Manejo para la Implementaci\u00f3n del Enfoque Precautorio en Sardina Austral (<i class='nomcientifico'>Sprattus fuegensis<\/i>) en el Contexto de la Ley General de Pesca y Acuicultura.<\/p>\n<div class=\"row\">\n<div class=\"col-6\" id=\"eem-sa\">\n<dl>\n<dt><a href=\"https:\/\/www.ifop.cl\/eem\/wp-content\/uploads\/sites\/25\/2025\/html_docs\/sardina_austral\/Documento de especificacio\u0301n de las pruebas de EEM para la sardina austral de la Regio\u0301n de Los Lagos.pdf\" rel=\"noopener\" target=\"_blank\"><i class=\"fa-solid fa-arrow-up-right-from-square pe-2\"><\/i>Documento de especificaciones de las pruebas de EEM<\/a><\/dt>\n<dd>Este documento describe los modelos operativos, estrategias de manejo y m\u00e9tricas de desempe\u00f1o desarrollados para la EEM de la sardina austral de<br \/>\nla Regi\u00f3n de Los Lagos<\/dd>\n<\/dl>\n<\/div>\n<div class=\"col-6\" id=\"inf-mc\">\n<dl>\n<dt><a href=\"https:\/\/www.ifop.cl\/eem\/wp-content\/uploads\/sites\/25\/2025\/html_docs\/sardina_austral\/ITF_SAustralcba2025_final.pdf\" rel=\"noopener\" target=\"_blank\"><i class=\"fa-regular fa-file-pdf pe-2\"><\/i>Informe T\u00e9cnico Final<\/a><\/dt>\n<dd><\/dd>\n<\/dl>\n<\/div>\n<\/div><\/div>\n<\/p><\/div>\n<\/p><\/div>\n<div class=\"col\">\n<div class=\"card h-100\">\n<div class=\"card-body\">\n<h5>Merluza de cola (<i class='nomcientifico'>Macruronus magellanicus<\/i>)<\/h5>\n<p>\t\t\t\t\tEvaluaci\u00f3n de Estrategias de Manejo para la Implementaci\u00f3n del Enfoque Precautorio en Merluza de cola (<i class='nomcientifico'>Macruronus magellanicus<\/i>) en el Contexto de la Ley General de Pesca y Acuicultura.<\/p>\n<div class=\"row\">\n<div class=\"col-6\" id=\"eem-mdc\">\n<dl>\n<dt>Contenido en desarrollo.<\/dt>\n<\/dl>\n<\/div>\n<\/div><\/div>\n<\/p><\/div>\n<\/p><\/div>\n<\/p><\/div>\n","protected":false},"excerpt":{"rendered":"<p>Documentos Merluza Com\u00fan (Merluccius gayi) Evaluaci\u00f3n de Estrategias de Manejo para la Implementaci\u00f3n del Enfoque Precautorio en Merluza Com\u00fan (Merluccius gayi) en el Contexto de la Ley General de Pesca y Acuicultura. Documento de especificaciones de las pruebas de EEM Este documento describe los modelos operativos, estrategias de manejo y m\u00e9tricas de desempe\u00f1o desarrollados para la EEM de la merluza com\u00fan. Informe final Los resultados completos del estudio de EEM fueron informados en el \u201cDocumento T\u00e9cnico Asesor\u00eda a la Gesti\u00f3n T\u00e9cnica&#8221; Anchoveta Norte (Engraulis ringens) Evaluaci\u00f3n de Estrategias de Manejo para la Implementaci\u00f3n del Enfoque Precautorio en Anchoveta Norte (Engraulis [&hellip;]<\/p>\n","protected":false},"author":1,"featured_media":0,"parent":0,"menu_order":0,"comment_status":"closed","ping_status":"closed","template":"plantilla-minisitio_contenido.php","meta":{"footnotes":""},"class_list":["post-95","page","type-page","status-publish","hentry"],"_links":{"self":[{"href":"https:\/\/www.ifop.cl\/eem\/wp-json\/wp\/v2\/pages\/95"}],"collection":[{"href":"https:\/\/www.ifop.cl\/eem\/wp-json\/wp\/v2\/pages"}],"about":[{"href":"https:\/\/www.ifop.cl\/eem\/wp-json\/wp\/v2\/types\/page"}],"author":[{"embeddable":true,"href":"https:\/\/www.ifop.cl\/eem\/wp-json\/wp\/v2\/users\/1"}],"replies":[{"embeddable":true,"href":"https:\/\/www.ifop.cl\/eem\/wp-json\/wp\/v2\/comments?post=95"}],"version-history":[{"count":36,"href":"https:\/\/www.ifop.cl\/eem\/wp-json\/wp\/v2\/pages\/95\/revisions"}],"predecessor-version":[{"id":494,"href":"https:\/\/www.ifop.cl\/eem\/wp-json\/wp\/v2\/pages\/95\/revisions\/494"}],"wp:attachment":[{"href":"https:\/\/www.ifop.cl\/eem\/wp-json\/wp\/v2\/media?parent=95"}],"curies":[{"name":"wp","href":"https:\/\/api.w.org\/{rel}","templated":true}]}}