{"id":93,"date":"2025-01-15T21:15:09","date_gmt":"2025-01-15T21:15:09","guid":{"rendered":"https:\/\/www.ifop.cl\/eem\/?page_id=93"},"modified":"2025-02-10T13:16:12","modified_gmt":"2025-02-10T13:16:12","slug":"proyectos","status":"publish","type":"page","link":"https:\/\/www.ifop.cl\/eem\/proyectos\/","title":{"rendered":"Proyectos"},"content":{"rendered":"<h3>Antecedentes<\/h3>\n<p>La <a href=\"https:\/\/www.subpesca.cl\/portal\/615\/w3-article-88020.html\" rel=\"noopener\" target=\"_blank\">Ley General de Pesca y Acuicultura (LGPA)<\/a> establece que el Instituto de Fomento Pesquero es el ejecutor del programa de investigaci\u00f3n b\u00e1sica o permanente para la regulaci\u00f3n pesquera y de acuicultura incluyendo los proyectos que determinan el estado de situaci\u00f3n o estatus y posibilidades de explotaci\u00f3n biol\u00f3gicamente sustentable o captura biol\u00f3gicamente aceptable (CBA). La instituci\u00f3n responsable de elaborar los T\u00e9rminos T\u00e9cnicos de Referencia (TTR) de estos proyectos es la <a href=\"https:\/\/www.subpesca.cl\/portal\/616\/w3-channel.html\" rel=\"noopener\" target=\"_blank\">Subsecretar\u00eda de Pesca y Acuicultura (SUBPESCA)<\/a> .<\/p>\n<p>Siguiendo lo establecido en la LGPA y comprometidos a realizar una gesti\u00f3n pesquera siguiendo el enfoque precautorio (FAO 1995) y basada en estudios cient\u00edficos, la SUBPESCA ha adoptado un enfoque de <a href=\"https:\/\/harveststrategies.org\" rel=\"noopener\" target=\"_blank\">procedimiento (o estrategia) de manejo<\/a>  para alcanzar los objetivos establecidos en los planes de manejo pesquero. Consecuentemente, los TTR de proyectos seleccionados de determinaci\u00f3n del estatus y estudio de la CBA incluyen ahora la Evaluaci\u00f3n de Estrategias de Manejo (EEM) como un objetivo espec\u00edfico.<\/p>\n<p>La primera actividad para alcanzar los objetivos en EEM fue introducir los conceptos centrales y el uso b\u00e1sico del software. Esta actividad, orientada principalmente a los administradores del departamento de pesquer\u00edas de la SUBPESCA, los investigadores del departamento de evaluaci\u00f3n de recursos del IFOP y a los integrantes de los comit\u00e9s cient\u00edfico-t\u00e9cnicos y de manejo, fue ejecutada en el formato de un taller telem\u00e1tico en julio de 2023 (*incluir aqu\u00ed link al primer taller en la secci\u00f3n talleres). El taller introductorio tuvo por objeto familiarizar a las partes interesadas con los procesos de EEM proveyendo, simult\u00e1neamente, un contexto te\u00f3rico y conceptual y una introducci\u00f3n a la plataforma de software en que se realizaron los an\u00e1lisis de simulaci\u00f3n de la din\u00e1mica de las pesquer\u00edas y el estudio del desempe\u00f1o de estrategias de manejo alternativas.<\/p>\n<p>Este taller introductorio fue seguido por la ejecuci\u00f3n de talleres t\u00e9cnicos espec\u00edficos para cada pesquer\u00eda, los que involucraron el estudio aplicado del desempe\u00f1o de estrategias de manejo y la redacci\u00f3n inicial de un Documento de Especificaci\u00f3n de las Pruebas de EEM. Estos documentos describen las especificaciones para los modelos operativos (MO), los procedimientos de manejo candidatos (PMC) y las m\u00e9tricas de desempe\u00f1o (MD) que fueron propuestas y desarrolladas para las diferentes pesquer\u00edas.<\/p>\n<p>Estos talleres tambi\u00e9n pueden ser vistos como actividades de entrenamiento avanzado en EEM usando el <a href=\"https:\/\/www.ifop.cl\/eem\/evaluacion-de-estrategias-de-manejo\/#software\">software openMSE<\/a> , los que contaron con la asesoria experta del Dr. Quang Huynh, analista cuantitativo senior de Blue Matter Science Ltd. y que estuvieron orientados a construir capacidades t\u00e9cnicas especializadas en EEM entre los investigadores chilenos. Este grupo de t\u00e9cnicos incluy\u00f3 investigadores del IFOP, investigaciones de instituciones  de investigaci\u00f3n pesquera involucrados en los diferentes comit\u00e9s de manejo y cient\u00edfico-t\u00e9cnicos, como tambi\u00e9n a los profesionales del departamento de pesquer\u00edas de la SUBPESCA.<\/p>\n","protected":false},"excerpt":{"rendered":"<p>Antecedentes La Ley General de Pesca y Acuicultura (LGPA) establece que el Instituto de Fomento Pesquero es el ejecutor del programa de investigaci\u00f3n b\u00e1sica o permanente para la regulaci\u00f3n pesquera y de acuicultura incluyendo los proyectos que determinan el estado de situaci\u00f3n o estatus y posibilidades de explotaci\u00f3n biol\u00f3gicamente sustentable o captura biol\u00f3gicamente aceptable (CBA). La instituci\u00f3n responsable de elaborar los T\u00e9rminos T\u00e9cnicos de Referencia (TTR) de estos proyectos es la Subsecretar\u00eda de Pesca y Acuicultura (SUBPESCA) . Siguiendo lo establecido en la LGPA y comprometidos a realizar una gesti\u00f3n pesquera siguiendo el enfoque precautorio (FAO 1995) y basada en [&hellip;]<\/p>\n","protected":false},"author":1,"featured_media":0,"parent":0,"menu_order":0,"comment_status":"closed","ping_status":"closed","template":"plantilla-minisitio_contenido.php","meta":{"footnotes":""},"class_list":["post-93","page","type-page","status-publish","hentry"],"_links":{"self":[{"href":"https:\/\/www.ifop.cl\/eem\/wp-json\/wp\/v2\/pages\/93"}],"collection":[{"href":"https:\/\/www.ifop.cl\/eem\/wp-json\/wp\/v2\/pages"}],"about":[{"href":"https:\/\/www.ifop.cl\/eem\/wp-json\/wp\/v2\/types\/page"}],"author":[{"embeddable":true,"href":"https:\/\/www.ifop.cl\/eem\/wp-json\/wp\/v2\/users\/1"}],"replies":[{"embeddable":true,"href":"https:\/\/www.ifop.cl\/eem\/wp-json\/wp\/v2\/comments?post=93"}],"version-history":[{"count":57,"href":"https:\/\/www.ifop.cl\/eem\/wp-json\/wp\/v2\/pages\/93\/revisions"}],"predecessor-version":[{"id":402,"href":"https:\/\/www.ifop.cl\/eem\/wp-json\/wp\/v2\/pages\/93\/revisions\/402"}],"wp:attachment":[{"href":"https:\/\/www.ifop.cl\/eem\/wp-json\/wp\/v2\/media?parent=93"}],"curies":[{"name":"wp","href":"https:\/\/api.w.org\/{rel}","templated":true}]}}