{"id":9,"date":"2021-05-08T00:20:19","date_gmt":"2021-05-08T00:20:19","guid":{"rendered":"https:\/\/www.ifop.cl\/eem\/?page_id=9"},"modified":"2025-01-30T15:15:02","modified_gmt":"2025-01-30T15:15:02","slug":"inicio","status":"publish","type":"page","link":"https:\/\/www.ifop.cl\/eem\/","title":{"rendered":"Inicio"},"content":{"rendered":"\n<p>En el a\u00f1o 2013 las reformas a la Ley General de Pesca y Acuicultura (LGPA) adoptaron el Enfoque Precautorio (EP) para la administraci\u00f3n pesquera (FAO 1995) e incluyeron los Planes de Manejo Pesquero (PMP) reconociendo, de este modo, que la informaci\u00f3n cient\u00edfica es un soporte central de la toma de decisiones para la administraci\u00f3n pesquera.<\/p>\n<p>El Enfoque Precautorio reconoce las posibles consecuencias negativas asociadas al conocimiento incompleto sobre el estado o procesos de la naturaleza (com\u00fanmente referido como incertidumbre) y propone, entre otras acciones, el uso de reglas de decisi\u00f3n previamente acordadas.<\/p>\n<p>Los PMP son instrumentos de administraci\u00f3n de car\u00e1cter vinculante que deben especificar los objetivos, metas y el periodo para reconstruir o mantener las poblaciones de peces al nivel del Rendimiento M\u00e1ximo sostenible (RMS), junto a las estrategias para alcanzar los objetivos y metas establecidos.<\/p>\n<p>La Evaluaci\u00f3n de Estrategias de Manejo (su evaluaci\u00f3n mediante simulaci\u00f3n; EEM) se considera actualmente la forma m\u00e1s apropiada para evaluar el desempe\u00f1o de combinaciones de esquemas de recopilaci\u00f3n de datos, m\u00e9todos para el proceso de estos datos y reglas de control de captura (i.e., estrategias de manejo; EM) en presencia de incertidumbre, dados los objetivos adoptados en el PMP.<\/p>\n<p>La EM implementa el enfoque cient\u00edfico de administraci\u00f3n pesquera y la EEM materializa el Enfoque Precautorio confiriendo, de este modo, el soporte de las estrategias explicitadas en los PMP.<\/p>\n","protected":false},"excerpt":{"rendered":"<p>En el a\u00f1o 2013 las reformas a la Ley General de Pesca y Acuicultura (LGPA) adoptaron el Enfoque Precautorio (EP) para la administraci\u00f3n pesquera (FAO 1995) e incluyeron los Planes de Manejo Pesquero (PMP) reconociendo, de este modo, que la informaci\u00f3n cient\u00edfica es un soporte central de la toma de decisiones para la administraci\u00f3n pesquera. El Enfoque Precautorio reconoce las posibles consecuencias negativas asociadas al conocimiento incompleto sobre el estado o procesos de la naturaleza (com\u00fanmente referido como incertidumbre) y propone, entre otras acciones, el uso de reglas de decisi\u00f3n previamente acordadas. Los PMP son instrumentos de administraci\u00f3n de car\u00e1cter [&hellip;]<\/p>\n","protected":false},"author":1,"featured_media":0,"parent":0,"menu_order":0,"comment_status":"closed","ping_status":"closed","template":"plantilla-minisitio_contenido.php","meta":{"footnotes":""},"class_list":["post-9","page","type-page","status-publish","hentry"],"_links":{"self":[{"href":"https:\/\/www.ifop.cl\/eem\/wp-json\/wp\/v2\/pages\/9"}],"collection":[{"href":"https:\/\/www.ifop.cl\/eem\/wp-json\/wp\/v2\/pages"}],"about":[{"href":"https:\/\/www.ifop.cl\/eem\/wp-json\/wp\/v2\/types\/page"}],"author":[{"embeddable":true,"href":"https:\/\/www.ifop.cl\/eem\/wp-json\/wp\/v2\/users\/1"}],"replies":[{"embeddable":true,"href":"https:\/\/www.ifop.cl\/eem\/wp-json\/wp\/v2\/comments?post=9"}],"version-history":[{"count":27,"href":"https:\/\/www.ifop.cl\/eem\/wp-json\/wp\/v2\/pages\/9\/revisions"}],"predecessor-version":[{"id":357,"href":"https:\/\/www.ifop.cl\/eem\/wp-json\/wp\/v2\/pages\/9\/revisions\/357"}],"wp:attachment":[{"href":"https:\/\/www.ifop.cl\/eem\/wp-json\/wp\/v2\/media?parent=9"}],"curies":[{"name":"wp","href":"https:\/\/api.w.org\/{rel}","templated":true}]}}