{"id":198,"date":"2025-01-21T12:18:37","date_gmt":"2025-01-21T12:18:37","guid":{"rendered":"https:\/\/www.ifop.cl\/eem\/?page_id=198"},"modified":"2025-02-13T15:44:42","modified_gmt":"2025-02-13T15:44:42","slug":"merluza-comun","status":"publish","type":"page","link":"https:\/\/www.ifop.cl\/eem\/proyectos\/merluza-comun\/","title":{"rendered":"Merluza Com\u00fan"},"content":{"rendered":"<div class=\"card mb-3 border-0 pt-2\">\n<div class=\"row g-0\">\n<div class=\"d-flex align-items-center col-md-6\">\n<div style=\"z-index: 2; margin-left: 10px;\">\n             <img decoding=\"async\" src=\"https:\/\/www.ifop.cl\/eem\/wp-content\/uploads\/sites\/25\/2025\/01\/merluza-comun.png\" alt=\"Merluza Com\u00fan\" style=\"height: 100px; position: relative; z-index: 2;\">\n         <\/div>\n<div style=\"background-color: #64c2c6;margin-left: -90px;color: white;flex-grow: 1;\">\n<h5 class=\"text-light m-0 text-center\">Merluza Com\u00fan<br \/>(<i class='nomcientifico'>Merluccius gayi<\/i>)<\/h5>\n<\/p><\/div>\n<\/p><\/div>\n<div class=\"col-md-6\">\n<div class=\"card-body\">\n<h5>Evaluaci\u00f3n de Estrategias de Manejo para la Implementaci\u00f3n del Enfoque Precautorio en Merluza Com\u00fan (<i class='nomcientifico'>Merluccius gayi<\/i>) en el Contexto de la Ley General de Pesca y Acuicultura.<\/h5>\n<\/p><\/div>\n<\/p><\/div>\n<\/p><\/div>\n<\/div>\n<p>Los t\u00e9rminos t\u00e9cnicos de referencia (TTR) del proyecto de determinaci\u00f3n estatus y capturas sostenibles de merluza com\u00fan 2024 incluyeron la EEM como un objetivo espec\u00edfico adicional. A pesar de que objetivos similares fueron incluidos en versiones previas de este proyecto, la ejecuci\u00f3n del objetivo IV del proyecto 2023 incluy\u00f3 la asesor\u00eda directa de los consultores de <a href=\"https:\/\/www.bluematterscience.com\/\" rel=\"noopener\" target=\"_blank\">Blue Matter Science Ltd<\/a> quienes desarrollan y mantienen el software <a href=\"https:\/\/www.ifop.cl\/eem\/evaluacion-de-estrategias-de-manejo\/#software\" rel=\"noopener\">openMSE<\/a>.<\/p>\n<p>En agosto de 2023 se realiz\u00f3 en Valpara\u00edso un <a href=\"https:\/\/www.ifop.cl\/eem\/talleres\/#merluzaComun\">taller presencial<\/a> de entrenamiento avanzado en EEM usando el software openMSE. Este taller fue conducido por el Dr. Quang Huynh, analista cuantitativo senior de Blue Matter Science Ltd y estuvo orientado a construir las capacidades de un equipo de investigadores chilenos especializados en EEM. Este grupo de t\u00e9cnicos incluy\u00f3 investigadores del IFOP, el instituto de Investigaci\u00f3n Pesquera de la regi\u00f3n del Biob\u00edo y profesionales de la SUBPESCA.<\/p>\n<p>El taller involucr\u00f3 el estudio aplicado del desempe\u00f1o de estrategias de manejo para la pesquer\u00eda de merluza com\u00fan y la redacci\u00f3n inicial del Documento de Especificaci\u00f3n de las Pruebas de EEM. Este documento describe las especificaciones para los modelos operativos (MO), los procedimientos de manejo candidatos (PMC) y las m\u00e9tricas de desempe\u00f1o (MD) propuestas y que fueron desarrolladas para la pesquer\u00eda de merluza com\u00fan.<\/p>\n<p>Blue Matter Science Ltd, quienes mantienen el software openMSE, tambi\u00e9n ha desarrollado una aplicaci\u00f3n a <a href=\"https:\/\/shiny.posit.co\/\" rel=\"noopener\" target=\"_blank\">Shiny<\/a> App para apoyar el desarrollo de un protocolo de circunstancias excepcionales (<a href=\"https:\/\/cdnsciencepub.com\/doi\/10.1139\/cjfas-2018-0223\" rel=\"noopener\" target=\"_blank\">Carruthers y Hordyk 2019<\/a>) (<a href=\"https:\/\/shiny.bluematterscience.com\/app\/ecp\" rel=\"noopener\" target=\"_blank\">PCE<\/a>), en aquellas situaciones en donde el desarrollo de una EEM ha derivado en la adopci\u00f3n formal (en el plan de manejo de la pesquer\u00eda) de un procedimento de manejo.<\/p>\n<p>En conjunto con Blue Matter Science Ltd tambi\u00e9n se han dersarrollado otras herramientas de software para situaciones espec\u00edficas, como la librer\u00eda de software de R <a href=\"https:\/\/github.com\/Blue-Matter\/SPHMSE\" target=\"_blank\" rel=\"noopener\">SPHMSE<\/a>, especialmente desarrollada para implementar el procedimiento de manejo de la merluza com\u00fan y a fin de calcular la Captura Biol\u00f3gicamente Aceptable utilizando cualquiera de los PM probados en la EEM ejecutada por el IFOP y en particular el PM adoptado por el Comit\u00e9 de Manejo de la pesquer\u00eda.<\/p>\n<div class=\"row mb-3\">\n<div class=\"card \" style=\"background-color: #e3e3e3;color:#828282;\">\n<div class=\"card-body\">\n<h5 class=\"card-title\">Equipo de trabajo<\/h5>\n<div class=\"row\">\n<div class=\"col-2 text-center\"><img decoding=\"async\" src=\"https:\/\/www.ifop.cl\/eem\/wp-content\/uploads\/sites\/25\/2025\/01\/Tascheri_2.jpg\" class=\"img-fluid rounded-circle\" style=\"width: 50%;\"><\/div>\n<div class=\"col\">\n<p class=\"card-text\"><b>Renzo Tascheri, PH.D.<\/b><br \/>Departamento de Evaluacion de Recursos, IFOP<br \/><a href=\"mailto:renzo.tascheri@ifop.cl\">renzo.tascheri@ifop.cl<\/a><\/p>\n<\/p>\n<\/div>\n<div class=\"col-2 text-center\"><\/div>\n<div class=\"col\">\n<p class=\"card-text\">\n<\/div>\n<\/div>\n<\/div>\n<\/div>\n<\/div>\n<div class=\"row mb-3\">\n<div class=\"card \" style=\"background-color: #e3e3e3;color:#828282;\">\n<div class=\"card-body\">\n<h5 class=\"card-title\">Documentos<\/h5>\n<div class=\"row\">\n<div class=\"col text-center\">\n          <img loading=\"lazy\" decoding=\"async\" src=\"https:\/\/www.ifop.cl\/eem\/wp-content\/uploads\/sites\/25\/2025\/01\/pez_cab-1.jpg\" alt=\"\" width=\"129\" height=\"129\" class=\"alignnone size-full wp-image-184\" \/>\n        <\/div>\n<div class=\"col\">\n          <a href=\"https:\/\/www.ifop.cl\/eem\/documentos\/#eem-mc\" rel=\"noopener\"><br \/>\n          <img loading=\"lazy\" decoding=\"async\" src=\"https:\/\/www.ifop.cl\/eem\/wp-content\/uploads\/sites\/25\/2025\/01\/pez_doc.jpg\" alt=\"\" width=\"88\" height=\"99\" class=\"alignnone size-full wp-image-180\" \/><br \/>\n        Documento de especificaciones<\/a><\/div>\n<div class=\"col\">\n           <a href=\"https:\/\/www.ifop.cl\/eem\/documentos\/#inf-mc\" rel=\"noopener\"><br \/>\n          <img loading=\"lazy\" decoding=\"async\" src=\"https:\/\/www.ifop.cl\/eem\/wp-content\/uploads\/sites\/25\/2025\/01\/pez_doc.jpg\" alt=\"\" width=\"88\" height=\"99\" class=\"alignnone size-full wp-image-180\" \/><br \/>\n        Informe Final<\/a><\/div>\n<\/p><\/div>\n<\/p><\/div>\n<\/p><\/div>\n<\/div>\n","protected":false},"excerpt":{"rendered":"<p>Merluza Com\u00fan(Merluccius gayi) Evaluaci\u00f3n de Estrategias de Manejo para la Implementaci\u00f3n del Enfoque Precautorio en Merluza Com\u00fan (Merluccius gayi) en el Contexto de la Ley General de Pesca y Acuicultura. Los t\u00e9rminos t\u00e9cnicos de referencia (TTR) del proyecto de determinaci\u00f3n estatus y capturas sostenibles de merluza com\u00fan 2024 incluyeron la EEM como un objetivo espec\u00edfico adicional. A pesar de que objetivos similares fueron incluidos en versiones previas de este proyecto, la ejecuci\u00f3n del objetivo IV del proyecto 2023 incluy\u00f3 la asesor\u00eda directa de los consultores de Blue Matter Science Ltd quienes desarrollan y mantienen el software openMSE. En agosto de [&hellip;]<\/p>\n","protected":false},"author":27,"featured_media":0,"parent":93,"menu_order":0,"comment_status":"closed","ping_status":"closed","template":"plantilla-minisitio_contenido.php","meta":{"footnotes":""},"class_list":["post-198","page","type-page","status-publish","hentry"],"_links":{"self":[{"href":"https:\/\/www.ifop.cl\/eem\/wp-json\/wp\/v2\/pages\/198"}],"collection":[{"href":"https:\/\/www.ifop.cl\/eem\/wp-json\/wp\/v2\/pages"}],"about":[{"href":"https:\/\/www.ifop.cl\/eem\/wp-json\/wp\/v2\/types\/page"}],"author":[{"embeddable":true,"href":"https:\/\/www.ifop.cl\/eem\/wp-json\/wp\/v2\/users\/27"}],"replies":[{"embeddable":true,"href":"https:\/\/www.ifop.cl\/eem\/wp-json\/wp\/v2\/comments?post=198"}],"version-history":[{"count":22,"href":"https:\/\/www.ifop.cl\/eem\/wp-json\/wp\/v2\/pages\/198\/revisions"}],"predecessor-version":[{"id":425,"href":"https:\/\/www.ifop.cl\/eem\/wp-json\/wp\/v2\/pages\/198\/revisions\/425"}],"up":[{"embeddable":true,"href":"https:\/\/www.ifop.cl\/eem\/wp-json\/wp\/v2\/pages\/93"}],"wp:attachment":[{"href":"https:\/\/www.ifop.cl\/eem\/wp-json\/wp\/v2\/media?parent=198"}],"curies":[{"name":"wp","href":"https:\/\/api.w.org\/{rel}","templated":true}]}}