{"id":134,"date":"2025-01-17T19:16:11","date_gmt":"2025-01-17T19:16:11","guid":{"rendered":"https:\/\/www.ifop.cl\/eem\/?page_id=134"},"modified":"2026-03-18T15:22:32","modified_gmt":"2026-03-18T15:22:32","slug":"sardina-austral","status":"publish","type":"page","link":"https:\/\/www.ifop.cl\/eem\/proyectos\/sardina-austral\/","title":{"rendered":"Sardina Austral"},"content":{"rendered":"<div class=\"card mb-3 border-0 pt-2\">\n<div class=\"row g-0\">\n<div class=\"d-flex align-items-center col-md-6\">\n<div style=\"z-index: 2; margin-left: 10px;\">\n             <img decoding=\"async\" src=\"https:\/\/www.ifop.cl\/eem\/wp-content\/uploads\/sites\/25\/2025\/01\/sardina-austral.png\" alt=\"Merluza del Sur\" style=\"height: 100px; position: relative; z-index: 2;\">\n         <\/div>\n<div style=\"background-color: #64c2c6;margin-left: -90px;color: white;flex-grow: 1;\">\n<h5 class=\"text-light m-0 text-center\">Sardina Austral<br \/>(<i><i class='nomcientifico'>Sprattus fuegensis<\/i><\/i>)<\/h5>\n<\/p><\/div>\n<\/p><\/div>\n<div class=\"col-md-6\">\n<div class=\"card-body\">\n<h5><\/h5>\n<\/p><\/div>\n<\/p><\/div>\n<\/p><\/div>\n<\/div>\n<p>A partir del a\u00f1o 2024, en el contexto del proyecto \u201cEstatus y posibilidades de explotaci\u00f3n biol\u00f3gicamente sustentables de la sardina austral en la Regi\u00f3n de Los Lagos, a\u00f1o 2025\u201d, se ha llevado a cabo una Evaluaci\u00f3n de Estrategias de Manejo (EEM) para la sardina austral de la Regi\u00f3n de Los Lagos. La EEM es una herramienta que permite a cient\u00edficos y administradores simular el funcionamiento de un sistema pesquero y evaluar si las estrategias de captura permiten alcanzar los objetivos de manejo establecidos, considerando la incertidumbre y compensaciones de los objetivos planteados por la pesquer\u00eda y la gobernanza. Para su ejecuci\u00f3n, se cont\u00f3 con la asesor\u00eda de <a href=\"https:\/\/www.bluematterscience.com\/\" target=\"_blank\" rel=\"noopener\">Blue Matter Ltd.<\/a>, una agencia de consultor\u00eda con sede en Canad\u00e1, especializada en la implementaci\u00f3n de MSE mediante el software openMSE.<\/p>\n<p>Dado que la EEM a\u00fan es poco conocida entre las partes interesadas, su implementaci\u00f3n requiri\u00f3 una serie de reuniones con los usuarios de la pesquer\u00eda de sardina austral, orientadas a fortalecer las capacidades en este enfoque. Entre el 11 y el 15 de noviembre, se llev\u00f3 a cabo en Valpara\u00edso un taller h\u00edbrido conducido por el Dr. Quang Huynh, analista senior de Blue Matter, con la participaci\u00f3n de miembros de la SSPA, del Comit\u00e9 Cient\u00edfico, del Comit\u00e9 de Manejo, expertos invitados e investigadores del IFOP.<\/p>\n<p>En este taller, se definieron las principales fuentes de incertidumbre que inciden en la toma de decisiones sobre medidas de manejo, identificando los modelos operativos (MO) y las Reglas de Control de Captura (RCC) que requieren evaluaci\u00f3n mediante openMSE. Adem\u00e1s, se consider\u00f3 simplificar el Procedimiento de Manejo actual, basado en dos hitos intraanuales de asesor\u00eda cient\u00edfica, a un esquema simplificado, fundamentado en reglas emp\u00edricas respaldadas por los cruceros de evaluaci\u00f3n directa.<\/p>\n<p>El desempe\u00f1o del conjunto de Procedimientos de Manejo se evalu\u00f3 mediante m\u00e9tricas de desempe\u00f1o consensuadas por los participantes. Los resultados y acuerdos alcanzados durante el taller se consolidan en el documento titulado &#8220;Especificaci\u00f3n de las pruebas&#8221;, mientras que los resultados de la primera etapa se presentan en el Informe Final del Proyecto.<\/p>\n<div class=\"row mb-3\">\n<div class=\"card \" style=\"background-color: #e3e3e3;color:#828282;\">\n<div class=\"card-body\">\n<h5 class=\"card-title\">Equipo de trabajo<\/h5>\n<div class=\"row\">\n<div class=\"col-2 text-center\"> <img decoding=\"async\" src=\"https:\/\/www.ifop.cl\/wp-content\/contenidos\/uploads\/imagenes\/equipos_de_trabajo\/doris-bucarey-sepulveda.jpg\" class=\"img-fluid rounded-circle\" style=\"width: 50%;\"><\/div>\n<div class=\"col\">\n<p class=\"card-text\"><b>Dorys Bucarey<\/b><br \/>Departamento de Evaluacion de Recursos,IFOP<br \/><a href=\"mailto:dorys.bucarey@ifop.cl\">dorys.bucarey@ifop.cl<\/a><\/p>\n<\/p>\n<\/div>\n<\/div>\n<\/div>\n<\/div>\n<\/div>\n<p class=\"pt-3\">\n<div class=\"row mb-3\">\n<div class=\"card \" style=\"background-color: #e3e3e3;color:#828282;\">\n<div class=\"card-body\">\n<h5 class=\"card-title\">Documentos<\/h5>\n<div class=\"row\">\n<div class=\"col text-center\"><\/div>\n<div class=\"col\">\n          <a href=\"https:\/\/www.ifop.cl\/eem\/documentos\/#eem-sa\"><br \/>\n             <img loading=\"lazy\" decoding=\"async\" src=\"https:\/\/www.ifop.cl\/eem\/wp-content\/uploads\/sites\/25\/2025\/01\/pez_doc.jpg\" alt=\"\" width=\"88\" height=\"99\" class=\"alignnone size-full wp-image-180\" \/><br \/>\n        Documento de especificaciones<\/a><\/div>\n<div class=\"col\">\n          <a href=\"https:\/\/www.ifop.cl\/eem\/documentos\/#eem-sa\"><br \/>\n          <img loading=\"lazy\" decoding=\"async\" src=\"https:\/\/www.ifop.cl\/eem\/wp-content\/uploads\/sites\/25\/2025\/01\/pez_doc.jpg\" alt=\"\" width=\"88\" height=\"99\" class=\"alignnone size-full wp-image-180\" \/><br \/>\n        Informe Final<\/a><\/div>\n<\/p><\/div>\n<\/p><\/div>\n<\/p><\/div>\n<\/div>\n","protected":false},"excerpt":{"rendered":"<p>Sardina Austral(Sprattus fuegensis) A partir del a\u00f1o 2024, en el contexto del proyecto \u201cEstatus y posibilidades de explotaci\u00f3n biol\u00f3gicamente sustentables de la sardina austral en la Regi\u00f3n de Los Lagos, a\u00f1o 2025\u201d, se ha llevado a cabo una Evaluaci\u00f3n de Estrategias de Manejo (EEM) para la sardina austral de la Regi\u00f3n de Los Lagos. La EEM es una herramienta que permite a cient\u00edficos y administradores simular el funcionamiento de un sistema pesquero y evaluar si las estrategias de captura permiten alcanzar los objetivos de manejo establecidos, considerando la incertidumbre y compensaciones de los objetivos planteados por la pesquer\u00eda y la [&hellip;]<\/p>\n","protected":false},"author":27,"featured_media":0,"parent":93,"menu_order":0,"comment_status":"closed","ping_status":"closed","template":"plantilla-minisitio_contenido.php","meta":{"footnotes":""},"class_list":["post-134","page","type-page","status-publish","hentry"],"_links":{"self":[{"href":"https:\/\/www.ifop.cl\/eem\/wp-json\/wp\/v2\/pages\/134"}],"collection":[{"href":"https:\/\/www.ifop.cl\/eem\/wp-json\/wp\/v2\/pages"}],"about":[{"href":"https:\/\/www.ifop.cl\/eem\/wp-json\/wp\/v2\/types\/page"}],"author":[{"embeddable":true,"href":"https:\/\/www.ifop.cl\/eem\/wp-json\/wp\/v2\/users\/27"}],"replies":[{"embeddable":true,"href":"https:\/\/www.ifop.cl\/eem\/wp-json\/wp\/v2\/comments?post=134"}],"version-history":[{"count":22,"href":"https:\/\/www.ifop.cl\/eem\/wp-json\/wp\/v2\/pages\/134\/revisions"}],"predecessor-version":[{"id":500,"href":"https:\/\/www.ifop.cl\/eem\/wp-json\/wp\/v2\/pages\/134\/revisions\/500"}],"up":[{"embeddable":true,"href":"https:\/\/www.ifop.cl\/eem\/wp-json\/wp\/v2\/pages\/93"}],"wp:attachment":[{"href":"https:\/\/www.ifop.cl\/eem\/wp-json\/wp\/v2\/media?parent=134"}],"curies":[{"name":"wp","href":"https:\/\/api.w.org\/{rel}","templated":true}]}}