{"id":131,"date":"2025-01-17T19:13:48","date_gmt":"2025-01-17T19:13:48","guid":{"rendered":"https:\/\/www.ifop.cl\/eem\/?page_id=131"},"modified":"2025-12-05T15:13:34","modified_gmt":"2025-12-05T15:13:34","slug":"merluza-del-sur","status":"publish","type":"page","link":"https:\/\/www.ifop.cl\/eem\/proyectos\/merluza-del-sur\/","title":{"rendered":"Merluza del Sur"},"content":{"rendered":"<div class=\"card mb-3 border-0 pt-2\">\n<div class=\"row g-0\">\n<div class=\"d-flex align-items-center col-md-6\">\n<div style=\"z-index: 2; margin-left: 10px;\">\n             <img decoding=\"async\" src=\"https:\/\/www.ifop.cl\/eem\/wp-content\/uploads\/sites\/25\/2025\/01\/merluza-del-sur.png\" alt=\"Merluza del Sur\" style=\"height: 100px; position: relative; z-index: 2;\">\n         <\/div>\n<div style=\"background-color: #64c2c6;margin-left: -90px;color: white;flex-grow: 1;\">\n<h5 class=\"text-light m-0 text-center\">Merluza del Sur<br \/>(<i class='nomcientifico'>Merluccius australis<\/i>)<\/h5>\n<\/p><\/div>\n<\/p><\/div>\n<div class=\"col-md-6\">\n<div class=\"card-body\">\n<h5>Implementar an\u00e1lisis de Evaluaci\u00f3n de Estrategias de Manejo basado en la plataforma OpenMSE<\/h5>\n<\/p><\/div>\n<\/p><\/div>\n<\/p><\/div>\n<\/div>\n<p>La Ley General de Pesca y Acuicultura (GLFA) de Chile exige planes de manejo pesquero (FMP),  acuerdos vinculantes que especifican los objetivos de manejo para una pesquer\u00eda y describen una  estrategia de manejo que se utilizar\u00e1 para reconstruir o mantener el stock pesquero en un nivel \u00f3ptimo.  El FMP de la merluza austral (<i><i class='nomcientifico'>Merluccius australis<\/i><\/i>) fue aprobado en 2016 (Res. Ex. 3069\/2016 UFA),  e incluye una regla de control de captura con una estrategia de manejo basada en un modelo  estructurado por edad. Sin embargo, el desempe\u00f1o de esta estrategia de manejo a\u00fan no ha sido  evaluado formalmente. La evaluaci\u00f3n de la estrategia de manejo (MSE) es un enfoque que simula un  sistema de manejo pesquero en un modelo computacional y utiliza este modelo para evaluar el  desempe\u00f1o de m\u00e9todos alternativos de evaluaci\u00f3n de stock y reglas de control de captura (estrategias  de manejo) y compararlos con un conjunto de objetivos de manejo previamente acordados, con el  objetivo de identificar un enfoque que sea robusto a la incertidumbre y con mayores probabilidades de  cumplir con los objetivos de manejo a largo plazo para la pesquer\u00eda. El Instituto de Fomento Pesquero  (IFOP) ha recibido el encargo de brindar asesoramiento cient\u00edfico para una estrategia de gesti\u00f3n que  sea adecuada para la pesquer\u00eda de merluza del sur.<\/p>\n<p>Esta actividad tiene los siguientes objetivos:<\/p>\n<ol>\n<li>Presentar a los administradores de pesquer&iacute;as, cient&iacute;ficos del IFOP y miembros del Comit&eacute; Cient&iacute;fico de Pesquer&iacute;as Demersales de Merluza del Sur (CCT-RDZSA) los paquetes de software openMSE.<\/li>\n<li>Desarrollar la capacidad b&aacute;sica en el uso de los paquetes de software openMSE con una aplicaci&oacute;n para la pesquer&iacute;a de merluza del sur.<\/li>\n<li>Brindar asistencia t&eacute;cnica y experiencia para la implementaci&oacute;n de un proceso de MSE para la pesquer&iacute;a de merluza del sur, y para la presentaci&oacute;n de informes y comunicaci&oacute;n de los resultados de MSE.<\/li>\n<li>Comunicar los resultados de MSE a trav&eacute;s de aplicaciones estandarizadas para facilitar el debate entre las partes interesadas, los encargados de formular pol&iacute;ticas y el p&uacute;blico en general, y fomentar la transparencia y la toma de decisiones informada.<\/li>\n<\/ol>\n<div class=\"row mb-3\">\n<div class=\"card \" style=\"background-color: #e3e3e3;color:#828282;\">\n<div class=\"card-body\">\n<h5 class=\"card-title\">Equipo de trabajo<\/h5>\n<div class=\"row\">\n<div class=\"col-2 text-center\"><img decoding=\"async\" src=\"https:\/\/www.ifop.cl\/wp-content\/contenidos\/uploads\/imagenes\/equipos_de_trabajo\/francisco-contreras-mejias.jpg\" class=\"img-fluid rounded-circle\" style=\"width: 50%;\"><\/div>\n<div class=\"col\">\n<p class=\"card-text\"><b>Francisco Contreras.<\/b><br \/>Departamento de Evaluacion de Recursos,IFOP<br \/><a href=\"mailto:francisco.contreras@ifop.cl\">francisco.contreras@ifop.cl<\/a><\/p>\n<\/p>\n<\/div>\n<\/div>\n<\/div>\n<\/div>\n<\/div>\n<p class=\"pt-3\">\n<div class=\"row mb-3\">\n<div class=\"card \" style=\"background-color: #e3e3e3;color:#828282;\">\n<div class=\"card-body\">\n<h5 class=\"card-title\">Documentos<\/h5>\n<div class=\"row\">\n<div class=\"col text-center\">\n          <img loading=\"lazy\" decoding=\"async\" src=\"https:\/\/www.ifop.cl\/eem\/wp-content\/uploads\/sites\/25\/2025\/01\/pez_cab-1.jpg\" alt=\"\" width=\"129\" height=\"129\" class=\"alignnone size-full wp-image-184\" \/>\n        <\/div>\n<div class=\"col\">\n          <a href=\"https:\/\/www.ifop.cl\/eem\/documentos\/#eem-ms\"><img loading=\"lazy\" decoding=\"async\" src=\"https:\/\/www.ifop.cl\/eem\/wp-content\/uploads\/sites\/25\/2025\/01\/pez_doc.jpg\" alt=\"\" width=\"88\" height=\"99\" class=\"alignnone size-full wp-image-180\" \/><br \/>\n        Documento de especificaciones<\/a><\/div>\n<div class=\"col\">\n          <a href=\"https:\/\/www.ifop.cl\/eem\/documentos\/#eem-ms\"><img loading=\"lazy\" decoding=\"async\" src=\"https:\/\/www.ifop.cl\/eem\/wp-content\/uploads\/sites\/25\/2025\/01\/pez_doc.jpg\" alt=\"\" width=\"88\" height=\"99\" class=\"alignnone size-full wp-image-180\" \/><br \/>\n        Informe Final<\/a><\/div>\n<\/p><\/div>\n<\/p><\/div>\n<\/p><\/div>\n<\/div>\n","protected":false},"excerpt":{"rendered":"<p>Merluza del Sur(Merluccius australis) Implementar an\u00e1lisis de Evaluaci\u00f3n de Estrategias de Manejo basado en la plataforma OpenMSE La Ley General de Pesca y Acuicultura (GLFA) de Chile exige planes de manejo pesquero (FMP), acuerdos vinculantes que especifican los objetivos de manejo para una pesquer\u00eda y describen una estrategia de manejo que se utilizar\u00e1 para reconstruir o mantener el stock pesquero en un nivel \u00f3ptimo. El FMP de la merluza austral (Merluccius australis) fue aprobado en 2016 (Res. Ex. 3069\/2016 UFA), e incluye una regla de control de captura con una estrategia de manejo basada en un modelo estructurado por edad. [&hellip;]<\/p>\n","protected":false},"author":27,"featured_media":0,"parent":93,"menu_order":0,"comment_status":"closed","ping_status":"closed","template":"plantilla-minisitio_contenido.php","meta":{"footnotes":""},"class_list":["post-131","page","type-page","status-publish","hentry"],"_links":{"self":[{"href":"https:\/\/www.ifop.cl\/eem\/wp-json\/wp\/v2\/pages\/131"}],"collection":[{"href":"https:\/\/www.ifop.cl\/eem\/wp-json\/wp\/v2\/pages"}],"about":[{"href":"https:\/\/www.ifop.cl\/eem\/wp-json\/wp\/v2\/types\/page"}],"author":[{"embeddable":true,"href":"https:\/\/www.ifop.cl\/eem\/wp-json\/wp\/v2\/users\/27"}],"replies":[{"embeddable":true,"href":"https:\/\/www.ifop.cl\/eem\/wp-json\/wp\/v2\/comments?post=131"}],"version-history":[{"count":14,"href":"https:\/\/www.ifop.cl\/eem\/wp-json\/wp\/v2\/pages\/131\/revisions"}],"predecessor-version":[{"id":490,"href":"https:\/\/www.ifop.cl\/eem\/wp-json\/wp\/v2\/pages\/131\/revisions\/490"}],"up":[{"embeddable":true,"href":"https:\/\/www.ifop.cl\/eem\/wp-json\/wp\/v2\/pages\/93"}],"wp:attachment":[{"href":"https:\/\/www.ifop.cl\/eem\/wp-json\/wp\/v2\/media?parent=131"}],"curies":[{"name":"wp","href":"https:\/\/api.w.org\/{rel}","templated":true}]}}