{"id":117,"date":"2025-01-16T20:53:49","date_gmt":"2025-01-16T20:53:49","guid":{"rendered":"https:\/\/www.ifop.cl\/eem\/?page_id=117"},"modified":"2025-11-18T15:22:38","modified_gmt":"2025-11-18T15:22:38","slug":"anchoveta-norte","status":"publish","type":"page","link":"https:\/\/www.ifop.cl\/eem\/proyectos\/anchoveta-norte\/","title":{"rendered":"Anchoveta Norte"},"content":{"rendered":"<div class=\"card mb-3 border-0 pt-2\">\n<div class=\"row g-0\">\n<div class=\"d-flex align-items-center col-md-6\">\n<div style=\"z-index: 2; margin-left: 10px;\"><img decoding=\"async\" style=\"height: 100px; position: relative; z-index: 2;\" src=\"https:\/\/www.ifop.cl\/eem\/wp-content\/uploads\/sites\/25\/2025\/01\/anchoveta.png\" alt=\"Anchoveta Norte\" \/><\/div>\n<div style=\"background-color: #64c2c6; margin-left: -90px; color: white; flex-grow: 1;\">\n<h5 class=\"text-light m-0 text-center\">Anchoveta Norte<br \/>\n(<i class='nomcientifico'>Engraulis ringens<\/i>)<\/h5>\n<\/div>\n<\/div>\n<div class=\"col-md-6\">\n<div class=\"card-body\">\n<h5>Evaluaci\u00f3n de Estrategias de Manejo para la Implementaci\u00f3n del Enfoque Precautorio en Anchoveta Norte (<i class='nomcientifico'>Engraulis ringens<\/i>) en el Contexto de la Ley General de Pesca y Acuicultura.<\/h5>\n<\/div>\n<\/div>\n<\/div>\n<\/div>\n<p>Los t\u00e9rminos t\u00e9cnicos de referencia (TTR) del proyecto estatus y posibilidades de explotaci\u00f3n biol\u00f3gicamente sustentable de anchoveta y sardina espa\u00f1ola, Regi\u00f3n de Arica y Parinacota a la Regi\u00f3n de Antofagasta, CBA al a\u00f1o 2024 incluyeron la EEM como un objetivo espec\u00edfico V adicional. La ejecuci\u00f3n del objetivo V del proyecto 2023 incluy\u00f3 la asesor\u00eda directa de los consultores de <a href=\"https:\/\/www.bluematterscience.com\/\" target=\"_blank\" rel=\"noopener\"><i class=\"fa-solid fa-arrow-up-right-from-square pe-2\"><\/i>Blue Matter Fisheries Consulting<\/a> quienes desarrollan y mantienen el software <a href=\"https:\/\/openmse.com\/\" target=\"_blank\" rel=\"noopener\"><i class=\"fa-solid fa-arrow-up-right-from-square pe-2\"><\/i>openMSE<\/a>.<\/p>\n<p>La primera actividad para alcanzar este objetivo espec\u00edfico fue introducir los conceptos centrales de la EEM y el uso b\u00e1sico del software. Esta actividad, orientada principalmente a los administradores del departamento de pesquer\u00edas de la SUBPESCA, los investigadores del departamento de evaluaci\u00f3n de recursos del IFOP y a los integrantes de los comit\u00e9s cient\u00edfico-t\u00e9cnicos y de manejo de la pesquer\u00eda de anchoveta norte, fue ejecutada en el formato de un taller telem\u00e1tico en <a href=\"https:\/\/www.ifop.cl\/eem\/wp-content\/uploads\/sites\/25\/2025\/01\/programa_taller_1.jpg\" rel=\"noopener\" target=\"_blank\" class=\"fancybox image\" aria-controls=\"fancybox-wrap\" aria-haspopup=\"dialog\">julio de 2023 <\/a>. El taller introductorio tuvo por objeto familiarizar a las partes interesadas en la pesquer\u00eda con el proceso de EEM en anchoveta norte proveyendo, simult\u00e1neamente, un contexto te\u00f3rico y conceptual y una introducci\u00f3n a la plataforma de software en la que se iban a realizar los an\u00e1lisis de simulaci\u00f3n de la din\u00e1mica de la pesquer\u00eda y el estudio del desempe\u00f1o de estrategias de manejo alternativas.<\/p>\n<p>A fines de julio y comienzo de agosto de 2023 se realiz\u00f3 en Valpara\u00edso un <a href=\"https:\/\/www.ifop.cl\/taller-de-capacitacion-avanzada-en-el-uso-de-software-openmse\" target=\"_blank\" rel=\"noopener\"><i class=\"fa-solid fa-arrow-up-right-from-square pe-2\"><\/i>taller presencial<\/a> de entrenamiento avanzado en EEM usando el software openMSE. Este taller fue conducido por el Dr. Quang Huynh, analista cuantitativo senior de blue matter y estuvo orientado a construir las capacidades de un equipo de investigadores chilenos especializados en EEM. Este grupo de t\u00e9cnicos incluy\u00f3 investigadores del IFOP, el instituto de Investigaci\u00f3n Pesquera de la regi\u00f3n del Biob\u00edo y profesionales de la SUBPESCA.<\/p>\n<p>El taller involucr\u00f3 el estudio aplicado del desempe\u00f1o de estrategias de manejo para la pesquer\u00eda de anchoveta norte y la redacci\u00f3n inicial del Documento de Especificaci\u00f3n de las Pruebas de EEM. Este documento describe las especificaciones para los modelos operativos (MO), los procedimientos de manejo candidatos (PMC) y las m\u00e9tricas de desempe\u00f1o (MD) propuestas y que fueron desarrolladas para la pesquer\u00eda de anchoveta norte. Este es un documento que se encuentra bajo permanente edici\u00f3n y que se seguir\u00e1 actualizando de manera que refleje en todo momento el estado presente del proceso de EEM de anchoveta norte.<\/p>\n<div class=\"row mb-3\">\n<div class=\"card \" style=\"background-color: #e3e3e3; color: #828282;\">\n<div class=\"card-body\">\n<h5 class=\"card-title\">Equipo de trabajo<\/h5>\n<div class=\"row mt-2\">\n<div class=\"col-2 text-center\"><img decoding=\"async\" class=\"img-fluid rounded-circle\" style=\"width: 50%;\" src=\"https:\/\/www.ifop.cl\/eem\/wp-content\/uploads\/sites\/25\/2025\/01\/Fernando-Espindola.jpg\" \/><\/div>\n<div class=\"col\">\n<p class=\"card-text\"><b>Fernando Esp\u00edndola.<\/b><br \/>\nDepartamento de Evaluacion de Recursos, IFOP<br \/>\n<a href=\"mailto:fernando.espindola@ifop.cl\">fernando.espindola@ifop.cl<\/a><\/p>\n<\/div>\n<div class=\"col-2\"><\/div>\n<div class=\"col\"><\/div>\n<\/div>\n<\/div>\n<\/div>\n<\/div>\n<div class=\"row mb-3\">\n<div class=\"card \" style=\"background-color: #e3e3e3; color: #828282;\">\n<div class=\"card-body\">\n<h5 class=\"card-title\">Documentos<\/h5>\n<div class=\"row\">\n<div class=\"col text-center\"><img loading=\"lazy\" decoding=\"async\" class=\"alignnone size-full wp-image-184\" src=\"https:\/\/www.ifop.cl\/eem\/wp-content\/uploads\/sites\/25\/2025\/09\/pez_cab-2.jpg\" alt=\"\" width=\"129\" height=\"129\" \/><\/div>\n<div class=\"col\"><a href=\"https:\/\/www.ifop.cl\/eem\/documentos\/#eem-an\" rel=\"noopener\"><br \/>\n<img loading=\"lazy\" decoding=\"async\" class=\"alignnone size-full wp-image-180\" src=\"https:\/\/www.ifop.cl\/eem\/wp-content\/uploads\/sites\/25\/2025\/01\/pez_doc.jpg\" alt=\"\" width=\"88\" height=\"99\" \/><br \/>\nDocumento de especificaciones<\/a><\/div>\n<div class=\"col\"><a href=\"https:\/\/www.ifop.cl\/eem\/documentos\/#inf-an\" rel=\"noopener\"><br \/>\n<img loading=\"lazy\" decoding=\"async\" class=\"alignnone size-full wp-image-180\" src=\"https:\/\/www.ifop.cl\/eem\/wp-content\/uploads\/sites\/25\/2025\/01\/pez_doc.jpg\" alt=\"\" width=\"88\" height=\"99\" \/><br \/>\nInforme Final<\/a><\/div>\n<\/div>\n<\/div>\n<\/div>\n<\/div>\n","protected":false},"excerpt":{"rendered":"<p>Anchoveta Norte (Engraulis ringens) Evaluaci\u00f3n de Estrategias de Manejo para la Implementaci\u00f3n del Enfoque Precautorio en Anchoveta Norte (Engraulis ringens) en el Contexto de la Ley General de Pesca y Acuicultura. Los t\u00e9rminos t\u00e9cnicos de referencia (TTR) del proyecto estatus y posibilidades de explotaci\u00f3n biol\u00f3gicamente sustentable de anchoveta y sardina espa\u00f1ola, Regi\u00f3n de Arica y Parinacota a la Regi\u00f3n de Antofagasta, CBA al a\u00f1o 2024 incluyeron la EEM como un objetivo espec\u00edfico V adicional. La ejecuci\u00f3n del objetivo V del proyecto 2023 incluy\u00f3 la asesor\u00eda directa de los consultores de Blue Matter Fisheries Consulting quienes desarrollan y mantienen el software [&hellip;]<\/p>\n","protected":false},"author":27,"featured_media":0,"parent":93,"menu_order":0,"comment_status":"closed","ping_status":"closed","template":"plantilla-minisitio_contenido.php","meta":{"footnotes":""},"class_list":["post-117","page","type-page","status-publish","hentry"],"_links":{"self":[{"href":"https:\/\/www.ifop.cl\/eem\/wp-json\/wp\/v2\/pages\/117"}],"collection":[{"href":"https:\/\/www.ifop.cl\/eem\/wp-json\/wp\/v2\/pages"}],"about":[{"href":"https:\/\/www.ifop.cl\/eem\/wp-json\/wp\/v2\/types\/page"}],"author":[{"embeddable":true,"href":"https:\/\/www.ifop.cl\/eem\/wp-json\/wp\/v2\/users\/27"}],"replies":[{"embeddable":true,"href":"https:\/\/www.ifop.cl\/eem\/wp-json\/wp\/v2\/comments?post=117"}],"version-history":[{"count":39,"href":"https:\/\/www.ifop.cl\/eem\/wp-json\/wp\/v2\/pages\/117\/revisions"}],"predecessor-version":[{"id":460,"href":"https:\/\/www.ifop.cl\/eem\/wp-json\/wp\/v2\/pages\/117\/revisions\/460"}],"up":[{"embeddable":true,"href":"https:\/\/www.ifop.cl\/eem\/wp-json\/wp\/v2\/pages\/93"}],"wp:attachment":[{"href":"https:\/\/www.ifop.cl\/eem\/wp-json\/wp\/v2\/media?parent=117"}],"curies":[{"name":"wp","href":"https:\/\/api.w.org\/{rel}","templated":true}]}}