{"id":81,"date":"2016-07-13T17:30:31","date_gmt":"2016-07-13T17:30:31","guid":{"rendered":"http:\/\/oceano.ifop.cl\/cepfa\/?page_id=81"},"modified":"2025-09-26T19:30:50","modified_gmt":"2025-09-26T19:30:50","slug":"equipo-de-trabajo","status":"publish","type":"page","link":"https:\/\/www.ifop.cl\/cepfa\/equipo-de-trabajo\/","title":{"rendered":"Equipo de Trabajo"},"content":{"rendered":"<div class=\"p-3\">\n<strong>Mylena Menanteau Mansilla<\/strong><\/p>\n<p>M\u00e9dico Veterinario, profesional a cargo de la coordinaci\u00f3n y supervisi\u00f3n de ejecuci\u00f3n de bioensayos, necropsia y toma de muestras.<\/p>\n<p>Contacto:\u00a0mylena.menanteau@ifop.cl<\/p>\n<p><strong>Claudia Spinetto Castro<\/strong><\/p>\n<p>M\u00e9dico Veterinario, profesional a cargo de la coordinaci\u00f3n y supervisi\u00f3n de ejecuci\u00f3n de bioensayos, necropsia y toma de muestras.<\/p>\n<p>Contacto:\u00a0claudia.spinetto@ifop.cl<\/p>\n<p><strong>Mario Rivas Flores<\/strong><\/p>\n<p>T\u00e9cnico universitario en Acuicultura, brinda apoyo log\u00edstico en los proyectos de investigaci\u00f3n que se ejecutan en el centro. A su vez, ejecuta labores t\u00e9cnicas, de operaci\u00f3n y mantenci\u00f3n del Centro de Evaluaci\u00f3n de Productos utilizados en la Acuicultura.<\/p>\n<p>Contacto: mario.rivas@ifop.cl<\/p>\n<p><strong>Dany Luis \u00c1lvarez Mill\u00e1n<\/strong><\/p>\n<p>T\u00e9cnico asistente encargado de la recepci\u00f3n y mantenci\u00f3n de peces, vigilancia de la condici\u00f3n productiva, control de par\u00e1metros ambientales, alimentaci\u00f3n, esmoltificaci\u00f3n, extracci\u00f3n de mortalidad desde estanques, a cargo de la operaci\u00f3n y mantenci\u00f3n del Centro de Evaluaci\u00f3n de Productos utilizados en la Acuicultura.<\/p>\n<p>Contacto: danny.alvarez@ifop.cl<\/p>\n<p><strong>Cristian Oyarzo Maldonado<\/strong><\/p>\n<p>T\u00e9cnico nivel superior en Acuicultura, encargado de la recepci\u00f3n y mantenci\u00f3n de peces, vigilancia de la condici\u00f3n productiva, control de par\u00e1metros ambientales, alimentaci\u00f3n, esmoltificaci\u00f3n, extracci\u00f3n de mortalidad desde estanques, brinda apoyo en la operaci\u00f3n y mantenci\u00f3n del Centro de Evaluaci\u00f3n de Productos utilizados en la Acuicultura.<\/p>\n<p>Contacto: cristian.oyarzo@ifop.cl<\/p>\n<p>&nbsp;<\/p>\n\t\t\t\t\t\t<div class=\"gallery_box_single\">\n\t\t\t\t\t\t\t\t\t\t\t\t\t\t\t<div class=\"gallery gllr_grid\" data-gllr-columns=\"6\" data-gllr-border-width=\"5\">\n\t\t\t\t\t\t\t\t\t\t\t\t\t\t\t\t\t\t\t\t<div class=\"gllr_image_row\">\n\t\t\t\t\t\t\t\t\t\t\t\t\t\t\t\t\t\t\t\t\t<div class=\"gllr_image_block\">\n\t\t\t\t\t\t\t\t\t\t\t\t<p style=\"\n\t\t\t\t\t\t\t\t\t\t\t\twidth:170px;height:130px;\t\t\t\t\t\t\t\t\t\t\t\t\">\n\t\t\t\t\t\t\t\t\t\t\t\t\t\t\t\t\t\t\t\t\t\t\t\t\t\t\t\t<a data-fancybox=\"gallery_fancybox_104\" href=\"https:\/\/www.ifop.cl\/cepfa\/wp-content\/uploads\/sites\/6\/2016\/07\/equipo_trabajo_1-1024x576.jpg\" title=\"Loreto Ovalle, en actividades del laboratorio de microbiolog\u00eda\" >\n\t\t\t\t\t\t\t\t\t\t\t\t\t\t\t\t<img loading=\"lazy\" decoding=\"async\" width=\"160\" height=\"120\" style=\"width:160px; height:120px; border-width: 5px; border-color:#F1F1F1;border: 5px solid #F1F1F1\" alt=\"\" title=\"Loreto Ovalle, en actividades del laboratorio de microbiolog\u00eda\" src=\"https:\/\/www.ifop.cl\/cepfa\/wp-content\/uploads\/sites\/6\/2016\/07\/equipo_trabajo_1-160x120.jpg\" rel=\"https:\/\/www.ifop.cl\/cepfa\/wp-content\/uploads\/sites\/6\/2016\/07\/equipo_trabajo_1.jpg\" \/>\t\t\t\t\t\t\t\t\t\t\t\t\t\t\t<\/a>\n\t\t\t\t\t\t\t\t\t\t\t\t\t\t\t\t\t\t\t\t\t\t\t\t\t\t<\/p>\n\t\t\t\t\t\t\t\t\t\t\t\t\t\t\t\t\t\t\t\t\t\t\t<\/div><!-- .gllr_image_block -->\n\t\t\t\t\t\t\t\t\t\t\t\t\t\t\t\t\t\t\t\t\t<div class=\"gllr_image_block\">\n\t\t\t\t\t\t\t\t\t\t\t\t<p style=\"\n\t\t\t\t\t\t\t\t\t\t\t\twidth:170px;height:130px;\t\t\t\t\t\t\t\t\t\t\t\t\">\n\t\t\t\t\t\t\t\t\t\t\t\t\t\t\t\t\t\t\t\t\t\t\t\t\t\t\t\t<a data-fancybox=\"gallery_fancybox_104\" href=\"https:\/\/www.ifop.cl\/cepfa\/wp-content\/uploads\/sites\/6\/2016\/07\/equipo_trabajo_2-577x1024.jpg\" title=\"Danny \u00c1lvarez midiendo par\u00e1metros durante los bioensayos\" >\n\t\t\t\t\t\t\t\t\t\t\t\t\t\t\t\t<img loading=\"lazy\" decoding=\"async\" width=\"160\" height=\"120\" style=\"width:160px; height:120px; border-width: 5px; border-color:#F1F1F1;border: 5px solid #F1F1F1\" alt=\"\" title=\"Danny \u00c1lvarez midiendo par\u00e1metros durante los bioensayos\" src=\"https:\/\/www.ifop.cl\/cepfa\/wp-content\/uploads\/sites\/6\/2016\/07\/equipo_trabajo_2-160x120.jpg\" rel=\"https:\/\/www.ifop.cl\/cepfa\/wp-content\/uploads\/sites\/6\/2016\/07\/equipo_trabajo_2.jpg\" \/>\t\t\t\t\t\t\t\t\t\t\t\t\t\t\t<\/a>\n\t\t\t\t\t\t\t\t\t\t\t\t\t\t\t\t\t\t\t\t\t\t\t\t\t\t<\/p>\n\t\t\t\t\t\t\t\t\t\t\t\t\t\t\t\t\t\t\t\t\t\t\t<\/div><!-- .gllr_image_block -->\n\t\t\t\t\t\t\t\t\t\t\t\t\t\t\t\t\t\t\t\t\t<div class=\"gllr_image_block\">\n\t\t\t\t\t\t\t\t\t\t\t\t<p style=\"\n\t\t\t\t\t\t\t\t\t\t\t\twidth:170px;height:130px;\t\t\t\t\t\t\t\t\t\t\t\t\">\n\t\t\t\t\t\t\t\t\t\t\t\t\t\t\t\t\t\t\t\t\t\t\t\t\t\t\t\t<a data-fancybox=\"gallery_fancybox_104\" href=\"https:\/\/www.ifop.cl\/cepfa\/wp-content\/uploads\/sites\/6\/2016\/07\/equipo_trabajo_3-1024x576.jpg\" title=\"Cristi\u00e1n Oyarzo y Danny \u00c1lvarez midiendo y registrando par\u00e1metros durante los bioensayos\" >\n\t\t\t\t\t\t\t\t\t\t\t\t\t\t\t\t<img loading=\"lazy\" decoding=\"async\" width=\"160\" height=\"120\" style=\"width:160px; height:120px; border-width: 5px; border-color:#F1F1F1;border: 5px solid #F1F1F1\" alt=\"\" title=\"Cristi\u00e1n Oyarzo y Danny \u00c1lvarez midiendo y registrando par\u00e1metros durante los bioensayos\" src=\"https:\/\/www.ifop.cl\/cepfa\/wp-content\/uploads\/sites\/6\/2016\/07\/equipo_trabajo_3-160x120.jpg\" rel=\"https:\/\/www.ifop.cl\/cepfa\/wp-content\/uploads\/sites\/6\/2016\/07\/equipo_trabajo_3.jpg\" \/>\t\t\t\t\t\t\t\t\t\t\t\t\t\t\t<\/a>\n\t\t\t\t\t\t\t\t\t\t\t\t\t\t\t\t\t\t\t\t\t\t\t\t\t\t<\/p>\n\t\t\t\t\t\t\t\t\t\t\t\t\t\t\t\t\t\t\t\t\t\t\t<\/div><!-- .gllr_image_block -->\n\t\t\t\t\t\t\t\t\t\t\t\t\t\t\t\t\t\t\t\t\t<div class=\"gllr_image_block\">\n\t\t\t\t\t\t\t\t\t\t\t\t<p style=\"\n\t\t\t\t\t\t\t\t\t\t\t\twidth:170px;height:130px;\t\t\t\t\t\t\t\t\t\t\t\t\">\n\t\t\t\t\t\t\t\t\t\t\t\t\t\t\t\t\t\t\t\t\t\t\t\t\t\t\t\t<a data-fancybox=\"gallery_fancybox_104\" href=\"https:\/\/www.ifop.cl\/cepfa\/wp-content\/uploads\/sites\/6\/2016\/07\/equipo_trabajo_4-1024x576.jpg\" title=\"Cristian Oyarzo regulando niveles de ox\u00edgeno proporcionado a los estanques\" >\n\t\t\t\t\t\t\t\t\t\t\t\t\t\t\t\t<img loading=\"lazy\" decoding=\"async\" width=\"160\" height=\"120\" style=\"width:160px; height:120px; border-width: 5px; border-color:#F1F1F1;border: 5px solid #F1F1F1\" alt=\"\" title=\"Cristian Oyarzo regulando niveles de ox\u00edgeno proporcionado a los estanques\" src=\"https:\/\/www.ifop.cl\/cepfa\/wp-content\/uploads\/sites\/6\/2016\/07\/equipo_trabajo_4-160x120.jpg\" rel=\"https:\/\/www.ifop.cl\/cepfa\/wp-content\/uploads\/sites\/6\/2016\/07\/equipo_trabajo_4.jpg\" \/>\t\t\t\t\t\t\t\t\t\t\t\t\t\t\t<\/a>\n\t\t\t\t\t\t\t\t\t\t\t\t\t\t\t\t\t\t\t\t\t\t\t\t\t\t<\/p>\n\t\t\t\t\t\t\t\t\t\t\t\t\t\t\t\t\t\t\t\t\t\t\t<\/div><!-- .gllr_image_block -->\n\t\t\t\t\t\t\t\t\t\t\t\t\t\t\t\t\t\t\t\t\t<div class=\"gllr_image_block\">\n\t\t\t\t\t\t\t\t\t\t\t\t<p style=\"\n\t\t\t\t\t\t\t\t\t\t\t\twidth:170px;height:130px;\t\t\t\t\t\t\t\t\t\t\t\t\">\n\t\t\t\t\t\t\t\t\t\t\t\t\t\t\t\t\t\t\t\t\t\t\t\t\t\t\t\t<a data-fancybox=\"gallery_fancybox_104\" href=\"https:\/\/www.ifop.cl\/cepfa\/wp-content\/uploads\/sites\/6\/2016\/07\/equipo_trabajo_5-1024x576.jpg\" title=\"Danny \u00c1lvarez preparando el sensor de par\u00e1metros en sala de bioensayos\" >\n\t\t\t\t\t\t\t\t\t\t\t\t\t\t\t\t<img loading=\"lazy\" decoding=\"async\" width=\"160\" height=\"120\" style=\"width:160px; height:120px; border-width: 5px; border-color:#F1F1F1;border: 5px solid #F1F1F1\" alt=\"\" title=\"Danny \u00c1lvarez preparando el sensor de par\u00e1metros en sala de bioensayos\" src=\"https:\/\/www.ifop.cl\/cepfa\/wp-content\/uploads\/sites\/6\/2016\/07\/equipo_trabajo_5-160x120.jpg\" rel=\"https:\/\/www.ifop.cl\/cepfa\/wp-content\/uploads\/sites\/6\/2016\/07\/equipo_trabajo_5.jpg\" \/>\t\t\t\t\t\t\t\t\t\t\t\t\t\t\t<\/a>\n\t\t\t\t\t\t\t\t\t\t\t\t\t\t\t\t\t\t\t\t\t\t\t\t\t\t<\/p>\n\t\t\t\t\t\t\t\t\t\t\t\t\t\t\t\t\t\t\t\t\t\t\t<\/div><!-- .gllr_image_block -->\n\t\t\t\t\t\t\t\t\t\t\t\t\t\t\t\t\t\t\t\t\t<div class=\"clear\"><\/div>\n\t\t\t\t\t\t\t\t\t\t<\/div><!-- .gllr_image_row -->\n\t\t\t\t\t\t\t\t\t\t\t\t\t\t\t\t\t<\/div><!-- .gallery.clearfix -->\n\t\t\t\t\t\t\t\t\t\t\t\t\t\t<\/div><!-- .gallery_box_single -->\n\t\t\t\t\t\t<div class=\"gllr_clear\"><\/div>\n\t\t\t\t\t\t<\/div>\n","protected":false},"excerpt":{"rendered":"<p>Mylena Menanteau Mansilla M\u00e9dico Veterinario, profesional a cargo de la coordinaci\u00f3n y supervisi\u00f3n de ejecuci\u00f3n de bioensayos, necropsia y toma de muestras. Contacto:\u00a0mylena.menanteau@ifop.cl Claudia Spinetto Castro M\u00e9dico Veterinario, profesional a cargo de la coordinaci\u00f3n y supervisi\u00f3n de ejecuci\u00f3n de bioensayos, necropsia y toma de muestras. Contacto:\u00a0claudia.spinetto@ifop.cl Mario Rivas Flores T\u00e9cnico universitario en Acuicultura, brinda apoyo log\u00edstico en los proyectos de investigaci\u00f3n que se ejecutan en el centro. A su vez, ejecuta labores t\u00e9cnicas, de operaci\u00f3n y mantenci\u00f3n del Centro de Evaluaci\u00f3n de Productos utilizados en la Acuicultura. Contacto: mario.rivas@ifop.cl Dany Luis \u00c1lvarez Mill\u00e1n T\u00e9cnico asistente encargado de la recepci\u00f3n y [&hellip;]<\/p>\n","protected":false},"author":1,"featured_media":0,"parent":0,"menu_order":0,"comment_status":"closed","ping_status":"closed","template":"plantilla-minisitio_contenido.php","meta":{"footnotes":""},"class_list":["post-81","page","type-page","status-publish","hentry"],"_links":{"self":[{"href":"https:\/\/www.ifop.cl\/cepfa\/wp-json\/wp\/v2\/pages\/81"}],"collection":[{"href":"https:\/\/www.ifop.cl\/cepfa\/wp-json\/wp\/v2\/pages"}],"about":[{"href":"https:\/\/www.ifop.cl\/cepfa\/wp-json\/wp\/v2\/types\/page"}],"author":[{"embeddable":true,"href":"https:\/\/www.ifop.cl\/cepfa\/wp-json\/wp\/v2\/users\/1"}],"replies":[{"embeddable":true,"href":"https:\/\/www.ifop.cl\/cepfa\/wp-json\/wp\/v2\/comments?post=81"}],"version-history":[{"count":8,"href":"https:\/\/www.ifop.cl\/cepfa\/wp-json\/wp\/v2\/pages\/81\/revisions"}],"predecessor-version":[{"id":138,"href":"https:\/\/www.ifop.cl\/cepfa\/wp-json\/wp\/v2\/pages\/81\/revisions\/138"}],"wp:attachment":[{"href":"https:\/\/www.ifop.cl\/cepfa\/wp-json\/wp\/v2\/media?parent=81"}],"curies":[{"name":"wp","href":"https:\/\/api.w.org\/{rel}","templated":true}]}}