{"id":6,"date":"2016-01-26T15:01:48","date_gmt":"2016-01-26T15:01:48","guid":{"rendered":"http:\/\/192.168.168.168\/~mmasesorias\/cepfa\/?page_id=6"},"modified":"2025-09-24T14:03:58","modified_gmt":"2025-09-24T14:03:58","slug":"localizacion","status":"publish","type":"page","link":"https:\/\/www.ifop.cl\/cepfa\/localizacion\/","title":{"rendered":"Localizaci\u00f3n"},"content":{"rendered":"<p><\/p>\n<div class=\"p-3\">Ubicado en el Centro Experimental Hueihue, con direcci\u00f3n Manao Rural S\/N, Sector Estero Hueihue, Ancud, Chilo\u00e9, Regi\u00f3n de los Lagos, esta unidad experimental se constituye en una plataforma t\u00e9cnica y cient\u00edfica de apoyo para la labor que ejerce el Instituto de Fomento Pesquero.<\/p>\n<div class=\"col-xs-12 text-center\"><iframe loading=\"lazy\" class=\"actAsDiv\" src=\"https:\/\/maps.google.com\/maps?f=q&amp;source=s_q&amp;hl=es&amp;q=-41.89486%2C%20-73.516158&amp;aq=0&amp;ie=UTF8&amp;t=h&amp;z=15&amp;iwloc= &amp;output=embed\" width=\"600\" height=\"600\" frameborder=\"0\" marginwidth=\"0\" marginheight=\"0\" scrolling=\"no\"><\/iframe><\/div>\n<\/div>\n<p><\/p>","protected":false},"excerpt":{"rendered":"<p>Ubicado en el Centro Experimental Hueihue, con direcci\u00f3n Manao Rural S\/N, Sector Estero Hueihue, Ancud, Chilo\u00e9, Regi\u00f3n de los Lagos, esta unidad experimental se constituye en una plataforma t\u00e9cnica y cient\u00edfica de apoyo para la labor que ejerce el Instituto de Fomento Pesquero.<\/p>\n","protected":false},"author":1,"featured_media":0,"parent":0,"menu_order":0,"comment_status":"closed","ping_status":"closed","template":"plantilla-minisitio_contenido.php","meta":{"footnotes":""},"class_list":["post-6","page","type-page","status-publish","hentry"],"_links":{"self":[{"href":"https:\/\/www.ifop.cl\/cepfa\/wp-json\/wp\/v2\/pages\/6"}],"collection":[{"href":"https:\/\/www.ifop.cl\/cepfa\/wp-json\/wp\/v2\/pages"}],"about":[{"href":"https:\/\/www.ifop.cl\/cepfa\/wp-json\/wp\/v2\/types\/page"}],"author":[{"embeddable":true,"href":"https:\/\/www.ifop.cl\/cepfa\/wp-json\/wp\/v2\/users\/1"}],"replies":[{"embeddable":true,"href":"https:\/\/www.ifop.cl\/cepfa\/wp-json\/wp\/v2\/comments?post=6"}],"version-history":[{"count":7,"href":"https:\/\/www.ifop.cl\/cepfa\/wp-json\/wp\/v2\/pages\/6\/revisions"}],"predecessor-version":[{"id":123,"href":"https:\/\/www.ifop.cl\/cepfa\/wp-json\/wp\/v2\/pages\/6\/revisions\/123"}],"wp:attachment":[{"href":"https:\/\/www.ifop.cl\/cepfa\/wp-json\/wp\/v2\/media?parent=6"}],"curies":[{"name":"wp","href":"https:\/\/api.w.org\/{rel}","templated":true}]}}