{"id":50,"date":"2016-06-02T13:45:46","date_gmt":"2016-06-02T13:45:46","guid":{"rendered":"http:\/\/oceano.ifop.cl\/cepfa\/?page_id=50"},"modified":"2025-09-26T19:42:40","modified_gmt":"2025-09-26T19:42:40","slug":"inicio","status":"publish","type":"page","link":"https:\/\/www.ifop.cl\/cepfa\/","title":{"rendered":"Inicio"},"content":{"rendered":"<h1>Centro de Evaluaci\u00f3n de Productos utilizados en la Acuicultura<\/h1>\n<p>A trav\u00e9s del apoyo de CORFO y su fondo INNOVA Chile, este proyecto tuvo como principal objetivo el establecer e implementar un Centro de Evaluaci\u00f3n para productos biol\u00f3gicos y farmacol\u00f3gicos de uso en la actividad acuicultora. El proyecto que da origen a esta unidad fue el denominado \u201cEstablecimiento e implementaci\u00f3n de un Centro de Evaluaci\u00f3n de Productos Farmacol\u00f3gicos de uso en Acuicultura\u201d (c\u00f3digo 09MCSS-6710).<\/p>\n","protected":false},"excerpt":{"rendered":"<p>Centro de Evaluaci\u00f3n de Productos utilizados en la Acuicultura A trav\u00e9s del apoyo de CORFO y su fondo INNOVA Chile, este proyecto tuvo como principal objetivo el establecer e implementar un Centro de Evaluaci\u00f3n para productos biol\u00f3gicos y farmacol\u00f3gicos de uso en la actividad acuicultora. El proyecto que da origen a esta unidad fue el denominado \u201cEstablecimiento e implementaci\u00f3n de un Centro de Evaluaci\u00f3n de Productos Farmacol\u00f3gicos de uso en Acuicultura\u201d (c\u00f3digo 09MCSS-6710).<\/p>\n","protected":false},"author":1,"featured_media":0,"parent":0,"menu_order":0,"comment_status":"closed","ping_status":"closed","template":"plantilla-minisitio_contenido.php","meta":{"footnotes":""},"class_list":["post-50","page","type-page","status-publish","hentry"],"_links":{"self":[{"href":"https:\/\/www.ifop.cl\/cepfa\/wp-json\/wp\/v2\/pages\/50"}],"collection":[{"href":"https:\/\/www.ifop.cl\/cepfa\/wp-json\/wp\/v2\/pages"}],"about":[{"href":"https:\/\/www.ifop.cl\/cepfa\/wp-json\/wp\/v2\/types\/page"}],"author":[{"embeddable":true,"href":"https:\/\/www.ifop.cl\/cepfa\/wp-json\/wp\/v2\/users\/1"}],"replies":[{"embeddable":true,"href":"https:\/\/www.ifop.cl\/cepfa\/wp-json\/wp\/v2\/comments?post=50"}],"version-history":[{"count":3,"href":"https:\/\/www.ifop.cl\/cepfa\/wp-json\/wp\/v2\/pages\/50\/revisions"}],"predecessor-version":[{"id":139,"href":"https:\/\/www.ifop.cl\/cepfa\/wp-json\/wp\/v2\/pages\/50\/revisions\/139"}],"wp:attachment":[{"href":"https:\/\/www.ifop.cl\/cepfa\/wp-json\/wp\/v2\/media?parent=50"}],"curies":[{"name":"wp","href":"https:\/\/api.w.org\/{rel}","templated":true}]}}