{"id":17,"date":"2018-10-03T03:29:17","date_gmt":"2018-10-03T03:29:17","guid":{"rendered":"https:\/\/www.ifop.cl\/bioproductosmarinos\/?page_id=17"},"modified":"2018-10-16T10:40:05","modified_gmt":"2018-10-16T10:40:05","slug":"que-buscamos","status":"publish","type":"page","link":"https:\/\/www.ifop.cl\/bioproductosmarinos\/que-buscamos\/","title":{"rendered":"\u00bfQu\u00e9 buscamos?"},"content":{"rendered":"<p>Disponibilizar informaci\u00f3n fidedigna a las organizaciones y a la comunidad de la regi\u00f3n, que les permita tomar decisiones claras sobre la posibilidad de crear una nueva l\u00ednea de negocios y\/o instalar una nueva industria en la regi\u00f3n, asociada a la generaci\u00f3n de bioproductos marinos, conectando capacidades nacionales e internacionales que permitan reducir el riesgo e incertidumbre  referida al desarrollo de I+D+i.<\/p>\n","protected":false},"excerpt":{"rendered":"<p>Disponibilizar informaci\u00f3n fidedigna a las organizaciones y a la comunidad de la regi\u00f3n, que les permita tomar decisiones claras sobre la posibilidad de crear una nueva l\u00ednea de negocios y\/o instalar una nueva industria en la regi\u00f3n, asociada a la generaci\u00f3n de bioproductos marinos, conectando capacidades nacionales e internacionales que permitan reducir el riesgo e [&hellip;]<\/p>\n","protected":false},"author":1,"featured_media":0,"parent":0,"menu_order":0,"comment_status":"closed","ping_status":"closed","template":"plantilla_contenido_bioproductos.php","meta":{"footnotes":""},"class_list":["post-17","page","type-page","status-publish","hentry"],"_links":{"self":[{"href":"https:\/\/www.ifop.cl\/bioproductosmarinos\/wp-json\/wp\/v2\/pages\/17"}],"collection":[{"href":"https:\/\/www.ifop.cl\/bioproductosmarinos\/wp-json\/wp\/v2\/pages"}],"about":[{"href":"https:\/\/www.ifop.cl\/bioproductosmarinos\/wp-json\/wp\/v2\/types\/page"}],"author":[{"embeddable":true,"href":"https:\/\/www.ifop.cl\/bioproductosmarinos\/wp-json\/wp\/v2\/users\/1"}],"replies":[{"embeddable":true,"href":"https:\/\/www.ifop.cl\/bioproductosmarinos\/wp-json\/wp\/v2\/comments?post=17"}],"version-history":[{"count":1,"href":"https:\/\/www.ifop.cl\/bioproductosmarinos\/wp-json\/wp\/v2\/pages\/17\/revisions"}],"predecessor-version":[{"id":18,"href":"https:\/\/www.ifop.cl\/bioproductosmarinos\/wp-json\/wp\/v2\/pages\/17\/revisions\/18"}],"wp:attachment":[{"href":"https:\/\/www.ifop.cl\/bioproductosmarinos\/wp-json\/wp\/v2\/media?parent=17"}],"curies":[{"name":"wp","href":"https:\/\/api.w.org\/{rel}","templated":true}]}}