{"id":29,"date":"2016-07-04T17:06:09","date_gmt":"2016-07-04T17:06:09","guid":{"rendered":"http:\/\/oceano.ifop.cl\/abatemolina\/?page_id=29"},"modified":"2025-06-11T16:24:44","modified_gmt":"2025-06-11T16:24:44","slug":"buque-cientifico-abate-molina-cumple-un-cuarto-de-siglo-dedicado-a-la-investigacion","status":"publish","type":"page","link":"https:\/\/www.ifop.cl\/abatemolina\/buque-cientifico-abate-molina-cumple-un-cuarto-de-siglo-dedicado-a-la-investigacion\/","title":{"rendered":"Buque Cient\u00edfico Abate  Molina cumple un cuarto de siglo dedicado a la investigaci\u00f3n"},"content":{"rendered":"<p><center><video autoplay=\"autoplay\" controls=\"controls\" width=\"700\"><source src=\"http:\/\/www.ifop.cl\/wp-content\/contenidos\/uploads\/video\/abate\/25_Aniversario_Abate_Molina_720.mp4\" type=\"video\/mp4\" \/>Su navegador no reproduce video en HTML5.<\/video><\/center><br \/>\n<b>Es considerado los ojos y o\u00eddos \u00a0de Chile en el mar, su funci\u00f3n estrat\u00e9gica es; entregar las bases cient\u00edficas y t\u00e9cnicas para realizar los estudios conducentes a adoptar las medidas de regulaci\u00f3n lo que permite la sustentabilidad de los recursos marinos, producto de\u00a0 sus estudios se establece la condici\u00f3n de las especies \u00a0en t\u00e9rminos de biomasa y condiciones biol\u00f3gicas. Al mismo tiempo se logra conocimiento objetivo de los ecosistemas donde se desarrollan la pesca y la acuicultura. <\/b><\/p>\n<figure id=\"attachment_12432\" aria-describedby=\"caption-attachment-12432\" style=\"width: 300px\" class=\"wp-caption alignleft\"><img loading=\"lazy\" decoding=\"async\" class=\"wp-image-12432 size-medium\" src=\"http:\/\/www.ifop.cl\/wp-content\/contenidos\/uploads\/Abate-Corral-21-300x225.jpg\" alt=\"Abate Corral 2\" width=\"300\" height=\"225\" \/><figcaption id=\"caption-attachment-12432\" class=\"wp-caption-text\">B\/C Abate Molina en bah\u00eda de Corral<\/figcaption><\/figure>\n<p>Lleg\u00f3 a Chile el\u00a0 03 de marzo del a\u00f1o 1991, fue dise\u00f1ado conjuntamente, por\u00a0 t\u00e9cnicos japoneses y chilenos,\u00a0 fue construido en los astilleros MIHO de Jap\u00f3n.\u00a0 Lleva el nombre del sacerdote jesuita Juan Ignacio Molina y Gonz\u00e1lez (1740-1829), considerado el primer Cient\u00edfico Chileno y cuya obra alcanz\u00f3 notable reconocimiento en la comunidad cient\u00edfica de la \u00e9poca y hasta nuestros d\u00edas.<\/p>\n<p>En los 25 a\u00f1os de vida \u00fatil esta plataforma de investigaci\u00f3n ha \u00a0trabajado en el sistema de la corriente de Humboldt y en el sistema estuarino de fiordos y canales australes, abarcando desde Arica hasta Punta Arenas. Ha navegado 707.500 millas n\u00e1uticas, con un promedio anual de 28.300 millas n\u00e1uticas<\/p>\n<p>Ra\u00fal S\u00fanico, Subsecretario de Pesca y Acuicultura, se refiri\u00f3 al barco\u00a0 \u201cel Abate Molina ha sido durante los \u00faltimos a\u00f1os el pilar de la investigaci\u00f3n pesquera nacional, embarcaci\u00f3n que fue entregada por el gobierno de Jap\u00f3n en donaci\u00f3n al gobierno de Chile y\u00a0 es operada por Instituto de Fomento Pesquero (IFOP). Esta nave \u00a0se encuentra plenamente operativa, lo que es resultado de un riguroso plan de mantenci\u00f3n y \u00a0mejoras que ha permitido mantener sus capacidades en el tiempo. Sin duda, el desarrollo de la pesca en nuestro pa\u00eds ha estado de la mano del aporte que hace el Abate Molina y los profesionales del m\u00e1s alto nivel que se embarcan en \u00e9l con el objetivo de entregarnos informaci\u00f3n valiosa y as\u00ed tomar decisiones para su administraci\u00f3n y futuro sustentable&#8221;.<\/p>\n<p>Leonardo N\u00fa\u00f1ez, Director Ejecutivo de IFOP explic\u00f3 \u201cel Abate realiza entre 8 y 10 \u00a0\u00a0cruceros de investigaci\u00f3n cient\u00edfica al a\u00f1o, navega entre 230 y 270 d\u00edas por a\u00f1o,\u00a0\u00a0 la\u00a0 informaci\u00f3n que genera\u00a0 es analizada por profesionales y t\u00e9cnicos del Instituto de Fomento Pesquero, es la base cient\u00edfica que\u00a0 utiliza la Subsecretar\u00eda de Pesca\u201d<\/p>\n<p>Entre sus caracter\u00edsticas t\u00e9cnicas se puede \u00a0mencionar que posee 43,6 metros \u00a0de eslora, un motor de 1400 caballos de fuerza, velocidad de hasta 13 nudos lo que le permite una autonom\u00eda de navegaci\u00f3n de 8 mil millas n\u00e1uticas.<\/p>\n<p>Est\u00e1 equipado con tecnolog\u00eda de \u00faltima generaci\u00f3n en detecci\u00f3n ac\u00fastica submarina con ecosondas cient\u00edficas y de navegaci\u00f3n, sonar omnidireccional, equipos de navegaci\u00f3n y comunicaciones satelitales. Sus equipos oceanogr\u00e1ficos est\u00e1n compuestos por CTDO, botellas oceanogr\u00e1ficas y roseta. Redes de muestreo de plancton. Sus equipamientos de cubierta le permiten obtener muestras de agua hasta m\u00e1s de 1500 metros. Posee artes de pesca de muestreo para realizar faenas de pesca de peces demersales como merluzas o pel\u00e1gicos como jureles, anchovetas y sardinas.<\/p>\n<p>Recientemente el Abate Molina fue sometido a un profundo proceso de actualizaci\u00f3n y alargamiento de vida \u00fatil lo que permite contar con esta plataforma operativa por al menos 10 a\u00f1os m\u00e1s, habi\u00e9ndose renovado sus maquinarias de propulsi\u00f3n y generadores, equipamiento de navegaci\u00f3n, comunicaci\u00f3n e instrumentos cient\u00edficos, adem\u00e1s de adecuaciones estructurales para mejorar su habitabilidad.<\/p>\n<p>Su dotaci\u00f3n la componen 14 tripulantes y16 cient\u00edficos que constituyen el centro del quehacer de esta importante nave del Estado de Chile.<\/p>\n<p>El Poseer\u00a0 plataformas de esta naturaleza es clave para pa\u00edses que son l\u00edderes a escala global en pesca y acuicultura. Chile en este sentido, est\u00e1 incluido entre los pa\u00edses que aportan una mayor proporci\u00f3n de prote\u00ednas de origen marino a las demandas existentes a nivel global.<\/p>","protected":false},"excerpt":{"rendered":"<p>Su navegador no reproduce video en HTML5. Es considerado los ojos y o\u00eddos \u00a0de Chile en el mar, su funci\u00f3n estrat\u00e9gica es; entregar las bases cient\u00edficas y t\u00e9cnicas para realizar los estudios conducentes a adoptar las medidas de regulaci\u00f3n lo que permite la sustentabilidad de los recursos marinos, producto de\u00a0 sus estudios se establece la condici\u00f3n de las especies \u00a0en t\u00e9rminos de biomasa y condiciones biol\u00f3gicas. Al mismo tiempo se logra conocimiento objetivo de los ecosistemas donde se desarrollan la pesca y la acuicultura. Lleg\u00f3 a Chile el\u00a0 03 de marzo del a\u00f1o 1991, fue dise\u00f1ado conjuntamente, por\u00a0 t\u00e9cnicos japoneses [&hellip;]<\/p>\n","protected":false},"author":1,"featured_media":0,"parent":0,"menu_order":0,"comment_status":"closed","ping_status":"closed","template":"plantilla-minisitio_contenido.php","meta":{"footnotes":""},"class_list":["post-29","page","type-page","status-publish","hentry"],"_links":{"self":[{"href":"https:\/\/www.ifop.cl\/abatemolina\/wp-json\/wp\/v2\/pages\/29"}],"collection":[{"href":"https:\/\/www.ifop.cl\/abatemolina\/wp-json\/wp\/v2\/pages"}],"about":[{"href":"https:\/\/www.ifop.cl\/abatemolina\/wp-json\/wp\/v2\/types\/page"}],"author":[{"embeddable":true,"href":"https:\/\/www.ifop.cl\/abatemolina\/wp-json\/wp\/v2\/users\/1"}],"replies":[{"embeddable":true,"href":"https:\/\/www.ifop.cl\/abatemolina\/wp-json\/wp\/v2\/comments?post=29"}],"version-history":[{"count":4,"href":"https:\/\/www.ifop.cl\/abatemolina\/wp-json\/wp\/v2\/pages\/29\/revisions"}],"predecessor-version":[{"id":64,"href":"https:\/\/www.ifop.cl\/abatemolina\/wp-json\/wp\/v2\/pages\/29\/revisions\/64"}],"wp:attachment":[{"href":"https:\/\/www.ifop.cl\/abatemolina\/wp-json\/wp\/v2\/media?parent=29"}],"curies":[{"name":"wp","href":"https:\/\/api.w.org\/{rel}","templated":true}]}}