{"id":18,"date":"2016-07-04T16:26:23","date_gmt":"2016-07-04T16:26:23","guid":{"rendered":"http:\/\/oceano.ifop.cl\/abatemolina\/?page_id=18"},"modified":"2025-06-11T16:24:46","modified_gmt":"2025-06-11T16:24:46","slug":"historia","status":"publish","type":"page","link":"https:\/\/www.ifop.cl\/abatemolina\/historia\/","title":{"rendered":"Historia"},"content":{"rendered":"<p><figure id=\"attachment_19\" aria-describedby=\"caption-attachment-19\" style=\"width: 300px\" class=\"wp-caption alignleft\"><a href=\"https:\/\/www.ifop.cl\/wp-content\/uploads\/2022\/04\/abate-22.jpeg\" rel=\"18\"><img loading=\"lazy\" decoding=\"async\" class=\"wp-image-19 size-medium\" src=\"https:\/\/www.ifop.cl\/wp-content\/uploads\/2022\/04\/abate-22-300x200.jpeg\" alt=\"Abate Molina\" width=\"300\" height=\"225\" \/><\/a><figcaption id=\"caption-attachment-19\" class=\"wp-caption-text\">buque cient\u00edfico Abate Molina<\/figcaption><\/figure><\/p>\n<p>El buque cient\u00edfico \u201cAbate Molina\u201d fue\u00a0 donado por el gobierno de Jap\u00f3n al Gobierno de Chile, fue dise\u00f1ado ,conjuntamente, por experimentados t\u00e9cnicos japoneses y chilenos,\u00a0 construido en los legendarios astilleros MIHO de Jap\u00f3n, botado al agua el 10 de noviembre de 1990, terminado en enero del 1991 y lleg\u00f3 a Chile el 03 de marzo del a\u00f1o 1991. A contar de ese a\u00f1o es administrado y operado por el Instituto de Fomento Pesquero.<\/p>\n<p>El buque lleva el nombre del sacerdote jesuita <a href=\"http:\/\/www.memoriachilena.cl\/602\/w3-article-590.html\" target=\"_blank\" rel=\"noopener noreferrer\">Juan Ignacio Molina y Gonz\u00e1lez<\/a> (1740-1829), considerado el primer Cient\u00edfico Chileno y cuya obra alcanz\u00f3 notable reconocimiento en la comunidad cient\u00edfica de la \u00e9poca y hasta nuestros d\u00edas, especialmente con la descripci\u00f3n de 172 especies de la flora y fauna de nuestro pa\u00eds, incluidas las marinas.<\/p>\n<p>En los \u00faltimos 10 a\u00f1os, el Abate Molina ha realizado 11 cruceros anuales navegando en promedio 243 d\u00edas por a\u00f1o. Llegando a navegar entre 277 y 289 d\u00edas entre los a\u00f1os 2006 y 2009. <\/p>\n<p>En el a\u00f1o 2016 y a la fecha de hoy, el Abate ya ha realizado 5 cruceros completando 139 d\u00edas de operaci\u00f3n.<\/p>\n<div class=\"row\">\n<div class=\"col-md-8\">\n<div class=\"panel panel-default\">\n<div class=\"panel-heading\">Caracter\u00edsticas del Buque<\/div>\n<div class=\"panel-body\">\n<div class=\"col-md-6\" style=\"padding-right: 20px; border-right: 1px solid #ccc;\">\n<ul>\n<li><b>Bandera<\/b>: CHILE<\/li>\n<li><b>A\u00f1o de construcci\u00f3n<\/b>: 1991<\/li>\n<li><b>Eslora Total<\/b>: 43.6m<\/li>\n<li><b>Calado<\/b>: 3.5m<\/li>\n<li><b>Registro Bruto<\/b>: 426 toneladas<\/li>\n<li><b>Tripulaci\u00f3n<\/b>: 15 personas<\/li>\n<li><b>Velocidad (M\u00e1xima \/ Media)<\/b>: 6.0 \/ 5.6 knots<\/li>\n<\/ul><\/div>\n<div class=\"col-md-6\">\n<ul>\n<li><b>Puerto base<\/b>: VALPARAISO<\/li>\n<li><b>Constructor<\/b>: Miho Shipyard Co., Ltda.<\/li>\n<li><b>Identificativo de llamada<\/b>: CB4633<\/li>\n<li><b>Manga M\u00e1xima<\/b>: 8.3m<\/li>\n<li><b>Tonelaje Neto<\/b>: 128 toneladas<\/li>\n<li><b>Personal Cient\u00edfico<\/b>: 15 personas<\/li>\n<li><b>Autonom\u00eda<\/b>: 8.000 millas n\u00e1uticas<\/li>\n<\/ul><\/div>\n<\/p><\/div>\n<\/p><\/div>\n<\/p><\/div>\n<\/div>\n<p><\/p>","protected":false},"excerpt":{"rendered":"<p>El buque cient\u00edfico \u201cAbate Molina\u201d fue\u00a0 donado por el gobierno de Jap\u00f3n al Gobierno de Chile, fue dise\u00f1ado ,conjuntamente, por experimentados t\u00e9cnicos japoneses y chilenos,\u00a0 construido en los legendarios astilleros MIHO de Jap\u00f3n, botado al agua el 10 de noviembre de 1990, terminado en enero del 1991 y lleg\u00f3 a Chile el 03 de marzo del a\u00f1o 1991. A contar de ese a\u00f1o es administrado y operado por el Instituto de Fomento Pesquero. El buque lleva el nombre del sacerdote jesuita Juan Ignacio Molina y Gonz\u00e1lez (1740-1829), considerado el primer Cient\u00edfico Chileno y cuya obra alcanz\u00f3 notable reconocimiento en la [&hellip;]<\/p>\n","protected":false},"author":1,"featured_media":19,"parent":0,"menu_order":0,"comment_status":"closed","ping_status":"closed","template":"plantilla-minisitio_contenido.php","meta":{"footnotes":""},"class_list":["post-18","page","type-page","status-publish","has-post-thumbnail","hentry"],"_links":{"self":[{"href":"https:\/\/www.ifop.cl\/abatemolina\/wp-json\/wp\/v2\/pages\/18"}],"collection":[{"href":"https:\/\/www.ifop.cl\/abatemolina\/wp-json\/wp\/v2\/pages"}],"about":[{"href":"https:\/\/www.ifop.cl\/abatemolina\/wp-json\/wp\/v2\/types\/page"}],"author":[{"embeddable":true,"href":"https:\/\/www.ifop.cl\/abatemolina\/wp-json\/wp\/v2\/users\/1"}],"replies":[{"embeddable":true,"href":"https:\/\/www.ifop.cl\/abatemolina\/wp-json\/wp\/v2\/comments?post=18"}],"version-history":[{"count":15,"href":"https:\/\/www.ifop.cl\/abatemolina\/wp-json\/wp\/v2\/pages\/18\/revisions"}],"predecessor-version":[{"id":99,"href":"https:\/\/www.ifop.cl\/abatemolina\/wp-json\/wp\/v2\/pages\/18\/revisions\/99"}],"wp:featuredmedia":[{"embeddable":true,"href":"https:\/\/www.ifop.cl\/abatemolina\/wp-json\/wp\/v2\/media\/19"}],"wp:attachment":[{"href":"https:\/\/www.ifop.cl\/abatemolina\/wp-json\/wp\/v2\/media?parent=18"}],"curies":[{"name":"wp","href":"https:\/\/api.w.org\/{rel}","templated":true}]}}