{"id":13,"date":"2016-07-04T16:15:32","date_gmt":"2016-07-04T16:15:32","guid":{"rendered":"http:\/\/oceano.ifop.cl\/abatemolina\/?page_id=13"},"modified":"2025-06-11T16:29:32","modified_gmt":"2025-06-11T16:29:32","slug":"inicio","status":"publish","type":"page","link":"https:\/\/www.ifop.cl\/abatemolina\/","title":{"rendered":"Inicio"},"content":{"rendered":"<p><\/p>\n<div class=\"row ms_descripcion\">\n<div class=\"col-12 text-center\">\n<h1>Abate Molina<\/h1>\n<\/div>\n<div class=\"col\">\n<p>Es considerado los ojos y o\u00eddos  de Chile en el mar, su funci\u00f3n estrat\u00e9gica es; entregar las bases cient\u00edficas y t\u00e9cnicas para realizar los estudios conducentes a adoptar las medidas de regulaci\u00f3n lo que permite la sustentabilidad de los recursos marinos, producto de  sus estudios se establece la condici\u00f3n de las especies  en t\u00e9rminos de biomasa y condiciones biol\u00f3gicas.<\/p>\n<\/div>\n<\/div>\n<p><\/p>","protected":false},"excerpt":{"rendered":"<p>Abate Molina Es considerado los ojos y o\u00eddos de Chile en el mar, su funci\u00f3n estrat\u00e9gica es; entregar las bases cient\u00edficas y t\u00e9cnicas para realizar los estudios conducentes a adoptar las medidas de regulaci\u00f3n lo que permite la sustentabilidad de los recursos marinos, producto de sus estudios se establece la condici\u00f3n de las especies en t\u00e9rminos de biomasa y condiciones biol\u00f3gicas.<\/p>\n","protected":false},"author":1,"featured_media":0,"parent":0,"menu_order":0,"comment_status":"closed","ping_status":"closed","template":"plantilla-minisitio_contenido.php","meta":{"footnotes":""},"class_list":["post-13","page","type-page","status-publish","hentry"],"_links":{"self":[{"href":"https:\/\/www.ifop.cl\/abatemolina\/wp-json\/wp\/v2\/pages\/13"}],"collection":[{"href":"https:\/\/www.ifop.cl\/abatemolina\/wp-json\/wp\/v2\/pages"}],"about":[{"href":"https:\/\/www.ifop.cl\/abatemolina\/wp-json\/wp\/v2\/types\/page"}],"author":[{"embeddable":true,"href":"https:\/\/www.ifop.cl\/abatemolina\/wp-json\/wp\/v2\/users\/1"}],"replies":[{"embeddable":true,"href":"https:\/\/www.ifop.cl\/abatemolina\/wp-json\/wp\/v2\/comments?post=13"}],"version-history":[{"count":5,"href":"https:\/\/www.ifop.cl\/abatemolina\/wp-json\/wp\/v2\/pages\/13\/revisions"}],"predecessor-version":[{"id":111,"href":"https:\/\/www.ifop.cl\/abatemolina\/wp-json\/wp\/v2\/pages\/13\/revisions\/111"}],"wp:attachment":[{"href":"https:\/\/www.ifop.cl\/abatemolina\/wp-json\/wp\/v2\/media?parent=13"}],"curies":[{"name":"wp","href":"https:\/\/api.w.org\/{rel}","templated":true}]}}