{"id":29,"date":"2016-07-04T17:06:09","date_gmt":"2016-07-04T17:06:09","guid":{"rendered":"http:\/\/oceano.ifop.cl\/abatemolina\/?page_id=29"},"modified":"2025-06-11T16:24:44","modified_gmt":"2025-06-11T16:24:44","slug":"buque-cientifico-abate-molina-cumple-un-cuarto-de-siglo-dedicado-a-la-investigacion","status":"publish","type":"page","link":"https:\/\/www.ifop.cl\/abatemolina\/en\/buque-cientifico-abate-molina-cumple-un-cuarto-de-siglo-dedicado-a-la-investigacion\/","title":{"rendered":"(Espa\u00f1ol) Buque Cient\u00edfico Abate  Molina cumple un cuarto de siglo dedicado a la investigaci\u00f3n"},"content":{"rendered":"<p class=\"qtranxs-available-languages-message qtranxs-available-languages-message-en\">Sorry, this entry is only available in <a href=\"https:\/\/www.ifop.cl\/abatemolina\/es\/wp-json\/wp\/v2\/pages\/29\" class=\"qtranxs-available-language-link qtranxs-available-language-link-es\" title=\"Espa\u00f1ol\">Espa\u00f1ol<\/a>.<\/p>","protected":false},"excerpt":{"rendered":"<p>Sorry, this entry is only available in Espa\u00f1ol.<\/p>\n","protected":false},"author":1,"featured_media":0,"parent":0,"menu_order":0,"comment_status":"closed","ping_status":"closed","template":"plantilla-minisitio_contenido.php","meta":{"footnotes":""},"class_list":["post-29","page","type-page","status-publish","hentry"],"_links":{"self":[{"href":"https:\/\/www.ifop.cl\/abatemolina\/en\/wp-json\/wp\/v2\/pages\/29"}],"collection":[{"href":"https:\/\/www.ifop.cl\/abatemolina\/en\/wp-json\/wp\/v2\/pages"}],"about":[{"href":"https:\/\/www.ifop.cl\/abatemolina\/en\/wp-json\/wp\/v2\/types\/page"}],"author":[{"embeddable":true,"href":"https:\/\/www.ifop.cl\/abatemolina\/en\/wp-json\/wp\/v2\/users\/1"}],"replies":[{"embeddable":true,"href":"https:\/\/www.ifop.cl\/abatemolina\/en\/wp-json\/wp\/v2\/comments?post=29"}],"version-history":[{"count":4,"href":"https:\/\/www.ifop.cl\/abatemolina\/en\/wp-json\/wp\/v2\/pages\/29\/revisions"}],"predecessor-version":[{"id":64,"href":"https:\/\/www.ifop.cl\/abatemolina\/en\/wp-json\/wp\/v2\/pages\/29\/revisions\/64"}],"wp:attachment":[{"href":"https:\/\/www.ifop.cl\/abatemolina\/en\/wp-json\/wp\/v2\/media?parent=29"}],"curies":[{"name":"wp","href":"https:\/\/api.w.org\/{rel}","templated":true}]}}